{"id":73527,"date":"2026-05-07T12:24:30","date_gmt":"2026-05-07T10:24:30","guid":{"rendered":"https:\/\/www.frankeurope.com\/frank-academy-registration\/"},"modified":"2026-05-08T13:10:43","modified_gmt":"2026-05-08T11:10:43","slug":"frank-academy-inscription","status":"publish","type":"page","link":"https:\/\/www.frankeurope.com\/fr\/frank-academy-inscription\/","title":{"rendered":"FRANK Academy Inscription"},"content":{"rendered":"<div class=\"wpb-content-wrapper\"><p>[vc_row][vc_column]\t<div class='user-registration ur-frontend-form  ur-frontend-form--rounded ' id='user-registration-form-73411'>\n\t\t\t\t\t<span class=\"user-registration-registration-title\"> Register <\/span> <\/br><p class=\"user-registration-registration-description\"> Fill the form below to create an account. <\/p>\t\t\t<form method='post' class='register' data-form-id=\"73411\"\n\t\t\t\tdata-enable-strength-password=\"1\" data-minimum-password-strength=\"2\"\n\t\t\t\t\t\t\t\t\t\t\t\t\t\t\t data-captcha-enabled=\"\">\n\n\t\t\t\t<div class=\"ur-form-row\" data-row-id=\"0\">\t\t\t\t\t\t\t<div class=\"ur-form-grid ur-grid-1\"\n\t\t\t\t\t\t\t\tstyle=\"width:48%\">\n\t\t\t\t\t\t\t\t\t\t\t\t\t\t\t\t<div  data-field-id=\"first_name\" class=\"ur-field-item field-first_name \" data-ref-id=\"first_name\" data-field-pattern-enabled=\"0\" data-field-pattern-value=\" \" data-field-pattern-message=\" \">\n\t\t\t\t\t\t\t\t\t\t<div class=\"form-row validate-required\" id=\"first_name_field\" data-priority=\"\" ><label for=\"first_name\" class=\"ur-label\">Pr\u00e9nom <abbr class=\"required\" title=\"required\">*<\/abbr><\/label> <span class=\"input-wrapper\"> <input  data-rules=\"\" data-id=\"first_name\" type=\"text\" class=\"input-text   input-text ur-frontend-field  \" name=\"first_name\" id=\"first_name\" placeholder=\"\"  value=\"\" required=\"required\" data-label=\"Pr\u00e9nom\" \/> <\/span> <\/div>\t\t\t\t\t\t\t\t\t<\/div>\n\t\t\t\t\t\t\t\t\t\t\t\t\t\t\t\t\t\t<div  data-field-id=\"last_name\" class=\"ur-field-item field-last_name \" data-ref-id=\"last_name\" data-field-pattern-enabled=\"0\" data-field-pattern-value=\" \" data-field-pattern-message=\" \">\n\t\t\t\t\t\t\t\t\t\t<div class=\"form-row validate-required\" id=\"last_name_field\" data-priority=\"\" ><label for=\"last_name\" class=\"ur-label\">Nom de famille <abbr class=\"required\" title=\"required\">*<\/abbr><\/label> <span class=\"input-wrapper\"> <input  data-rules=\"\" data-id=\"last_name\" type=\"text\" class=\"input-text   input-text ur-frontend-field  \" name=\"last_name\" id=\"last_name\" placeholder=\"\"  value=\"\" required=\"required\" data-label=\"Nom de famille\" \/> <\/span> <\/div>\t\t\t\t\t\t\t\t\t<\/div>\n\t\t\t\t\t\t\t\t\t\t\t\t\t\t\t\t\t\t<div  data-field-id=\"firma\" class=\"ur-field-item field-text \" data-ref-id=\"firma\" data-field-pattern-enabled=\"0\" data-field-pattern-value=\" \" data-field-pattern-message=\" \">\n\t\t\t\t\t\t\t\t\t\t<div class=\"form-row validate-required\" id=\"firma_field\" data-priority=\"\" ><label for=\"firma\" class=\"ur-label\">Nom de l'entreprise \/ Mus\u00e9e <abbr class=\"required\" title=\"required\">*<\/abbr><\/label> <span class=\"input-wrapper\"> <input  data-rules=\"\" data-id=\"firma\" type=\"text\" class=\"input-text   input-text ur-frontend-field  \" name=\"firma\" id=\"firma\" placeholder=\"\"  value=\"\" required=\"required\" data-label=\"Nom de l&#039;entreprise \/ Mus\u00e9e\" \/> <\/span> <\/div>\t\t\t\t\t\t\t\t\t<\/div>\n\t\t\t\t\t\t\t\t\t\t\t\t\t\t\t\t\t\t<div  data-field-id=\"input_box_1778151163\" class=\"ur-field-item field-text \" data-ref-id=\"input_box_1778151163\" data-field-pattern-enabled=\"0\" data-field-pattern-value=\" \" data-field-pattern-message=\" \">\n\t\t\t\t\t\t\t\t\t\t<div class=\"form-row validate-required\" id=\"input_box_1778151163_field\" data-priority=\"\" ><label for=\"input_box_1778151163\" class=\"ur-label\">Fonction <abbr class=\"required\" title=\"required\">*<\/abbr><\/label> <span class=\"input-wrapper\"> <input  data-rules=\"\" data-id=\"input_box_1778151163\" type=\"text\" class=\"input-text   input-text ur-frontend-field  \" name=\"input_box_1778151163\" id=\"input_box_1778151163\" placeholder=\"\"  value=\"\" required=\"required\" data-label=\"Fonction\" \/> <\/span> <\/div>\t\t\t\t\t\t\t\t\t<\/div>\n\t\t\t\t\t\t\t\t\t\t\t\t\t\t\t\t<\/div>\n\t\t\t\t\t\t\t\t\t\t\t\t\t\t<div class=\"ur-form-grid ur-grid-2\"\n\t\t\t\t\t\t\t\tstyle=\"width:48%\">\n\t\t\t\t\t\t\t\t\t\t\t\t\t\t\t\t<div  data-field-id=\"user_email\" class=\"ur-field-item field-user_email \" data-ref-id=\"user_email\" data-field-pattern-enabled=\"0\" data-field-pattern-value=\" \" data-field-pattern-message=\" \">\n\t\t\t\t\t\t\t\t\t\t<div class=\"form-row validate-required\" id=\"user_email_field\" data-priority=\"\" ><label for=\"user_email\" class=\"ur-label\">E-mail <abbr class=\"required\" title=\"required\">*<\/abbr><\/label> <span class=\"input-wrapper\"> <input  data-rules=\"\" data-id=\"user_email\" type=\"email\" class=\"input-text   input-email ur-frontend-field  \" name=\"user_email\" id=\"user_email\" placeholder=\"\"  value=\"\" required=\"required\" data-label=\"E-mail\" \/> <\/span> <\/div>\t\t\t\t\t\t\t\t\t<\/div>\n\t\t\t\t\t\t\t\t\t\t\t\t\t\t\t\t\t\t<div  data-field-id=\"user_login\" class=\"ur-field-item field-user_login \" data-ref-id=\"user_login\" data-field-pattern-enabled=\"0\" data-field-pattern-value=\" \" data-field-pattern-message=\" \">\n\t\t\t\t\t\t\t\t\t\t<div class=\"form-row validate-required\" id=\"user_login_field\" data-priority=\"\" ><label for=\"user_login\" class=\"ur-label\">Nom d'utilisateur <abbr class=\"required\" title=\"required\">*<\/abbr><\/label> <span class=\"input-wrapper\"> <input  data-rules=\"\" data-id=\"user_login\" type=\"text\" class=\"input-text   input-text ur-frontend-field  \" name=\"user_login\" id=\"user_login\" placeholder=\"\"  value=\"\" required=\"required\" data-label=\"Nom d&#039;utilisateur\" data-username-character=\"1\"\/> <\/span> <\/div>\t\t\t\t\t\t\t\t\t<\/div>\n\t\t\t\t\t\t\t\t\t\t\t\t\t\t\t\t\t\t<div  data-field-id=\"user_pass\" class=\"ur-field-item field-user_pass \" data-ref-id=\"user_pass\" data-field-pattern-enabled=\"0\" data-field-pattern-value=\" \" data-field-pattern-message=\" \">\n\t\t\t\t\t\t\t\t\t\t<div class=\"form-row validate-required hide_show_password\" id=\"user_pass_field\" data-priority=\"\"><label for=\"user_pass\" class=\"ur-label\">Mot de passe utilisateur <abbr class=\"required\" title=\"required\">*<\/abbr><\/label> <span class=\"input-wrapper\"> <span class=\"password-input-group input-form-field-icons\"><input data-rules=\"\" data-id=\"user_pass\" type=\"password\" class=\"input-text  input-password ur-frontend-field  \" name=\"user_pass\" id=\"user_pass\" placeholder=\"\"  value=\"\" required=\"required\" data-label=\"Mot de passe utilisateur\" \/><a href=\"javaScript:void(0)\" class=\"password_preview dashicons dashicons-hidden\" title=\" Show password \"><\/a><\/span> <\/span> <\/div>\t\t\t\t\t\t\t\t\t<\/div>\n\t\t\t\t\t\t\t\t\t\t\t\t\t\t\t\t\t\t<div  data-field-id=\"membership_field_1778144754\" class=\"ur-field-item field-membership \" data-ref-id=\"membership_field_1778144754\" data-field-pattern-enabled=\"0\" data-field-pattern-value=\" \" data-field-pattern-message=\" \">\n\t\t\t\t\t\t\t\t\t\t<div class=\"notice-container\">\n\t<div class=\"notice_red\">\n\t\t<span class=\"notice_message\"><\/span>\n\t\t<span class=\"close_notice\">&times;<\/span>\n\t<\/div>\n\n\t\t<input type=\"hidden\" id=\"urm-redirect-url\" name=\"ur-redirect-url\"\n\t\t   value=\"https:\/\/www.frankeurope.com\/fr\/frank-academy\/\"\/>\n<\/div>\n<!--user registration section-->\n<div id=\"ur-membership-registration\" class=\"ur_membership_registration_container ur-form-container\">\n\t\n\t<!--\tmembership-->\n\t<div id=\"urm-membership-list\" class=\"ur_membership_frontend_input_container radio\">\n\n\t\t<label\n\t\t\tclass=\"ur-label ur_membership_input_label required\">Champ d&#039;adh\u00e9sion\t\t\t<abbr class=\"required\" title=\"required\">*<\/abbr>\n\t\t\t\t\t<\/label>\n\t\t<span class=\"description\">\n\t\t\t\t\t<\/span>\n\t\t\t\t\t\t<label class=\"ur_membership_input_label ur-label ur-normal-pricing\"\n\t\t\t\t\t\tfor=\"ur-membership-select-membership-73418\"\n\t\t\t\t\t\tdata-membership-id=\"73418\">\n\t\t\t\t\t<input class=\"ur_membership_input_class ur_membership_radio_input ur-frontend-field\"\n\t\t\t\t\t\t\tdata-key-name=\"ur-membership-id\"\n\t\t\t\t\t\t\tid=\"ur-membership-select-membership-73418\"\n\t\t\t\t\t\t\ttype=\"radio\"\n\t\t\t\t\t\t\tname=\"urm_membership\"\n\t\t\t\t\t\t\tdata-name=membership_field_1778144754\t\t\t\t\t\t\tdata-label=membership\t\t\t\t\t\t\trequired=\"required\"\n\t\t\t\t\t\t\tvalue=\"73418\"\n\t\t\t\t\t\t\tdata-urm-pg=''\n\t\t\t\t\t\t\tdata-urm-pg-type=\"free\"\n\t\t\t\t\t\t\tdata-urm-membership-amount=\"0\"\n\t\t\t\t\t\t\tdata-urm-pg-calculated-amount=\"0\"\n\t\t\t\t\t\t\t\t\t\t\t\t\t\tdata-urm-default-pg=\"\"\n\t\t\t\t\t\t\tdata-urm-local-currency-details = \"[]\"\n\t\t\t\t\t\t\tdata-urm-converted-amount = \"0\"\n\t\t\t\t\t\t\tdata-has-coupon-link=\"no\"\n\t\t\t\t\t\t\t\t\t\t\t\t\tdata-local-currency=\"\"\n\t\t\t\t\t\t\tdata-zone-id=\"\"\n\t\t\t\t\t>\n\t\t\t\t\t<span\n\t\t\t\t\t\tclass=\"ur-membership-duration\">FRANK Academy<\/span>\n\t\t\t\t\t<span\n\t\t\t\t\t\tclass=\"ur-membership-duration ur-membership-period-span\">Free<\/span>\n\t\t\t\t<\/label>\n\t\t\t\t<!--\tteam pricing container-->\n\t\t\t\t\t\t\t\t\t\t<span id=\"membership-input-notice\">\n\t\t<\/span>\n\t<\/div>\n\t<!--\tcoupon container-->\n\t\n\t<!--\ttotal container-->\n\t<div id=\"urm-total_container\"\n\t\tclass=\"ur_membership_frontend_input_container urm-d-none urm_hidden_payment_container\">\n\t\t\t\t\t\t\t\t<div class=\"urm-membership-total-value\">\n\t\t\t<label class=\"ur_membership_input_label ur-label\"\n\t\t\t\t\tfor=\"ur-membership-total\">Total<\/label>\n\t\t\t<span class=\"ur_membership_input_class\"\n\t\t\t\t\tid=\"ur-membership-total\"\n\t\t\t\t\tdata-key-name=\"Total\"\n\t\t\t\t\tdisabled\n\t\t\t>\n\t\t\t\t0\t\t\t<\/span>\n\t\t<\/div>\n\t\t<span id=\"total-input-notice\">\n\t\t<\/span>\n\t<\/div>\n\n\t<!--\tpayment gateway container -->\n\t<div\n\t\tclass=\"ur_membership_frontend_input_container urm_hidden_payment_container ur_payment_gateway_container urm-d-none\">\n\t\t<hr class=\"ur_membership_divider\">\n\t\t<span\n\t\t\tclass=\"ur_membership_input_label ur-label required\">Select Payment Gateway\t\t<\/span>\n\t\t<div id=\"payment-gateway-body\" class=\"ur_membership_frontend_input_container\">\n\t\t\t<div class=\"ur-membership-payment-gateway-lists\">\n\t\t\t\t\t\t\t\t\t<label class=\"ur_membership_input_label ur-label\"\n\t\t\t\t\t\t\tfor=\"ur-membership-paypal\">\n\t\t\t\t\t\t<input class=\"ur_membership_input_class pg-list\"\n\t\t\t\t\t\t\t\tdata-key-name=\"ur-payment-method\"\n\t\t\t\t\t\t\t\tid=\"ur-membership-paypal\"\n\t\t\t\t\t\t\t\ttype=\"radio\"\n\t\t\t\t\t\t\t\tname=\"urm_payment_method\"\n\t\t\t\t\t\t\t\trequired\n\t\t\t\t\t\t\t\tvalue=\"paypal\"\n\t\t\t\t\t\t\t\t\t\t\t\t\t>\n\t\t\t\t\t\t<span class=\"ur-membership-duration\">\n\t\t\t\t\t\t<img\n\t\t\t\t\t\t\tsrc=\"https:\/\/www.frankeurope.com\/wp-content\/plugins\/user-registration\/assets\/images\/settings-icons\/membership-field\/paypal-logo.png\"\n\t\t\t\t\t\t\talt=\"Paypal\"\n\t\t\t\t\t\t\tclass=\"ur-membership-payment-gateway-logo\"\n\t\t\t\t\t\t\twidth=\"70px\"\n\t\t\t\t\t\t\/>\n\t\t\t\t\t<\/span>\n\t\t\t\t\t<\/label>\n\t\t\t\t\t\t\t\t\t<label class=\"ur_membership_input_label ur-label\"\n\t\t\t\t\t\t\tfor=\"ur-membership-stripe\">\n\t\t\t\t\t\t<input class=\"ur_membership_input_class pg-list\"\n\t\t\t\t\t\t\t\tdata-key-name=\"ur-payment-method\"\n\t\t\t\t\t\t\t\tid=\"ur-membership-stripe\"\n\t\t\t\t\t\t\t\ttype=\"radio\"\n\t\t\t\t\t\t\t\tname=\"urm_payment_method\"\n\t\t\t\t\t\t\t\trequired\n\t\t\t\t\t\t\t\tvalue=\"stripe\"\n\t\t\t\t\t\t\t\t\t\t\t\t\t>\n\t\t\t\t\t\t<span class=\"ur-membership-duration\">\n\t\t\t\t\t\t<img\n\t\t\t\t\t\t\tsrc=\"https:\/\/www.frankeurope.com\/wp-content\/plugins\/user-registration\/assets\/images\/settings-icons\/membership-field\/stripe-logo.png\"\n\t\t\t\t\t\t\talt=\"Stripe\"\n\t\t\t\t\t\t\tclass=\"ur-membership-payment-gateway-logo\"\n\t\t\t\t\t\t\twidth=\"50px\"\n\t\t\t\t\t\t\/>\n\t\t\t\t\t<\/span>\n\t\t\t\t\t<\/label>\n\t\t\t\t\t\t\t\t\t<label class=\"ur_membership_input_label ur-label\"\n\t\t\t\t\t\t\tfor=\"ur-membership-bank\">\n\t\t\t\t\t\t<input class=\"ur_membership_input_class pg-list\"\n\t\t\t\t\t\t\t\tdata-key-name=\"ur-payment-method\"\n\t\t\t\t\t\t\t\tid=\"ur-membership-bank\"\n\t\t\t\t\t\t\t\ttype=\"radio\"\n\t\t\t\t\t\t\t\tname=\"urm_payment_method\"\n\t\t\t\t\t\t\t\trequired\n\t\t\t\t\t\t\t\tvalue=\"bank\"\n\t\t\t\t\t\t\t\t\t\t\t\t\t>\n\t\t\t\t\t\t<span class=\"ur-membership-duration\">\n\t\t\t\t\t\t<img\n\t\t\t\t\t\t\tsrc=\"https:\/\/www.frankeurope.com\/wp-content\/plugins\/user-registration\/assets\/images\/settings-icons\/membership-field\/bank-logo.png\"\n\t\t\t\t\t\t\talt=\"Bank\"\n\t\t\t\t\t\t\tclass=\"ur-membership-payment-gateway-logo\"\n\t\t\t\t\t\t\twidth=\"40px\"\n\t\t\t\t\t\t\/>\n\t\t\t\t\t<\/span>\n\t\t\t\t\t<\/label>\n\t\t\t\t\t\t\t<\/div>\n\t\t\t<span id=\"payment-gateway-notice\" class=\"notice_red\"><\/span>\n\t\t<\/div>\n\t\t\t<\/div>\n\t<div class=\"ur_membership_frontend_input_container\">\n\t\t<div class=\"stripe-container urm-d-none\">\n\t\t\t<button type=\"button\" class=\"stripe-card-indicator ur-stripe-element-selected\"\n\t\t\t\t\tid=\"credit_card\">Credit Card<\/button>\n\t\t\t<div class=\"stripe-input-container\">\n\t\t\t\t<div id=\"card-element\">\n\t\t\t\t<\/div>\n\t\t\t<\/div>\n\t\t<\/div>\n\t\t\t<\/div>\n\n\t\n<\/div>\n\n<script type=\"text\/javascript\">\n\t(function( $ ) {\n\t\tfunction urToggleBankDetails() {\n\t\t\tvar selectedMethod = $( 'input[name=\"urm_payment_method\"]:checked' ).val();\n\t\t\tvar $container     = $( '#ur-bank-details-container' );\n\n\t\t\tif ( ! $container.length ) {\n\t\t\t\treturn;\n\t\t\t}\n\n\t\t\tif ( selectedMethod === 'bank' ) {\n\t\t\t\t$container.show();\n\t\t\t} else {\n\t\t\t\t$container.hide();\n\t\t\t}\n\t\t}\n\n\t\t$( document ).on( 'change', 'input[name=\"urm_payment_method\"]', urToggleBankDetails );\n\t\t$( document ).ready( urToggleBankDetails );\n\t})( jQuery );\n<\/script>\n\t\t\t\t\t\t\t\t\t<\/div>\n\t\t\t\t\t\t\t\t\t\t\t\t\t\t\t\t<\/div>\n\t\t\t\t\t\t\t\t\t\t\t\t\t<\/div>\n\t\t\t\t\t\t\t\t\t\t\t\t\t\t\t\t\t\t<div class=\"ur-button-container \" >\n\t\t\t\t\t\t\t\t\t\t\t\t\t\t<button type=\"submit\" class=\"btn button ur-submit-button submit\"  conditional_rules=\"&quot;&quot;\">\n\t\t\t\t\t\t\t\t<span><\/span>\n\t\t\t\t\t\t\t\tEnvoyer\t\t\t\t\t\t\t<\/button>\n\t\t\t\t\t\t\t\t\t\t\t\t\t\t\t\t\t\t\t\t<\/div>\n\t\t\t\t\t\t\n\t\t\t\t<div style=\"clear:both\"><\/div>\n\t\t\t\t\t\t\t\t<input type=\"hidden\" name=\"ur-registration-language\" value=\"fr\"\/>\n\t\t\t\t<input type=\"hidden\" name=\"ur-user-form-id\" value=\"73411\"\/>\n\t\t\t\t<input type=\"hidden\" name=\"ur-redirect-url\" value=\"https:\/\/www.frankeurope.com\/fr\/frank-academy\/\"\/>\n\t\t\t\t<input type=\"hidden\" id=\"ur_frontend_form_nonce\" name=\"ur_frontend_form_nonce\" value=\"32000b63ea\" \/>\n\t\t\t\t\n\t\t\t<\/form>\n\t\t\t\n\t\t<div style=\"clear:both\"><\/div>\n\t<\/div>\n\n[\/vc_column][\/vc_row]<\/p>\n<\/div>","protected":false},"excerpt":{"rendered":"<p>Documentations, Manuals, Videos and much more about the Frank Showcase Products you&#8217;ll find now on | frankeurope.com.<\/p>\n","protected":false},"author":1,"featured_media":0,"parent":0,"menu_order":70,"comment_status":"closed","ping_status":"closed","template":"","meta":{"footnotes":""},"class_list":["post-73527","page","type-page","status-publish","hentry"],"yoast_head":"<!-- This site is optimized with the Yoast SEO Premium plugin v27.6 (Yoast SEO v27.6) - https:\/\/yoast.com\/product\/yoast-seo-premium-wordpress\/ -->\n<title>FRANK Academy Inscription<\/title>\n<meta name=\"description\" content=\"Explore our media and downloads here, incl. documentation, manuals, videos, and more. We provide museum and exhibition showcases globally.\" \/>\n<meta name=\"robots\" content=\"index, follow, max-snippet:-1, max-image-preview:large, max-video-preview:-1\" \/>\n<link rel=\"canonical\" href=\"https:\/\/www.frankeurope.com\/fr\/frank-academy-inscription\/\" \/>\n<meta property=\"og:locale\" content=\"fr_FR\" \/>\n<meta property=\"og:type\" content=\"article\" \/>\n<meta property=\"og:title\" content=\"FRANK Academy Inscription\" \/>\n<meta property=\"og:description\" content=\"Explore our media and downloads here, incl. documentation, manuals, videos, and more. We provide museum and exhibition showcases globally.\" \/>\n<meta property=\"og:url\" content=\"https:\/\/www.frankeurope.com\/fr\/frank-academy-inscription\/\" \/>\n<meta property=\"og:site_name\" content=\"Vitrines de mus\u00e9es FRANK\" \/>\n<meta property=\"article:publisher\" content=\"https:\/\/www.facebook.com\/frank.showcases\" \/>\n<meta property=\"article:modified_time\" content=\"2026-05-08T11:10:43+00:00\" \/>\n<meta property=\"og:image\" content=\"https:\/\/www.frankeurope.com\/wp-content\/uploads\/2016\/08\/frank_facebook_site2-1.jpg\" \/>\n\t<meta property=\"og:image:width\" content=\"1200\" \/>\n\t<meta property=\"og:image:height\" content=\"628\" \/>\n\t<meta property=\"og:image:type\" content=\"image\/jpeg\" \/>\n<meta name=\"twitter:card\" content=\"summary_large_image\" \/>\n<meta name=\"twitter:site\" content=\"@frankeurope\" \/>\n<meta name=\"twitter:label1\" content=\"Dur\u00e9e de lecture estim\u00e9e\" \/>\n\t<meta name=\"twitter:data1\" content=\"1 minute\" \/>\n<script type=\"application\/ld+json\" class=\"yoast-schema-graph\">{\"@context\":\"https:\\\/\\\/schema.org\",\"@graph\":[{\"@type\":\"WebPage\",\"@id\":\"https:\\\/\\\/www.frankeurope.com\\\/fr\\\/frank-academy-inscription\\\/\",\"url\":\"https:\\\/\\\/www.frankeurope.com\\\/fr\\\/frank-academy-inscription\\\/\",\"name\":\"FRANK Academy Inscription\",\"isPartOf\":{\"@id\":\"https:\\\/\\\/www.frankeurope.com\\\/#website\"},\"datePublished\":\"2026-05-07T10:24:30+00:00\",\"dateModified\":\"2026-05-08T11:10:43+00:00\",\"description\":\"Explore our media and downloads here, incl. documentation, manuals, videos, and more. We provide museum and exhibition showcases globally.\",\"inLanguage\":\"fr-FR\",\"potentialAction\":[{\"@type\":\"ReadAction\",\"target\":[\"https:\\\/\\\/www.frankeurope.com\\\/fr\\\/frank-academy-inscription\\\/\"]}]},{\"@type\":\"WebSite\",\"@id\":\"https:\\\/\\\/www.frankeurope.com\\\/#website\",\"url\":\"https:\\\/\\\/www.frankeurope.com\\\/\",\"name\":\"FRANK Museums Vitrinen\",\"description\":\"Ing\u00e9nierie de pr\u00e9cision Allemande en vitrines de mus\u00e9es\",\"publisher\":{\"@id\":\"https:\\\/\\\/www.frankeurope.com\\\/#organization\"},\"potentialAction\":[{\"@type\":\"SearchAction\",\"target\":{\"@type\":\"EntryPoint\",\"urlTemplate\":\"https:\\\/\\\/www.frankeurope.com\\\/?s={search_term_string}\"},\"query-input\":{\"@type\":\"PropertyValueSpecification\",\"valueRequired\":true,\"valueName\":\"search_term_string\"}}],\"inLanguage\":\"fr-FR\"},{\"@type\":\"Organization\",\"@id\":\"https:\\\/\\\/www.frankeurope.com\\\/#organization\",\"name\":\"FRANK Europe GmbH\",\"url\":\"https:\\\/\\\/www.frankeurope.com\\\/\",\"logo\":{\"@type\":\"ImageObject\",\"inLanguage\":\"fr-FR\",\"@id\":\"https:\\\/\\\/www.frankeurope.com\\\/#\\\/schema\\\/logo\\\/image\\\/\",\"url\":\"https:\\\/\\\/www.frankeurope.com\\\/wp-content\\\/uploads\\\/2019\\\/10\\\/frank-europe-favicon.png\",\"contentUrl\":\"https:\\\/\\\/www.frankeurope.com\\\/wp-content\\\/uploads\\\/2019\\\/10\\\/frank-europe-favicon.png\",\"width\":474,\"height\":474,\"caption\":\"FRANK Europe GmbH\"},\"image\":{\"@id\":\"https:\\\/\\\/www.frankeurope.com\\\/#\\\/schema\\\/logo\\\/image\\\/\"},\"sameAs\":[\"https:\\\/\\\/www.facebook.com\\\/frank.showcases\",\"https:\\\/\\\/x.com\\\/frankeurope\",\"https:\\\/\\\/www.instagram.com\\\/frank.museum.showcases\\\/\",\"https:\\\/\\\/www.linkedin.com\\\/company\\\/frank-europe-gmbh?trk=hb_tab_compy_id_3013411\",\"https:\\\/\\\/www.pinterest.de\\\/frankeurope\\\/\",\"https:\\\/\\\/www.youtube.com\\\/user\\\/frankeurope?feature=watch\"],\"description\":\"Die FRANK Europe GmbH ist ein weltweit f\u00fchrender Spezialist f\u00fcr hochwertige Vitrinensysteme und Pr\u00e4sentationsl\u00f6sungen, die vor allem in Museen, Galerien und im exklusiven Ladenbau zum Einsatz kommen. Das Herzst\u00fcck ist das patentierte FRANK-System, das durch eine pr\u00e4zise Verbindungstechnik von Acrylglas und Aluminiumprofilen eine schnelle, werkzeuglose Montage sowie maximale Flexibilit\u00e4t erm\u00f6glicht.\"}]}<\/script>\n<!-- \/ Yoast SEO Premium plugin. -->","yoast_head_json":{"title":"FRANK Academy Inscription","description":"Explore our media and downloads here, incl. documentation, manuals, videos, and more. We provide museum and exhibition showcases globally.","robots":{"index":"index","follow":"follow","max-snippet":"max-snippet:-1","max-image-preview":"max-image-preview:large","max-video-preview":"max-video-preview:-1"},"canonical":"https:\/\/www.frankeurope.com\/fr\/frank-academy-inscription\/","og_locale":"fr_FR","og_type":"article","og_title":"FRANK Academy Inscription","og_description":"Explore our media and downloads here, incl. documentation, manuals, videos, and more. We provide museum and exhibition showcases globally.","og_url":"https:\/\/www.frankeurope.com\/fr\/frank-academy-inscription\/","og_site_name":"Vitrines de mus\u00e9es FRANK","article_publisher":"https:\/\/www.facebook.com\/frank.showcases","article_modified_time":"2026-05-08T11:10:43+00:00","og_image":[{"width":1200,"height":628,"url":"https:\/\/www.frankeurope.com\/wp-content\/uploads\/2016\/08\/frank_facebook_site2-1.jpg","type":"image\/jpeg"}],"twitter_card":"summary_large_image","twitter_site":"@frankeurope","twitter_misc":{"Dur\u00e9e de lecture estim\u00e9e":"1 minute"},"schema":{"@context":"https:\/\/schema.org","@graph":[{"@type":"WebPage","@id":"https:\/\/www.frankeurope.com\/fr\/frank-academy-inscription\/","url":"https:\/\/www.frankeurope.com\/fr\/frank-academy-inscription\/","name":"FRANK Academy Inscription","isPartOf":{"@id":"https:\/\/www.frankeurope.com\/#website"},"datePublished":"2026-05-07T10:24:30+00:00","dateModified":"2026-05-08T11:10:43+00:00","description":"Explore our media and downloads here, incl. documentation, manuals, videos, and more. We provide museum and exhibition showcases globally.","inLanguage":"fr-FR","potentialAction":[{"@type":"ReadAction","target":["https:\/\/www.frankeurope.com\/fr\/frank-academy-inscription\/"]}]},{"@type":"WebSite","@id":"https:\/\/www.frankeurope.com\/#website","url":"https:\/\/www.frankeurope.com\/","name":"FRANK Museums Vitrinen","description":"Ing\u00e9nierie de pr\u00e9cision Allemande en vitrines de mus\u00e9es","publisher":{"@id":"https:\/\/www.frankeurope.com\/#organization"},"potentialAction":[{"@type":"SearchAction","target":{"@type":"EntryPoint","urlTemplate":"https:\/\/www.frankeurope.com\/?s={search_term_string}"},"query-input":{"@type":"PropertyValueSpecification","valueRequired":true,"valueName":"search_term_string"}}],"inLanguage":"fr-FR"},{"@type":"Organization","@id":"https:\/\/www.frankeurope.com\/#organization","name":"FRANK Europe GmbH","url":"https:\/\/www.frankeurope.com\/","logo":{"@type":"ImageObject","inLanguage":"fr-FR","@id":"https:\/\/www.frankeurope.com\/#\/schema\/logo\/image\/","url":"https:\/\/www.frankeurope.com\/wp-content\/uploads\/2019\/10\/frank-europe-favicon.png","contentUrl":"https:\/\/www.frankeurope.com\/wp-content\/uploads\/2019\/10\/frank-europe-favicon.png","width":474,"height":474,"caption":"FRANK Europe GmbH"},"image":{"@id":"https:\/\/www.frankeurope.com\/#\/schema\/logo\/image\/"},"sameAs":["https:\/\/www.facebook.com\/frank.showcases","https:\/\/x.com\/frankeurope","https:\/\/www.instagram.com\/frank.museum.showcases\/","https:\/\/www.linkedin.com\/company\/frank-europe-gmbh?trk=hb_tab_compy_id_3013411","https:\/\/www.pinterest.de\/frankeurope\/","https:\/\/www.youtube.com\/user\/frankeurope?feature=watch"],"description":"Die FRANK Europe GmbH ist ein weltweit f\u00fchrender Spezialist f\u00fcr hochwertige Vitrinensysteme und Pr\u00e4sentationsl\u00f6sungen, die vor allem in Museen, Galerien und im exklusiven Ladenbau zum Einsatz kommen. Das Herzst\u00fcck ist das patentierte FRANK-System, das durch eine pr\u00e4zise Verbindungstechnik von Acrylglas und Aluminiumprofilen eine schnelle, werkzeuglose Montage sowie maximale Flexibilit\u00e4t erm\u00f6glicht."}]}},"_links":{"self":[{"href":"https:\/\/www.frankeurope.com\/fr\/wp-json\/wp\/v2\/pages\/73527","targetHints":{"allow":["GET"]}}],"collection":[{"href":"https:\/\/www.frankeurope.com\/fr\/wp-json\/wp\/v2\/pages"}],"about":[{"href":"https:\/\/www.frankeurope.com\/fr\/wp-json\/wp\/v2\/types\/page"}],"author":[{"embeddable":true,"href":"https:\/\/www.frankeurope.com\/fr\/wp-json\/wp\/v2\/users\/1"}],"replies":[{"embeddable":true,"href":"https:\/\/www.frankeurope.com\/fr\/wp-json\/wp\/v2\/comments?post=73527"}],"version-history":[{"count":3,"href":"https:\/\/www.frankeurope.com\/fr\/wp-json\/wp\/v2\/pages\/73527\/revisions"}],"predecessor-version":[{"id":73536,"href":"https:\/\/www.frankeurope.com\/fr\/wp-json\/wp\/v2\/pages\/73527\/revisions\/73536"}],"wp:attachment":[{"href":"https:\/\/www.frankeurope.com\/fr\/wp-json\/wp\/v2\/media?parent=73527"}],"curies":[{"name":"wp","href":"https:\/\/api.w.org\/{rel}","templated":true}]}}