{"id":64644,"date":"2019-05-13T14:14:03","date_gmt":"2019-05-13T12:14:03","guid":{"rendered":"https:\/\/www.frankeurope.com\/?page_id=64644"},"modified":"2024-07-12T15:59:34","modified_gmt":"2024-07-12T13:59:34","slug":"a-propos-de-nous","status":"publish","type":"page","link":"https:\/\/www.frankeurope.com\/fr\/a-propos-de-nous\/","title":{"rendered":"A propos de nous"},"content":{"rendered":"<div class=\"wpb-content-wrapper\"><p>[vc_row row_height_percent=&#8221;0&#8243; override_padding=&#8221;yes&#8221; h_padding=&#8221;2&#8243; top_padding=&#8221;2&#8243; bottom_padding=&#8221;0&#8243; overlay_alpha=&#8221;50&#8243; gutter_size=&#8221;3&#8243; column_width_percent=&#8221;100&#8243; shift_y=&#8221;0&#8243; z_index=&#8221;0&#8243; uncode_shortcode_id=&#8221;192770&#8243;][vc_column width=&#8221;1\/2&#8243;][vc_custom_heading uncode_shortcode_id=&#8221;476138&#8243;]<\/p>\n<h2 class=\"vc_custom_heading\">A PROPOS DE NOUS<\/h2>\n<p>[\/vc_custom_heading][\/vc_column][vc_column column_width_percent=&#8221;100&#8243; gutter_size=&#8221;0&#8243; overlay_alpha=&#8221;50&#8243; shift_x=&#8221;0&#8243; shift_y=&#8221;0&#8243; shift_y_down=&#8221;0&#8243; z_index=&#8221;0&#8243; medium_width=&#8221;0&#8243; mobile_width=&#8221;0&#8243; width=&#8221;1\/2&#8243;][\/vc_column][\/vc_row][vc_row row_height_percent=&#8221;0&#8243; override_padding=&#8221;yes&#8221; h_padding=&#8221;2&#8243; top_padding=&#8221;2&#8243; bottom_padding=&#8221;0&#8243; overlay_alpha=&#8221;50&#8243; gutter_size=&#8221;3&#8243; column_width_percent=&#8221;100&#8243; shift_y=&#8221;0&#8243; z_index=&#8221;0&#8243; uncode_shortcode_id=&#8221;157147&#8243;][vc_column width=&#8221;1\/2&#8243;][vc_column_text uncode_shortcode_id=&#8221;952372&#8243;] <div class=\"brlbs-cmpnt-container brlbs-cmpnt-content-blocker brlbs-cmpnt-with-individual-styles\" data-borlabs-cookie-content-blocker-id=\"vimeo-content-blocker\" data-borlabs-cookie-content=\"PC9wPgo8ZGl2IHN0eWxlPSJwYWRkaW5nOiA1Ni4yNSUgMCAwIDA7IHBvc2l0aW9uOiByZWxhdGl2ZTsiPgo8ZGl2IGNsYXNzPSJicmxicy1jbXBudC1jb250YWluZXIgYnJsYnMtY21wbnQtY29udGVudC1ibG9ja2VyIGJybGJzLWNtcG50LXdpdGgtaW5kaXZpZHVhbC1zdHlsZXMiIGRhdGEtYm9ybGFicy1jb29raWUtY29udGVudC1ibG9ja2VyLWlkPSJ2aW1lby1jb250ZW50LWJsb2NrZXIiIGRhdGEtYm9ybGFicy1jb29raWUtY29udGVudD0iUEdsbWNtRnRaU0J6ZEhsc1pUMGljRzl6YVhScGIyNDZJR0ZpYzI5c2RYUmxPeUIwYjNBNklEQTdJR3hsWm5RNklEQTdJSGRwWkhSb09pQXhNREFsT3lCb1pXbG5hSFE2SURFd01DVTdJaUIwYVhSc1pUMGlUV1ZsZENCR1VrRk9TeUlnYzNKalBTSm9kSFJ3Y3pvdkwzQnNZWGxsY2k1MmFXMWxieTVqYjIwdmRtbGtaVzh2TnpRME9EZ3pNREkyUDJKaFpHZGxQVEFtWVcxd08yRjFkRzl3WVhWelpUMHdKbUZ0Y0R0eGRXRnNhWFI1WDNObGJHVmpkRzl5UFRFbVlXMXdPM0JzWVhsbGNsOXBaRDB3Sm1GdGNEdGhjSEJmYVdROU5UZzBOemtpSUdaeVlXMWxZbTl5WkdWeVBTSXdJajQ4TDJsbWNtRnRaVDQ9Ij4KPGRpdiBjbGFzcz0iYnJsYnMtY21wbnQtY2ItcHJlc2V0LWMgYnJsYnMtY21wbnQtY2ItdmltZW8iPgo8ZGl2IGNsYXNzPSJicmxicy1jbXBudC1jYi10aHVtYm5haWwiIHN0eWxlPSJiYWNrZ3JvdW5kLWltYWdlOiB1cmwoJ2h0dHBzOi8vd3d3LmZyYW5rZXVyb3BlLmNvbS93cC1jb250ZW50L3VwbG9hZHMvYm9ybGFicy1jb29raWUvMS92aW1lb183NDQ4ODMwMjYuanBnJykiPjwvZGl2Pgo8ZGl2IGNsYXNzPSJicmxicy1jbXBudC1jYi1tYWluIj4KPGRpdiBjbGFzcz0iYnJsYnMtY21wbnQtY2ItcGxheS1idXR0b24iPjwvZGl2Pgo8ZGl2IGNsYXNzPSJicmxicy1jbXBudC1jYi1jb250ZW50Ij4KPHAgY2xhc3M9ImJybGJzLWNtcG50LWNiLWRlc2NyaXB0aW9uIj5Wb3VzIMOqdGVzIGFjdHVlbGxlbWVudCBlbiB0cmFpbiBkZSBjb25zdWx0ZXIgbGUgY29udGVudSBkJiM4MjE3O3VuIGVzcGFjZSByw6lzZXJ2w6kgZGUgPHN0cm9uZz5WaW1lbzwvc3Ryb25nPi4gUG91ciBhY2PDqWRlciBhdSBjb250ZW51IHLDqWVsLCBjbGlxdWV6IHN1ciBsZSBib3V0b24gY2ktZGVzc291cy4gVmV1aWxsZXogbm90ZXIgcXVlIGNlIGZhaXNhbnQsIGRlcyBkb25uw6llcyBzZXJvbnQgcGFydGFnw6llcyBhdmVjIGRlcyBwcm92aWRlcnMgdGllcnMuPC9wPgo8cD4gPGEgY2xhc3M9ImJybGJzLWNtcG50LWNiLXByb3ZpZGVyLXRvZ2dsZSIgaHJlZj0iIyIgZGF0YS1ib3JsYWJzLWNvb2tpZS1zaG93LXByb3ZpZGVyLWluZm9ybWF0aW9uIHJvbGU9ImJ1dHRvbiI+UGx1cyBkJiM4MjE3O2luZm9ybWF0aW9uczwvYT4gPC9kaXY+CjxkaXYgY2xhc3M9ImJybGJzLWNtcG50LWNiLWJ1dHRvbnMiPiA8YSBjbGFzcz0iYnJsYnMtY21wbnQtY2ItYnRuIiBocmVmPSIjIiBkYXRhLWJvcmxhYnMtY29va2llLXVuYmxvY2sgcm9sZT0iYnV0dG9uIj5Ew6libG9xdWVyIGxlIGNvbnRlbnU8L2E+IDxhIGNsYXNzPSJicmxicy1jbXBudC1jYi1idG4iIGhyZWY9IiMiIGRhdGEtYm9ybGFicy1jb29raWUtYWNjZXB0LXNlcnZpY2Ugcm9sZT0iYnV0dG9uIiBzdHlsZT0iZGlzcGxheTogaW5oZXJpdCI+QWNjZXB0ZXIgbGUgc2VydmljZSByZXF1aXMgZXQgZMOpYmxvcXVlciBsZXMgY29udGVudXM8L2E+IDwvZGl2Pgo8L3A+PC9kaXY+CjwvcD48L2Rpdj4KPC9kaXY+CjwvZGl2Pgo8cD48c2NyaXB0IHNyYz0iaHR0cHM6Ly9wbGF5ZXIudmltZW8uY29tL2FwaS9wbGF5ZXIuanMiPjwvc2NyaXB0Pg==\"><div class=\"brlbs-cmpnt-cb-preset-c brlbs-cmpnt-cb-vimeo\"> <div class=\"brlbs-cmpnt-cb-thumbnail\" style=\"background-image: url('https:\/\/www.frankeurope.com\/wp-content\/uploads\/borlabs-cookie\/1\/brlbs-cb-vimeo-main.png')\"><\/div> <div class=\"brlbs-cmpnt-cb-main\"> <div class=\"brlbs-cmpnt-cb-play-button\"><\/div> <div class=\"brlbs-cmpnt-cb-content\"> <p class=\"brlbs-cmpnt-cb-description\">Vous \u00eates actuellement en train de consulter le contenu d'un espace r\u00e9serv\u00e9 de <strong>Vimeo<\/strong>. Pour acc\u00e9der au contenu r\u00e9el, cliquez sur le bouton ci-dessous. Veuillez noter que ce faisant, des donn\u00e9es seront partag\u00e9es avec des providers tiers.<\/p> <a class=\"brlbs-cmpnt-cb-provider-toggle\" href=\"#\" data-borlabs-cookie-show-provider-information role=\"button\">Plus d'informations<\/a> <\/div> <div class=\"brlbs-cmpnt-cb-buttons\"> <a class=\"brlbs-cmpnt-cb-btn\" href=\"#\" data-borlabs-cookie-unblock role=\"button\">D\u00e9bloquer le contenu<\/a> <a class=\"brlbs-cmpnt-cb-btn\" href=\"#\" data-borlabs-cookie-accept-service role=\"button\" style=\"display: inherit\">Accepter le service requis et d\u00e9bloquer les contenus<\/a> <\/div> <\/div> <\/div><\/div>[\/vc_column_text][\/vc_column][vc_column column_width_percent=&#8221;100&#8243; gutter_size=&#8221;0&#8243; overlay_alpha=&#8221;50&#8243; shift_x=&#8221;0&#8243; shift_y=&#8221;0&#8243; shift_y_down=&#8221;0&#8243; z_index=&#8221;0&#8243; medium_width=&#8221;0&#8243; mobile_width=&#8221;0&#8243; width=&#8221;1\/2&#8243;][vc_custom_heading subheading=&#8221;FRANK a d\u00e9velopp\u00e9 la premi\u00e8re (v\u00e9ritable) vitrine d\u00e9montable en 2001. Tout a commenc\u00e9 avec la version en acrylique. Le principe selon lequel \u00ab l\u2019objet est au premier plan et non la vitrine \u00bb a toujours \u00e9t\u00e9 notre adage et caract\u00e9rise le design puriste et unique de la vitrine FRANK. En peu de temps, FRANK Europe s\u2019est fait un nom dans le monde des mus\u00e9es. La soci\u00e9t\u00e9 est synonyme d\u2019innovation, de grande qualit\u00e9 et d\u2019optimisation des co\u00fbts.<\/p>\n<p>Plus de 500 projets ont \u00e9t\u00e9 r\u00e9alis\u00e9s avec succ\u00e8s en Europe et outre-mer. La protection des \u0153uvres ainsi que leurs pr\u00e9sentations sont l\u2019objectif prioritaire. En p\u00e9riode de budgets serr\u00e9s et de d\u00e9lais souhait\u00e9s de plus en plus court, FRANK donne le bon exemple pour r\u00e9aliser vois projets sans perte de temps.&#8221; uncode_shortcode_id=&#8221;126774&#8243; text_color_type=&#8221;uncode-palette&#8221; text_color_solid=&#8221;#ff0000&#8243;][\/vc_custom_heading][\/vc_column][\/vc_row][vc_row row_height_percent=&#8221;0&#8243; override_padding=&#8221;yes&#8221; h_padding=&#8221;2&#8243; top_padding=&#8221;2&#8243; bottom_padding=&#8221;2&#8243; overlay_alpha=&#8221;50&#8243; gutter_size=&#8221;3&#8243; column_width_percent=&#8221;100&#8243; shift_y=&#8221;0&#8243; z_index=&#8221;0&#8243; uncode_shortcode_id=&#8221;845087&#8243;][vc_column width=&#8221;2\/3&#8243;][vc_custom_heading subheading=&#8221;L\u2019\u00e9quipe de professionnels travaille de mani\u00e8re structur\u00e9e et avec les technologies de production les plus modernes. Ceci permet, contrairement aux solutions conventionnelles de vitrines, une r\u00e9alisation comprenant l\u2019ing\u00e9nierie, la production, la fourniture ainsi que l\u2019installation dans des d\u00e9lais in\u00e9galables.<\/p>\n<p><b>&#8220;La perfection en application, fonction et design.&#8220;<\/b><\/p>\n<p>Les vitrines FRANK sont conformes aux normes de qualit\u00e9 internationales et peuvent \u00eatre trouv\u00e9es dans tous les mus\u00e9es \/ expositions renomm\u00e9s du monde entier. La meilleure fa\u00e7on de tirer parti des avantages d\u2019une vitrine de FRANK consiste \u00e0 examiner l\u2019original.<\/p>\n<p>Nous nous r\u00e9jouissons de vous servir avec impatience!&#8221; uncode_shortcode_id=&#8221;188165&#8243; text_color_type=&#8221;uncode-palette&#8221; text_color_solid=&#8221;#ff0000&#8243;][\/vc_custom_heading][\/vc_column][vc_column column_width_percent=&#8221;100&#8243; gutter_size=&#8221;0&#8243; overlay_alpha=&#8221;50&#8243; shift_x=&#8221;0&#8243; shift_y=&#8221;0&#8243; shift_y_down=&#8221;0&#8243; z_index=&#8221;0&#8243; medium_width=&#8221;0&#8243; mobile_width=&#8221;0&#8243; width=&#8221;1\/3&#8243;][vc_single_image media=&#8221;69557&#8243; media_lightbox=&#8221;yes&#8221; media_width_percent=&#8221;100&#8243; uncode_shortcode_id=&#8221;632917&#8243;][vc_column_text text_lead=&#8221;small&#8221; uncode_shortcode_id=&#8221;104383&#8243;]<\/p>\n<p style=\"text-align: center;\">Thomas Kurz\u00a0\u00a0\u00a0\u00a0\u00a0\u00a0\u00a0\u00a0\u00a0\u00a0\u00a0\u00a0\u00a0\u00a0\u00a0 Philippe Plessers<\/p>\n<p>[\/vc_column_text][\/vc_column][\/vc_row][vc_row row_height_percent=&#8221;0&#8243; override_padding=&#8221;yes&#8221; h_padding=&#8221;2&#8243; top_padding=&#8221;2&#8243; bottom_padding=&#8221;2&#8243; overlay_alpha=&#8221;50&#8243; gutter_size=&#8221;3&#8243; column_width_percent=&#8221;100&#8243; shift_y=&#8221;0&#8243; z_index=&#8221;0&#8243; uncode_shortcode_id=&#8221;845087&#8243;][vc_column width=&#8221;2\/3&#8243;][vc_button radius=&#8221;btn-square&#8221; outline=&#8221;yes&#8221; shadow=&#8221;yes&#8221; shadow_weight=&#8221;lg&#8221; border_width=&#8221;2&#8243; link=&#8221;url:http%3A%2F%2Fwww.frankeurope.com%2Ffr%2Fcontact%2F|title:contact||&#8221;]CONTACT[\/vc_button][\/vc_column][vc_column column_width_percent=&#8221;100&#8243; gutter_size=&#8221;0&#8243; overlay_alpha=&#8221;50&#8243; shift_x=&#8221;0&#8243; shift_y=&#8221;0&#8243; shift_y_down=&#8221;0&#8243; z_index=&#8221;0&#8243; medium_width=&#8221;0&#8243; mobile_width=&#8221;0&#8243; width=&#8221;1\/3&#8243;][\/vc_column][\/vc_row]<\/p>\n<\/div>","protected":false},"excerpt":{"rendered":"<p>La perfection en application, fonction et design. Les vitrines Frank sont conformes aux normes de qualit\u00e9 internationales et peuvent \u00eatre trouv\u00e9es dans tous les mus\u00e9es\/expositions renomm\u00e9s du monde entier. La meilleure fa\u00e7on de tirer parti des avantages d\u2019une vitrine de Frank consiste \u00e0 examiner l\u2019original.<\/p>\n","protected":false},"author":1,"featured_media":0,"parent":0,"menu_order":0,"comment_status":"closed","ping_status":"closed","template":"","meta":{"footnotes":""},"class_list":["post-64644","page","type-page","status-publish","hentry","page_category-frank-fr"],"yoast_head":"<!-- This site is optimized with the Yoast SEO Premium plugin v27.4 (Yoast SEO v27.4) - https:\/\/yoast.com\/product\/yoast-seo-premium-wordpress\/ -->\n<title>A propos de nous - Vitrines de mus\u00e9es FRANK<\/title>\n<meta name=\"description\" content=\"La perfection en application, fonction et design. Les vitrines Frank sont conformes aux normes de qualit\u00e9 internationales et peuvent \u00eatre trouv\u00e9es dans tous les mus\u00e9es \/ expositions renomm\u00e9s du monde entier.\" \/>\n<meta name=\"robots\" content=\"index, follow, max-snippet:-1, max-image-preview:large, max-video-preview:-1\" \/>\n<link rel=\"canonical\" href=\"https:\/\/www.frankeurope.com\/fr\/a-propos-de-nous\/\" \/>\n<meta property=\"og:locale\" content=\"fr_FR\" \/>\n<meta property=\"og:type\" content=\"article\" \/>\n<meta property=\"og:title\" content=\"A propos de nous - Vitrines de mus\u00e9es FRANK\" \/>\n<meta property=\"og:description\" content=\"La perfection en application, fonction et design. Les vitrines Frank sont conformes aux normes de qualit\u00e9 internationales et peuvent \u00eatre trouv\u00e9es dans tous les mus\u00e9es \/ expositions renomm\u00e9s du monde entier.\" \/>\n<meta property=\"og:url\" content=\"https:\/\/www.frankeurope.com\/fr\/a-propos-de-nous\/\" \/>\n<meta property=\"og:site_name\" content=\"Vitrines de mus\u00e9es FRANK\" \/>\n<meta property=\"article:publisher\" content=\"https:\/\/www.facebook.com\/frank.showcases\" \/>\n<meta property=\"article:modified_time\" content=\"2024-07-12T13:59:34+00:00\" \/>\n<meta property=\"og:image\" content=\"https:\/\/www.frankeurope.com\/wp-content\/uploads\/2016\/08\/frank_facebook_site2-1.jpg\" \/>\n\t<meta property=\"og:image:width\" content=\"1200\" \/>\n\t<meta property=\"og:image:height\" content=\"628\" \/>\n\t<meta property=\"og:image:type\" content=\"image\/jpeg\" \/>\n<meta name=\"twitter:card\" content=\"summary_large_image\" \/>\n<meta name=\"twitter:site\" content=\"@frankeurope\" \/>\n<meta name=\"twitter:label1\" content=\"Dur\u00e9e de lecture estim\u00e9e\" \/>\n\t<meta name=\"twitter:data1\" content=\"2 minutes\" \/>\n<script type=\"application\/ld+json\" class=\"yoast-schema-graph\">{\"@context\":\"https:\\\/\\\/schema.org\",\"@graph\":[{\"@type\":\"WebPage\",\"@id\":\"https:\\\/\\\/www.frankeurope.com\\\/fr\\\/a-propos-de-nous\\\/\",\"url\":\"https:\\\/\\\/www.frankeurope.com\\\/fr\\\/a-propos-de-nous\\\/\",\"name\":\"A propos de nous - Vitrines de mus\u00e9es FRANK\",\"isPartOf\":{\"@id\":\"https:\\\/\\\/www.frankeurope.com\\\/#website\"},\"datePublished\":\"2019-05-13T12:14:03+00:00\",\"dateModified\":\"2024-07-12T13:59:34+00:00\",\"description\":\"La perfection en application, fonction et design. Les vitrines Frank sont conformes aux normes de qualit\u00e9 internationales et peuvent \u00eatre trouv\u00e9es dans tous les mus\u00e9es \\\/ expositions renomm\u00e9s du monde entier.\",\"inLanguage\":\"fr-FR\",\"potentialAction\":[{\"@type\":\"ReadAction\",\"target\":[\"https:\\\/\\\/www.frankeurope.com\\\/fr\\\/a-propos-de-nous\\\/\"]}]},{\"@type\":\"WebSite\",\"@id\":\"https:\\\/\\\/www.frankeurope.com\\\/#website\",\"url\":\"https:\\\/\\\/www.frankeurope.com\\\/\",\"name\":\"FRANK Museums Vitrinen\",\"description\":\"Ing\u00e9nierie de pr\u00e9cision Allemande en vitrines de mus\u00e9es\",\"publisher\":{\"@id\":\"https:\\\/\\\/www.frankeurope.com\\\/#organization\"},\"potentialAction\":[{\"@type\":\"SearchAction\",\"target\":{\"@type\":\"EntryPoint\",\"urlTemplate\":\"https:\\\/\\\/www.frankeurope.com\\\/?s={search_term_string}\"},\"query-input\":{\"@type\":\"PropertyValueSpecification\",\"valueRequired\":true,\"valueName\":\"search_term_string\"}}],\"inLanguage\":\"fr-FR\"},{\"@type\":\"Organization\",\"@id\":\"https:\\\/\\\/www.frankeurope.com\\\/#organization\",\"name\":\"FRANK Europe GmbH\",\"url\":\"https:\\\/\\\/www.frankeurope.com\\\/\",\"logo\":{\"@type\":\"ImageObject\",\"inLanguage\":\"fr-FR\",\"@id\":\"https:\\\/\\\/www.frankeurope.com\\\/#\\\/schema\\\/logo\\\/image\\\/\",\"url\":\"https:\\\/\\\/www.frankeurope.com\\\/wp-content\\\/uploads\\\/2019\\\/10\\\/frank-europe-favicon.png\",\"contentUrl\":\"https:\\\/\\\/www.frankeurope.com\\\/wp-content\\\/uploads\\\/2019\\\/10\\\/frank-europe-favicon.png\",\"width\":474,\"height\":474,\"caption\":\"FRANK Europe GmbH\"},\"image\":{\"@id\":\"https:\\\/\\\/www.frankeurope.com\\\/#\\\/schema\\\/logo\\\/image\\\/\"},\"sameAs\":[\"https:\\\/\\\/www.facebook.com\\\/frank.showcases\",\"https:\\\/\\\/x.com\\\/frankeurope\",\"https:\\\/\\\/www.instagram.com\\\/frank.museum.showcases\\\/\",\"https:\\\/\\\/www.linkedin.com\\\/company\\\/frank-europe-gmbh?trk=hb_tab_compy_id_3013411\",\"https:\\\/\\\/www.pinterest.de\\\/frankeurope\\\/\",\"https:\\\/\\\/www.youtube.com\\\/user\\\/frankeurope?feature=watch\"],\"description\":\"Die FRANK Europe GmbH ist ein weltweit f\u00fchrender Spezialist f\u00fcr hochwertige Vitrinensysteme und Pr\u00e4sentationsl\u00f6sungen, die vor allem in Museen, Galerien und im exklusiven Ladenbau zum Einsatz kommen. Das Herzst\u00fcck ist das patentierte FRANK-System, das durch eine pr\u00e4zise Verbindungstechnik von Acrylglas und Aluminiumprofilen eine schnelle, werkzeuglose Montage sowie maximale Flexibilit\u00e4t erm\u00f6glicht.\"}]}<\/script>\n<!-- \/ Yoast SEO Premium plugin. -->","yoast_head_json":{"title":"A propos de nous - Vitrines de mus\u00e9es FRANK","description":"La perfection en application, fonction et design. Les vitrines Frank sont conformes aux normes de qualit\u00e9 internationales et peuvent \u00eatre trouv\u00e9es dans tous les mus\u00e9es \/ expositions renomm\u00e9s du monde entier.","robots":{"index":"index","follow":"follow","max-snippet":"max-snippet:-1","max-image-preview":"max-image-preview:large","max-video-preview":"max-video-preview:-1"},"canonical":"https:\/\/www.frankeurope.com\/fr\/a-propos-de-nous\/","og_locale":"fr_FR","og_type":"article","og_title":"A propos de nous - Vitrines de mus\u00e9es FRANK","og_description":"La perfection en application, fonction et design. Les vitrines Frank sont conformes aux normes de qualit\u00e9 internationales et peuvent \u00eatre trouv\u00e9es dans tous les mus\u00e9es \/ expositions renomm\u00e9s du monde entier.","og_url":"https:\/\/www.frankeurope.com\/fr\/a-propos-de-nous\/","og_site_name":"Vitrines de mus\u00e9es FRANK","article_publisher":"https:\/\/www.facebook.com\/frank.showcases","article_modified_time":"2024-07-12T13:59:34+00:00","og_image":[{"width":1200,"height":628,"url":"https:\/\/www.frankeurope.com\/wp-content\/uploads\/2016\/08\/frank_facebook_site2-1.jpg","type":"image\/jpeg"}],"twitter_card":"summary_large_image","twitter_site":"@frankeurope","twitter_misc":{"Dur\u00e9e de lecture estim\u00e9e":"2 minutes"},"schema":{"@context":"https:\/\/schema.org","@graph":[{"@type":"WebPage","@id":"https:\/\/www.frankeurope.com\/fr\/a-propos-de-nous\/","url":"https:\/\/www.frankeurope.com\/fr\/a-propos-de-nous\/","name":"A propos de nous - Vitrines de mus\u00e9es FRANK","isPartOf":{"@id":"https:\/\/www.frankeurope.com\/#website"},"datePublished":"2019-05-13T12:14:03+00:00","dateModified":"2024-07-12T13:59:34+00:00","description":"La perfection en application, fonction et design. Les vitrines Frank sont conformes aux normes de qualit\u00e9 internationales et peuvent \u00eatre trouv\u00e9es dans tous les mus\u00e9es \/ expositions renomm\u00e9s du monde entier.","inLanguage":"fr-FR","potentialAction":[{"@type":"ReadAction","target":["https:\/\/www.frankeurope.com\/fr\/a-propos-de-nous\/"]}]},{"@type":"WebSite","@id":"https:\/\/www.frankeurope.com\/#website","url":"https:\/\/www.frankeurope.com\/","name":"FRANK Museums Vitrinen","description":"Ing\u00e9nierie de pr\u00e9cision Allemande en vitrines de mus\u00e9es","publisher":{"@id":"https:\/\/www.frankeurope.com\/#organization"},"potentialAction":[{"@type":"SearchAction","target":{"@type":"EntryPoint","urlTemplate":"https:\/\/www.frankeurope.com\/?s={search_term_string}"},"query-input":{"@type":"PropertyValueSpecification","valueRequired":true,"valueName":"search_term_string"}}],"inLanguage":"fr-FR"},{"@type":"Organization","@id":"https:\/\/www.frankeurope.com\/#organization","name":"FRANK Europe GmbH","url":"https:\/\/www.frankeurope.com\/","logo":{"@type":"ImageObject","inLanguage":"fr-FR","@id":"https:\/\/www.frankeurope.com\/#\/schema\/logo\/image\/","url":"https:\/\/www.frankeurope.com\/wp-content\/uploads\/2019\/10\/frank-europe-favicon.png","contentUrl":"https:\/\/www.frankeurope.com\/wp-content\/uploads\/2019\/10\/frank-europe-favicon.png","width":474,"height":474,"caption":"FRANK Europe GmbH"},"image":{"@id":"https:\/\/www.frankeurope.com\/#\/schema\/logo\/image\/"},"sameAs":["https:\/\/www.facebook.com\/frank.showcases","https:\/\/x.com\/frankeurope","https:\/\/www.instagram.com\/frank.museum.showcases\/","https:\/\/www.linkedin.com\/company\/frank-europe-gmbh?trk=hb_tab_compy_id_3013411","https:\/\/www.pinterest.de\/frankeurope\/","https:\/\/www.youtube.com\/user\/frankeurope?feature=watch"],"description":"Die FRANK Europe GmbH ist ein weltweit f\u00fchrender Spezialist f\u00fcr hochwertige Vitrinensysteme und Pr\u00e4sentationsl\u00f6sungen, die vor allem in Museen, Galerien und im exklusiven Ladenbau zum Einsatz kommen. Das Herzst\u00fcck ist das patentierte FRANK-System, das durch eine pr\u00e4zise Verbindungstechnik von Acrylglas und Aluminiumprofilen eine schnelle, werkzeuglose Montage sowie maximale Flexibilit\u00e4t erm\u00f6glicht."}]}},"_links":{"self":[{"href":"https:\/\/www.frankeurope.com\/fr\/wp-json\/wp\/v2\/pages\/64644","targetHints":{"allow":["GET"]}}],"collection":[{"href":"https:\/\/www.frankeurope.com\/fr\/wp-json\/wp\/v2\/pages"}],"about":[{"href":"https:\/\/www.frankeurope.com\/fr\/wp-json\/wp\/v2\/types\/page"}],"author":[{"embeddable":true,"href":"https:\/\/www.frankeurope.com\/fr\/wp-json\/wp\/v2\/users\/1"}],"replies":[{"embeddable":true,"href":"https:\/\/www.frankeurope.com\/fr\/wp-json\/wp\/v2\/comments?post=64644"}],"version-history":[{"count":0,"href":"https:\/\/www.frankeurope.com\/fr\/wp-json\/wp\/v2\/pages\/64644\/revisions"}],"wp:attachment":[{"href":"https:\/\/www.frankeurope.com\/fr\/wp-json\/wp\/v2\/media?parent=64644"}],"curies":[{"name":"wp","href":"https:\/\/api.w.org\/{rel}","templated":true}]}}