{"id":63515,"date":"2017-10-18T11:41:32","date_gmt":"2017-10-18T09:41:32","guid":{"rendered":"https:\/\/www.frankeurope.com\/tablarsystem\/"},"modified":"2023-11-07T14:58:11","modified_gmt":"2023-11-07T13:58:11","slug":"systeme-de-tablettes","status":"publish","type":"page","link":"https:\/\/www.frankeurope.com\/fr\/systeme-de-tablettes\/","title":{"rendered":"Syst\u00e8me de tablettes"},"content":{"rendered":"<div class=\"wpb-content-wrapper\"><p>[vc_row][vc_column][vc_custom_heading uncode_shortcode_id=&#8221;574790&#8243;]Syst\u00e8me de tablettes[\/vc_custom_heading][vc_column_text uncode_shortcode_id=&#8221;433303&#8243;]Nous proposons un <strong>syst\u00e8me de tablettes<\/strong> r\u00e9glable. La structure est en aluminium.<br \/>\nLes tablettes sont toujours en verre extra-blanc.Le verre peut \u00eatre feuillet\u00e9 ou tremp\u00e9.[\/vc_column_text][\/vc_column][\/vc_row][vc_row][vc_column column_width_percent=&#8221;100&#8243; align_horizontal=&#8221;align_center&#8221; gutter_size=&#8221;3&#8243; overlay_alpha=&#8221;50&#8243; shift_x=&#8221;0&#8243; shift_y=&#8221;0&#8243; shift_y_down=&#8221;0&#8243; z_index=&#8221;0&#8243; medium_width=&#8221;0&#8243; mobile_width=&#8221;0&#8243; uncode_shortcode_id=&#8221;188449&#8243;][vc_gallery el_id=&#8221;gallery-185499&#8243; medias=&#8221;61202,61199,54610,54456,61205,69845,61206&#8243; gutter_size=&#8221;3&#8243; screen_lg=&#8221;1000&#8243; screen_md=&#8221;600&#8243; screen_sm=&#8221;480&#8243; single_overlay_opacity=&#8221;50&#8243; single_padding=&#8221;2&#8243; uncode_shortcode_id=&#8221;105767&#8243;][vc_button border_width=&#8221;0&#8243; link=&#8221;url:https%3A%2F%2Fwww.frankeurope.com%2Ffr%2Fvitrines-de-musees-frank%2F%23frank-accessoires|title:Vitrine%20accessoires&#8221; uncode_shortcode_id=&#8221;320222&#8243;]Retour \u00e0 l&#8217;aper\u00e7u[\/vc_button][\/vc_column][\/vc_row]<\/p>\n<\/div>","protected":false},"excerpt":{"rendered":"<p>[vc_row][vc_column][vc_custom_heading uncode_shortcode_id=&#8221;574790&#8243;]Syst\u00e8me de tablettes[\/vc_custom_heading][vc_column_text uncode_shortcode_id=&#8221;433303&#8243;]Nous proposons un syst\u00e8me de tablettes r\u00e9glable. La structure est en aluminium. Les tablettes sont toujours [&hellip;]<\/p>\n","protected":false},"author":1,"featured_media":0,"parent":0,"menu_order":0,"comment_status":"closed","ping_status":"closed","template":"","meta":{"footnotes":""},"class_list":["post-63515","page","type-page","status-publish","hentry","page_category-frank-fr"],"yoast_head":"<!-- This site is optimized with the Yoast SEO Premium plugin v27.3 (Yoast SEO v27.3) - https:\/\/yoast.com\/product\/yoast-seo-premium-wordpress\/ -->\n<title>Syst\u00e8me de tablettes - Vitrines de mus\u00e9es FRANK<\/title>\n<meta name=\"description\" content=\"Nous proposons un syst\u00e8me de tablettes r\u00e9glable. La structure est en aluminium. Les tablettes sont toujours en verre extra-blanc.Le verre peut \u00eatre feuillet\u00e9 ou tremp\u00e9.\" \/>\n<meta name=\"robots\" content=\"index, follow, max-snippet:-1, max-image-preview:large, max-video-preview:-1\" \/>\n<link rel=\"canonical\" href=\"https:\/\/www.frankeurope.com\/fr\/systeme-de-tablettes\/\" \/>\n<meta property=\"og:locale\" content=\"fr_FR\" \/>\n<meta property=\"og:type\" content=\"article\" \/>\n<meta property=\"og:title\" content=\"Syst\u00e8me de tablettes - Vitrines de mus\u00e9es FRANK\" \/>\n<meta property=\"og:description\" content=\"Nous proposons un syst\u00e8me de tablettes r\u00e9glable. La structure est en aluminium. Les tablettes sont toujours en verre extra-blanc.Le verre peut \u00eatre feuillet\u00e9 ou tremp\u00e9.\" \/>\n<meta property=\"og:url\" content=\"https:\/\/www.frankeurope.com\/fr\/systeme-de-tablettes\/\" \/>\n<meta property=\"og:site_name\" content=\"Vitrines de mus\u00e9es FRANK\" \/>\n<meta property=\"article:publisher\" content=\"https:\/\/www.facebook.com\/frank.showcases\" \/>\n<meta property=\"article:modified_time\" content=\"2023-11-07T13:58:11+00:00\" \/>\n<meta property=\"og:image\" content=\"https:\/\/www.frankeurope.com\/wp-content\/uploads\/2016\/09\/karat_04_2015.jpg\" \/>\n\t<meta property=\"og:image:width\" content=\"3000\" \/>\n\t<meta property=\"og:image:height\" content=\"3000\" \/>\n\t<meta property=\"og:image:type\" content=\"image\/jpeg\" \/>\n<meta name=\"twitter:card\" content=\"summary_large_image\" \/>\n<meta name=\"twitter:site\" content=\"@frankeurope\" \/>\n<meta name=\"twitter:label1\" content=\"Dur\u00e9e de lecture estim\u00e9e\" \/>\n\t<meta name=\"twitter:data1\" content=\"1 minute\" \/>\n<script type=\"application\/ld+json\" class=\"yoast-schema-graph\">{\"@context\":\"https:\\\/\\\/schema.org\",\"@graph\":[{\"@type\":\"WebPage\",\"@id\":\"https:\\\/\\\/www.frankeurope.com\\\/fr\\\/systeme-de-tablettes\\\/\",\"url\":\"https:\\\/\\\/www.frankeurope.com\\\/fr\\\/systeme-de-tablettes\\\/\",\"name\":\"Syst\u00e8me de tablettes - Vitrines de mus\u00e9es FRANK\",\"isPartOf\":{\"@id\":\"https:\\\/\\\/www.frankeurope.com\\\/#website\"},\"datePublished\":\"2017-10-18T09:41:32+00:00\",\"dateModified\":\"2023-11-07T13:58:11+00:00\",\"description\":\"Nous proposons un syst\u00e8me de tablettes r\u00e9glable. La structure est en aluminium. Les tablettes sont toujours en verre extra-blanc.Le verre peut \u00eatre feuillet\u00e9 ou tremp\u00e9.\",\"inLanguage\":\"fr-FR\",\"potentialAction\":[{\"@type\":\"ReadAction\",\"target\":[\"https:\\\/\\\/www.frankeurope.com\\\/fr\\\/systeme-de-tablettes\\\/\"]}]},{\"@type\":\"WebSite\",\"@id\":\"https:\\\/\\\/www.frankeurope.com\\\/#website\",\"url\":\"https:\\\/\\\/www.frankeurope.com\\\/\",\"name\":\"FRANK Museums Vitrinen\",\"description\":\"Ing\u00e9nierie de pr\u00e9cision Allemande en vitrines de mus\u00e9es\",\"publisher\":{\"@id\":\"https:\\\/\\\/www.frankeurope.com\\\/#organization\"},\"potentialAction\":[{\"@type\":\"SearchAction\",\"target\":{\"@type\":\"EntryPoint\",\"urlTemplate\":\"https:\\\/\\\/www.frankeurope.com\\\/?s={search_term_string}\"},\"query-input\":{\"@type\":\"PropertyValueSpecification\",\"valueRequired\":true,\"valueName\":\"search_term_string\"}}],\"inLanguage\":\"fr-FR\"},{\"@type\":\"Organization\",\"@id\":\"https:\\\/\\\/www.frankeurope.com\\\/#organization\",\"name\":\"FRANK Europe GmbH\",\"url\":\"https:\\\/\\\/www.frankeurope.com\\\/\",\"logo\":{\"@type\":\"ImageObject\",\"inLanguage\":\"fr-FR\",\"@id\":\"https:\\\/\\\/www.frankeurope.com\\\/#\\\/schema\\\/logo\\\/image\\\/\",\"url\":\"https:\\\/\\\/www.frankeurope.com\\\/wp-content\\\/uploads\\\/2019\\\/10\\\/frank-europe-favicon.png\",\"contentUrl\":\"https:\\\/\\\/www.frankeurope.com\\\/wp-content\\\/uploads\\\/2019\\\/10\\\/frank-europe-favicon.png\",\"width\":474,\"height\":474,\"caption\":\"FRANK Europe GmbH\"},\"image\":{\"@id\":\"https:\\\/\\\/www.frankeurope.com\\\/#\\\/schema\\\/logo\\\/image\\\/\"},\"sameAs\":[\"https:\\\/\\\/www.facebook.com\\\/frank.showcases\",\"https:\\\/\\\/x.com\\\/frankeurope\",\"https:\\\/\\\/www.instagram.com\\\/frank.museum.showcases\\\/\",\"https:\\\/\\\/www.linkedin.com\\\/company\\\/frank-europe-gmbh?trk=hb_tab_compy_id_3013411\",\"https:\\\/\\\/www.pinterest.de\\\/frankeurope\\\/\",\"https:\\\/\\\/www.youtube.com\\\/user\\\/frankeurope?feature=watch\"],\"description\":\"Die FRANK Europe GmbH ist ein weltweit f\u00fchrender Spezialist f\u00fcr hochwertige Vitrinensysteme und Pr\u00e4sentationsl\u00f6sungen, die vor allem in Museen, Galerien und im exklusiven Ladenbau zum Einsatz kommen. Das Herzst\u00fcck ist das patentierte FRANK-System, das durch eine pr\u00e4zise Verbindungstechnik von Acrylglas und Aluminiumprofilen eine schnelle, werkzeuglose Montage sowie maximale Flexibilit\u00e4t erm\u00f6glicht.\"}]}<\/script>\n<!-- \/ Yoast SEO Premium plugin. -->","yoast_head_json":{"title":"Syst\u00e8me de tablettes - Vitrines de mus\u00e9es FRANK","description":"Nous proposons un syst\u00e8me de tablettes r\u00e9glable. La structure est en aluminium. Les tablettes sont toujours en verre extra-blanc.Le verre peut \u00eatre feuillet\u00e9 ou tremp\u00e9.","robots":{"index":"index","follow":"follow","max-snippet":"max-snippet:-1","max-image-preview":"max-image-preview:large","max-video-preview":"max-video-preview:-1"},"canonical":"https:\/\/www.frankeurope.com\/fr\/systeme-de-tablettes\/","og_locale":"fr_FR","og_type":"article","og_title":"Syst\u00e8me de tablettes - Vitrines de mus\u00e9es FRANK","og_description":"Nous proposons un syst\u00e8me de tablettes r\u00e9glable. La structure est en aluminium. Les tablettes sont toujours en verre extra-blanc.Le verre peut \u00eatre feuillet\u00e9 ou tremp\u00e9.","og_url":"https:\/\/www.frankeurope.com\/fr\/systeme-de-tablettes\/","og_site_name":"Vitrines de mus\u00e9es FRANK","article_publisher":"https:\/\/www.facebook.com\/frank.showcases","article_modified_time":"2023-11-07T13:58:11+00:00","og_image":[{"width":3000,"height":3000,"url":"https:\/\/www.frankeurope.com\/wp-content\/uploads\/2016\/09\/karat_04_2015.jpg","type":"image\/jpeg"}],"twitter_card":"summary_large_image","twitter_site":"@frankeurope","twitter_misc":{"Dur\u00e9e de lecture estim\u00e9e":"1 minute"},"schema":{"@context":"https:\/\/schema.org","@graph":[{"@type":"WebPage","@id":"https:\/\/www.frankeurope.com\/fr\/systeme-de-tablettes\/","url":"https:\/\/www.frankeurope.com\/fr\/systeme-de-tablettes\/","name":"Syst\u00e8me de tablettes - Vitrines de mus\u00e9es FRANK","isPartOf":{"@id":"https:\/\/www.frankeurope.com\/#website"},"datePublished":"2017-10-18T09:41:32+00:00","dateModified":"2023-11-07T13:58:11+00:00","description":"Nous proposons un syst\u00e8me de tablettes r\u00e9glable. La structure est en aluminium. Les tablettes sont toujours en verre extra-blanc.Le verre peut \u00eatre feuillet\u00e9 ou tremp\u00e9.","inLanguage":"fr-FR","potentialAction":[{"@type":"ReadAction","target":["https:\/\/www.frankeurope.com\/fr\/systeme-de-tablettes\/"]}]},{"@type":"WebSite","@id":"https:\/\/www.frankeurope.com\/#website","url":"https:\/\/www.frankeurope.com\/","name":"FRANK Museums Vitrinen","description":"Ing\u00e9nierie de pr\u00e9cision Allemande en vitrines de mus\u00e9es","publisher":{"@id":"https:\/\/www.frankeurope.com\/#organization"},"potentialAction":[{"@type":"SearchAction","target":{"@type":"EntryPoint","urlTemplate":"https:\/\/www.frankeurope.com\/?s={search_term_string}"},"query-input":{"@type":"PropertyValueSpecification","valueRequired":true,"valueName":"search_term_string"}}],"inLanguage":"fr-FR"},{"@type":"Organization","@id":"https:\/\/www.frankeurope.com\/#organization","name":"FRANK Europe GmbH","url":"https:\/\/www.frankeurope.com\/","logo":{"@type":"ImageObject","inLanguage":"fr-FR","@id":"https:\/\/www.frankeurope.com\/#\/schema\/logo\/image\/","url":"https:\/\/www.frankeurope.com\/wp-content\/uploads\/2019\/10\/frank-europe-favicon.png","contentUrl":"https:\/\/www.frankeurope.com\/wp-content\/uploads\/2019\/10\/frank-europe-favicon.png","width":474,"height":474,"caption":"FRANK Europe GmbH"},"image":{"@id":"https:\/\/www.frankeurope.com\/#\/schema\/logo\/image\/"},"sameAs":["https:\/\/www.facebook.com\/frank.showcases","https:\/\/x.com\/frankeurope","https:\/\/www.instagram.com\/frank.museum.showcases\/","https:\/\/www.linkedin.com\/company\/frank-europe-gmbh?trk=hb_tab_compy_id_3013411","https:\/\/www.pinterest.de\/frankeurope\/","https:\/\/www.youtube.com\/user\/frankeurope?feature=watch"],"description":"Die FRANK Europe GmbH ist ein weltweit f\u00fchrender Spezialist f\u00fcr hochwertige Vitrinensysteme und Pr\u00e4sentationsl\u00f6sungen, die vor allem in Museen, Galerien und im exklusiven Ladenbau zum Einsatz kommen. Das Herzst\u00fcck ist das patentierte FRANK-System, das durch eine pr\u00e4zise Verbindungstechnik von Acrylglas und Aluminiumprofilen eine schnelle, werkzeuglose Montage sowie maximale Flexibilit\u00e4t erm\u00f6glicht."}]}},"_links":{"self":[{"href":"https:\/\/www.frankeurope.com\/fr\/wp-json\/wp\/v2\/pages\/63515","targetHints":{"allow":["GET"]}}],"collection":[{"href":"https:\/\/www.frankeurope.com\/fr\/wp-json\/wp\/v2\/pages"}],"about":[{"href":"https:\/\/www.frankeurope.com\/fr\/wp-json\/wp\/v2\/types\/page"}],"author":[{"embeddable":true,"href":"https:\/\/www.frankeurope.com\/fr\/wp-json\/wp\/v2\/users\/1"}],"replies":[{"embeddable":true,"href":"https:\/\/www.frankeurope.com\/fr\/wp-json\/wp\/v2\/comments?post=63515"}],"version-history":[{"count":0,"href":"https:\/\/www.frankeurope.com\/fr\/wp-json\/wp\/v2\/pages\/63515\/revisions"}],"wp:attachment":[{"href":"https:\/\/www.frankeurope.com\/fr\/wp-json\/wp\/v2\/media?parent=63515"}],"curies":[{"name":"wp","href":"https:\/\/api.w.org\/{rel}","templated":true}]}}