{"id":58553,"date":"2017-05-04T15:57:27","date_gmt":"2017-05-04T13:57:27","guid":{"rendered":"http:\/\/frankeurope.com\/beleuchtung\/"},"modified":"2023-11-07T14:56:32","modified_gmt":"2023-11-07T13:56:32","slug":"eclairage-rails-magnetiques","status":"publish","type":"page","link":"https:\/\/www.frankeurope.com\/fr\/eclairage-rails-magnetiques\/","title":{"rendered":"Eclairage rails magnetiques"},"content":{"rendered":"<div class=\"wpb-content-wrapper\"><p>[vc_row][vc_column][vc_custom_heading uncode_shortcode_id=&#8221;135791&#8243;]Eclairage rails magnetiques[\/vc_custom_heading][vc_column_text uncode_shortcode_id=&#8221;148385&#8243;]La lumi\u00e8re que <strong>FRANK<\/strong> propose est sur des rails magn\u00e9tiques.<br \/>\nTous les spots en LED sont disponibles dans de diff\u00e9rentes couleurs (\u00b0K) et r\u00e9glable en densit\u00e9.<br \/>\nOn peut les plac\u00e9s librement o\u00f9 n\u00e9cessaire.[\/vc_column_text][\/vc_column][\/vc_row][vc_row][vc_column column_width_percent=&#8221;100&#8243; align_horizontal=&#8221;align_center&#8221; gutter_size=&#8221;3&#8243; overlay_alpha=&#8221;50&#8243; shift_x=&#8221;0&#8243; shift_y=&#8221;0&#8243; shift_y_down=&#8221;0&#8243; z_index=&#8221;0&#8243; medium_width=&#8221;0&#8243; mobile_width=&#8221;0&#8243; width=&#8221;1\/1&#8243; uncode_shortcode_id=&#8221;178674&#8243;][vc_gallery el_id=&#8221;gallery-185499&#8243; medias=&#8221;69801,69800,69799,69798,69797,69796,69795,69794,69793,69792,69791,69790,69780,69789,69788,69787,69786,69785,69784,69783,69782,69778,69777,69779,69781,57957,57956,54649,57950,54634&#8243; gutter_size=&#8221;3&#8243; media_items=&#8221;media|lightbox|original,icon,title&#8221; screen_lg=&#8221;1000&#8243; screen_md=&#8221;600&#8243; screen_sm=&#8221;480&#8243; single_width=&#8221;3&#8243; single_overlay_opacity=&#8221;50&#8243; single_padding=&#8221;2&#8243; uncode_shortcode_id=&#8221;366886&#8243;][vc_button border_width=&#8221;0&#8243; link=&#8221;url:https%3A%2F%2Fwww.frankeurope.com%2Ffr%2Fvitrines-de-musees-frank%2F%23frank-accessoires|title:Vitrine%20accessoires&#8221; uncode_shortcode_id=&#8221;320222&#8243;]Retour \u00e0 l&#8217;aper\u00e7u[\/vc_button][\/vc_column][\/vc_row]<\/p>\n<\/div>","protected":false},"excerpt":{"rendered":"<p>[vc_row][vc_column][vc_custom_heading uncode_shortcode_id=&#8221;135791&#8243;]Eclairage rails magnetiques[\/vc_custom_heading][vc_column_text uncode_shortcode_id=&#8221;148385&#8243;]La lumi\u00e8re que FRANK propose est sur des rails magn\u00e9tiques. Tous les spots en LED sont [&hellip;]<\/p>\n","protected":false},"author":1,"featured_media":0,"parent":0,"menu_order":30,"comment_status":"closed","ping_status":"closed","template":"","meta":{"footnotes":""},"class_list":["post-58553","page","type-page","status-publish","hentry"],"yoast_head":"<!-- This site is optimized with the Yoast SEO Premium plugin v27.3 (Yoast SEO v27.3) - https:\/\/yoast.com\/product\/yoast-seo-premium-wordpress\/ -->\n<title>Eclairage rails magnetiques - Vitrines de mus\u00e9es FRANK<\/title>\n<meta name=\"description\" content=\"La lumi\u00e8re que Frank propose est sur des rails magn\u00e9tiques. Tous les spots en LED sont disponibles dans de diff\u00e9rentes couleurs (\u00b0K) et r\u00e9glable en densit\u00e9.On peut les plac\u00e9s librement o\u00f9 n\u00e9cessaire.Zur Beleuchtung der Vitrinen bietet Frank ein einzigartiges magnetisches Schienensystem.\" \/>\n<meta name=\"robots\" content=\"index, follow, max-snippet:-1, max-image-preview:large, max-video-preview:-1\" \/>\n<link rel=\"canonical\" href=\"https:\/\/www.frankeurope.com\/fr\/eclairage-rails-magnetiques\/\" \/>\n<meta property=\"og:locale\" content=\"fr_FR\" \/>\n<meta property=\"og:type\" content=\"article\" \/>\n<meta property=\"og:title\" content=\"Eclairage rails magnetiques - Vitrines de mus\u00e9es FRANK\" \/>\n<meta property=\"og:description\" content=\"La lumi\u00e8re que Frank propose est sur des rails magn\u00e9tiques. Tous les spots en LED sont disponibles dans de diff\u00e9rentes couleurs (\u00b0K) et r\u00e9glable en densit\u00e9.On peut les plac\u00e9s librement o\u00f9 n\u00e9cessaire.Zur Beleuchtung der Vitrinen bietet Frank ein einzigartiges magnetisches Schienensystem.\" \/>\n<meta property=\"og:url\" content=\"https:\/\/www.frankeurope.com\/fr\/eclairage-rails-magnetiques\/\" \/>\n<meta property=\"og:site_name\" content=\"Vitrines de mus\u00e9es FRANK\" \/>\n<meta property=\"article:publisher\" content=\"https:\/\/www.facebook.com\/frank.showcases\" \/>\n<meta property=\"article:modified_time\" content=\"2023-11-07T13:56:32+00:00\" \/>\n<meta property=\"og:image\" content=\"https:\/\/www.frankeurope.com\/wp-content\/uploads\/2017\/12\/exponatec-2017-4.jpg\" \/>\n\t<meta property=\"og:image:width\" content=\"1024\" \/>\n\t<meta property=\"og:image:height\" content=\"768\" \/>\n\t<meta property=\"og:image:type\" content=\"image\/jpeg\" \/>\n<meta name=\"twitter:card\" content=\"summary_large_image\" \/>\n<meta name=\"twitter:site\" content=\"@frankeurope\" \/>\n<meta name=\"twitter:label1\" content=\"Dur\u00e9e de lecture estim\u00e9e\" \/>\n\t<meta name=\"twitter:data1\" content=\"1 minute\" \/>\n<script type=\"application\/ld+json\" class=\"yoast-schema-graph\">{\"@context\":\"https:\\\/\\\/schema.org\",\"@graph\":[{\"@type\":\"WebPage\",\"@id\":\"https:\\\/\\\/www.frankeurope.com\\\/fr\\\/eclairage-rails-magnetiques\\\/\",\"url\":\"https:\\\/\\\/www.frankeurope.com\\\/fr\\\/eclairage-rails-magnetiques\\\/\",\"name\":\"Eclairage rails magnetiques - Vitrines de mus\u00e9es FRANK\",\"isPartOf\":{\"@id\":\"https:\\\/\\\/www.frankeurope.com\\\/#website\"},\"datePublished\":\"2017-05-04T13:57:27+00:00\",\"dateModified\":\"2023-11-07T13:56:32+00:00\",\"description\":\"La lumi\u00e8re que Frank propose est sur des rails magn\u00e9tiques. Tous les spots en LED sont disponibles dans de diff\u00e9rentes couleurs (\u00b0K) et r\u00e9glable en densit\u00e9.On peut les plac\u00e9s librement o\u00f9 n\u00e9cessaire.Zur Beleuchtung der Vitrinen bietet Frank ein einzigartiges magnetisches Schienensystem.\",\"inLanguage\":\"fr-FR\",\"potentialAction\":[{\"@type\":\"ReadAction\",\"target\":[\"https:\\\/\\\/www.frankeurope.com\\\/fr\\\/eclairage-rails-magnetiques\\\/\"]}]},{\"@type\":\"WebSite\",\"@id\":\"https:\\\/\\\/www.frankeurope.com\\\/#website\",\"url\":\"https:\\\/\\\/www.frankeurope.com\\\/\",\"name\":\"FRANK Museums Vitrinen\",\"description\":\"Ing\u00e9nierie de pr\u00e9cision Allemande en vitrines de mus\u00e9es\",\"publisher\":{\"@id\":\"https:\\\/\\\/www.frankeurope.com\\\/#organization\"},\"potentialAction\":[{\"@type\":\"SearchAction\",\"target\":{\"@type\":\"EntryPoint\",\"urlTemplate\":\"https:\\\/\\\/www.frankeurope.com\\\/?s={search_term_string}\"},\"query-input\":{\"@type\":\"PropertyValueSpecification\",\"valueRequired\":true,\"valueName\":\"search_term_string\"}}],\"inLanguage\":\"fr-FR\"},{\"@type\":\"Organization\",\"@id\":\"https:\\\/\\\/www.frankeurope.com\\\/#organization\",\"name\":\"FRANK Europe GmbH\",\"url\":\"https:\\\/\\\/www.frankeurope.com\\\/\",\"logo\":{\"@type\":\"ImageObject\",\"inLanguage\":\"fr-FR\",\"@id\":\"https:\\\/\\\/www.frankeurope.com\\\/#\\\/schema\\\/logo\\\/image\\\/\",\"url\":\"https:\\\/\\\/www.frankeurope.com\\\/wp-content\\\/uploads\\\/2019\\\/10\\\/frank-europe-favicon.png\",\"contentUrl\":\"https:\\\/\\\/www.frankeurope.com\\\/wp-content\\\/uploads\\\/2019\\\/10\\\/frank-europe-favicon.png\",\"width\":474,\"height\":474,\"caption\":\"FRANK Europe GmbH\"},\"image\":{\"@id\":\"https:\\\/\\\/www.frankeurope.com\\\/#\\\/schema\\\/logo\\\/image\\\/\"},\"sameAs\":[\"https:\\\/\\\/www.facebook.com\\\/frank.showcases\",\"https:\\\/\\\/x.com\\\/frankeurope\",\"https:\\\/\\\/www.instagram.com\\\/frank.museum.showcases\\\/\",\"https:\\\/\\\/www.linkedin.com\\\/company\\\/frank-europe-gmbh?trk=hb_tab_compy_id_3013411\",\"https:\\\/\\\/www.pinterest.de\\\/frankeurope\\\/\",\"https:\\\/\\\/www.youtube.com\\\/user\\\/frankeurope?feature=watch\"],\"description\":\"Die FRANK Europe GmbH ist ein weltweit f\u00fchrender Spezialist f\u00fcr hochwertige Vitrinensysteme und Pr\u00e4sentationsl\u00f6sungen, die vor allem in Museen, Galerien und im exklusiven Ladenbau zum Einsatz kommen. Das Herzst\u00fcck ist das patentierte FRANK-System, das durch eine pr\u00e4zise Verbindungstechnik von Acrylglas und Aluminiumprofilen eine schnelle, werkzeuglose Montage sowie maximale Flexibilit\u00e4t erm\u00f6glicht.\"}]}<\/script>\n<!-- \/ Yoast SEO Premium plugin. -->","yoast_head_json":{"title":"Eclairage rails magnetiques - Vitrines de mus\u00e9es FRANK","description":"La lumi\u00e8re que Frank propose est sur des rails magn\u00e9tiques. Tous les spots en LED sont disponibles dans de diff\u00e9rentes couleurs (\u00b0K) et r\u00e9glable en densit\u00e9.On peut les plac\u00e9s librement o\u00f9 n\u00e9cessaire.Zur Beleuchtung der Vitrinen bietet Frank ein einzigartiges magnetisches Schienensystem.","robots":{"index":"index","follow":"follow","max-snippet":"max-snippet:-1","max-image-preview":"max-image-preview:large","max-video-preview":"max-video-preview:-1"},"canonical":"https:\/\/www.frankeurope.com\/fr\/eclairage-rails-magnetiques\/","og_locale":"fr_FR","og_type":"article","og_title":"Eclairage rails magnetiques - Vitrines de mus\u00e9es FRANK","og_description":"La lumi\u00e8re que Frank propose est sur des rails magn\u00e9tiques. Tous les spots en LED sont disponibles dans de diff\u00e9rentes couleurs (\u00b0K) et r\u00e9glable en densit\u00e9.On peut les plac\u00e9s librement o\u00f9 n\u00e9cessaire.Zur Beleuchtung der Vitrinen bietet Frank ein einzigartiges magnetisches Schienensystem.","og_url":"https:\/\/www.frankeurope.com\/fr\/eclairage-rails-magnetiques\/","og_site_name":"Vitrines de mus\u00e9es FRANK","article_publisher":"https:\/\/www.facebook.com\/frank.showcases","article_modified_time":"2023-11-07T13:56:32+00:00","og_image":[{"width":1024,"height":768,"url":"https:\/\/www.frankeurope.com\/wp-content\/uploads\/2017\/12\/exponatec-2017-4.jpg","type":"image\/jpeg"}],"twitter_card":"summary_large_image","twitter_site":"@frankeurope","twitter_misc":{"Dur\u00e9e de lecture estim\u00e9e":"1 minute"},"schema":{"@context":"https:\/\/schema.org","@graph":[{"@type":"WebPage","@id":"https:\/\/www.frankeurope.com\/fr\/eclairage-rails-magnetiques\/","url":"https:\/\/www.frankeurope.com\/fr\/eclairage-rails-magnetiques\/","name":"Eclairage rails magnetiques - Vitrines de mus\u00e9es FRANK","isPartOf":{"@id":"https:\/\/www.frankeurope.com\/#website"},"datePublished":"2017-05-04T13:57:27+00:00","dateModified":"2023-11-07T13:56:32+00:00","description":"La lumi\u00e8re que Frank propose est sur des rails magn\u00e9tiques. Tous les spots en LED sont disponibles dans de diff\u00e9rentes couleurs (\u00b0K) et r\u00e9glable en densit\u00e9.On peut les plac\u00e9s librement o\u00f9 n\u00e9cessaire.Zur Beleuchtung der Vitrinen bietet Frank ein einzigartiges magnetisches Schienensystem.","inLanguage":"fr-FR","potentialAction":[{"@type":"ReadAction","target":["https:\/\/www.frankeurope.com\/fr\/eclairage-rails-magnetiques\/"]}]},{"@type":"WebSite","@id":"https:\/\/www.frankeurope.com\/#website","url":"https:\/\/www.frankeurope.com\/","name":"FRANK Museums Vitrinen","description":"Ing\u00e9nierie de pr\u00e9cision Allemande en vitrines de mus\u00e9es","publisher":{"@id":"https:\/\/www.frankeurope.com\/#organization"},"potentialAction":[{"@type":"SearchAction","target":{"@type":"EntryPoint","urlTemplate":"https:\/\/www.frankeurope.com\/?s={search_term_string}"},"query-input":{"@type":"PropertyValueSpecification","valueRequired":true,"valueName":"search_term_string"}}],"inLanguage":"fr-FR"},{"@type":"Organization","@id":"https:\/\/www.frankeurope.com\/#organization","name":"FRANK Europe GmbH","url":"https:\/\/www.frankeurope.com\/","logo":{"@type":"ImageObject","inLanguage":"fr-FR","@id":"https:\/\/www.frankeurope.com\/#\/schema\/logo\/image\/","url":"https:\/\/www.frankeurope.com\/wp-content\/uploads\/2019\/10\/frank-europe-favicon.png","contentUrl":"https:\/\/www.frankeurope.com\/wp-content\/uploads\/2019\/10\/frank-europe-favicon.png","width":474,"height":474,"caption":"FRANK Europe GmbH"},"image":{"@id":"https:\/\/www.frankeurope.com\/#\/schema\/logo\/image\/"},"sameAs":["https:\/\/www.facebook.com\/frank.showcases","https:\/\/x.com\/frankeurope","https:\/\/www.instagram.com\/frank.museum.showcases\/","https:\/\/www.linkedin.com\/company\/frank-europe-gmbh?trk=hb_tab_compy_id_3013411","https:\/\/www.pinterest.de\/frankeurope\/","https:\/\/www.youtube.com\/user\/frankeurope?feature=watch"],"description":"Die FRANK Europe GmbH ist ein weltweit f\u00fchrender Spezialist f\u00fcr hochwertige Vitrinensysteme und Pr\u00e4sentationsl\u00f6sungen, die vor allem in Museen, Galerien und im exklusiven Ladenbau zum Einsatz kommen. Das Herzst\u00fcck ist das patentierte FRANK-System, das durch eine pr\u00e4zise Verbindungstechnik von Acrylglas und Aluminiumprofilen eine schnelle, werkzeuglose Montage sowie maximale Flexibilit\u00e4t erm\u00f6glicht."}]}},"_links":{"self":[{"href":"https:\/\/www.frankeurope.com\/fr\/wp-json\/wp\/v2\/pages\/58553","targetHints":{"allow":["GET"]}}],"collection":[{"href":"https:\/\/www.frankeurope.com\/fr\/wp-json\/wp\/v2\/pages"}],"about":[{"href":"https:\/\/www.frankeurope.com\/fr\/wp-json\/wp\/v2\/types\/page"}],"author":[{"embeddable":true,"href":"https:\/\/www.frankeurope.com\/fr\/wp-json\/wp\/v2\/users\/1"}],"replies":[{"embeddable":true,"href":"https:\/\/www.frankeurope.com\/fr\/wp-json\/wp\/v2\/comments?post=58553"}],"version-history":[{"count":0,"href":"https:\/\/www.frankeurope.com\/fr\/wp-json\/wp\/v2\/pages\/58553\/revisions"}],"wp:attachment":[{"href":"https:\/\/www.frankeurope.com\/fr\/wp-json\/wp\/v2\/media?parent=58553"}],"curies":[{"name":"wp","href":"https:\/\/api.w.org\/{rel}","templated":true}]}}