{"id":58529,"date":"2017-01-04T01:24:23","date_gmt":"2017-01-04T00:24:23","guid":{"rendered":"http:\/\/frankeurope.com\/portfolio\/"},"modified":"2021-06-09T12:24:30","modified_gmt":"2021-06-09T10:24:30","slug":"frank-projets","status":"publish","type":"page","link":"https:\/\/www.frankeurope.com\/fr\/frank-projets\/","title":{"rendered":"Projets"},"content":{"rendered":"<div class=\"wpb-content-wrapper\"><p>[vc_row][vc_column column_width_percent=&#8221;100&#8243; gutter_size=&#8221;3&#8243; overlay_alpha=&#8221;50&#8243; shift_x=&#8221;0&#8243; shift_y=&#8221;0&#8243; shift_y_down=&#8221;0&#8243; z_index=&#8221;0&#8243; medium_width=&#8221;0&#8243; mobile_width=&#8221;0&#8243; width=&#8221;1\/1&#8243;][uncode_index el_id=&#8221;index-360470&#8243; isotope_mode=&#8221;packery&#8221; loop=&#8221;size:All|order_by:date|post_type:portfolio&#8221; style_preset=&#8221;metro&#8221; filtering=&#8221;yes&#8221; filter_style=&#8221;dark&#8221; filtering_full_width=&#8221;yes&#8221; filtering_position=&#8221;center&#8221; filtering_uppercase=&#8221;yes&#8221; infinite=&#8221;yes&#8221; footer_style=&#8221;dark&#8221; gutter_size=&#8221;3&#8243; portfolio_items=&#8221;media|featured|onpost|original,title,category|nobg|relative|display-icon&#8221; screen_lg=&#8221;1000&#8243; screen_md=&#8221;600&#8243; screen_sm=&#8221;480&#8243; single_style=&#8221;dark&#8221; single_overlay_opacity=&#8221;50&#8243; single_padding=&#8221;2&#8243; title=&#8221;Portfolio&#8221; order_ids=&#8221;62610,48569,62687,54757,48628,62139,61997,62068,62187,62309,62020,54830,62113,54708,48583,48635&#8243;][\/vc_column][\/vc_row][vc_row row_height_percent=&#8221;0&#8243; back_color=&#8221;color-DECDB5&#8243; overlay_alpha=&#8221;50&#8243; gutter_size=&#8221;3&#8243; column_width_percent=&#8221;100&#8243; shift_y=&#8221;0&#8243; z_index=&#8221;0&#8243;][vc_column width=&#8221;1\/1&#8243;][vc_empty_space empty_h=&#8221;0&#8243;][\/vc_column][\/vc_row][vc_row row_height_percent=&#8221;0&#8243; back_color=&#8221;color-DECDB5&#8243; overlay_alpha=&#8221;50&#8243; gutter_size=&#8221;3&#8243; column_width_percent=&#8221;100&#8243; shift_y=&#8221;0&#8243; z_index=&#8221;0&#8243;][vc_column column_width_percent=&#8221;100&#8243; gutter_size=&#8221;3&#8243; style=&#8221;light&#8221; overlay_alpha=&#8221;50&#8243; shift_x=&#8221;0&#8243; shift_y=&#8221;0&#8243; shift_y_down=&#8221;0&#8243; z_index=&#8221;0&#8243; medium_width=&#8221;0&#8243; mobile_width=&#8221;0&#8243; width=&#8221;1\/4&#8243;][vc_wp_text][\/vc_wp_text][\/vc_column][vc_column column_width_percent=&#8221;100&#8243; align_horizontal=&#8221;align_center&#8221; gutter_size=&#8221;3&#8243; overlay_alpha=&#8221;50&#8243; shift_x=&#8221;0&#8243; shift_y=&#8221;0&#8243; shift_y_down=&#8221;0&#8243; z_index=&#8221;0&#8243; medium_width=&#8221;0&#8243; mobile_width=&#8221;0&#8243; width=&#8221;1\/2&#8243;][vc_column_text]<\/p>\n<h2 class=\"western\" style=\"text-align: center;\"><span style=\"color: #000000;\">R\u00c9F\u00c9RENCES<\/span><\/h2>\n<p style=\"text-align: center;\"><span style=\"color: #000000;\">Si vous choisissez de travaillez avec FRANK, vous serrez dans de bonnes mains, car nous avons con\u00e7u et install\u00e9 un grand nombres de mus\u00e9es renomm\u00e9s avec nos syst\u00e8mes de vitrines haute gammes. <\/span><span style=\"color: #000000;\">Cependant, cela ne veut pas dire que nous ne valorisons pas des projets plus modestes. Quel que soit votre budget, le nombre de vitrines souhait\u00e9es, nous vous apporterons la m\u00eame attention et le m\u00eame service, c\u2019est cela qui a rendu la marque \u00ab FRANK \u00bb synonyme de vitrine d\u2019excellente qualit\u00e9 \u00e0 prix abordable \u00e0 tous.<\/span><\/p>\n<p style=\"text-align: center;\"><span style=\"color: #000000;\">Veuillez prendre un moment pour regarder la diversit\u00e9 de notre client\u00e8le toujours satisfaite que ce soit des mus\u00e9es, des expositions ou m\u00eame de la vente en d\u00e9tail.<\/span><\/p>\n<p>[\/vc_column_text][\/vc_column][vc_column width=&#8221;1\/4&#8243;][\/vc_column][\/vc_row][vc_row row_height_percent=&#8221;0&#8243; back_color=&#8221;color-DECDB5&#8243; overlay_alpha=&#8221;50&#8243; gutter_size=&#8221;3&#8243; column_width_percent=&#8221;100&#8243; shift_y=&#8221;0&#8243; z_index=&#8221;0&#8243;][vc_column width=&#8221;1\/1&#8243;][vc_column_text]<\/p>\n<h3 style=\"text-align: center; line-height: 180%;\"><span style=\"color: #cba16d;\">The Cloisters &#8211; The Metropolitan Museum of Art, NY \u2022 Germanisches Nationalmuseum N\u00fcrnberg \u2022 Museum of Fine Arts, Budapest \u2022 Smithsonian Institution Washington \u2022 The British Museum, London \u2022 Victoria &amp; Albert Museum, London \u2022 Aga Khan Museum, Kanada \u2022 Dresdner Schloss \u2022 Cit\u00e9 de l&#8217;histoire de l&#8217;immigration, Paris \u2022 Ozeaneum Stralsund \u2022 Turkish Cammer, Dresden \u2022 Europarat, Br\u00fcssel \u2022 Marks &amp; Spencer, Leeds \u2022 Eintracht Museum, Frankfurt \u2022 Palace King Abdullah, Riyadh \u2022 University of British Columbia \u2022 Museum of Anthropology, LA \u2022 The National History Museum of Los Angeles \u2022 The British Library \u2022 Museum of London \u2022 Museo Sefard\u00ed de Toledo \u2022 Robert Koch Stiftung, Stuttgart \u2022 Museum Bozar Br\u00fcssel \u2022 Henry Ford Museum, Detroit \u2022 Topkap\u0131-Palast, Istanbul \u2022 Senckenberg Museum, Frankfurt \u2022 Canadian War Museum \u2022 Gr\u00fcnes Gew\u00f6lbe, Dresden \u2022 Stadt Rheine \u2022 National Germanic Museum, N\u00fcrnberg \u2022 Degussa R\u00f6hm Darmstadt \u2022 Hermitage St. Petersburg \u2022 Museum of Ethnology, Budapest \u2022 National Gallery of Australia \u2022 Frankfurt Flughafen \u2022 Alc\u00e1zar de Toledo \u2022 Turkish Pavillon Expo \u2022 Liverpool Museum \u2022 UNO Headquarter New York \u2022 Armee Museum Br\u00fcssel \u2022 K\u00f6rperwelten \/ bodyworld \u2022 The Orient Museum, Funda\u00e7\u00e3o Oriente, Lisbon \u2022 Bundestag Berlin \u2022 Deutscher Bundestag, Paul L\u00f6be Haus \u2022 Pfizer Messestand \u2022 Hauptbahnhof, Freiburg \u2022 Armani Store Stockholm \u2022 Palazzo Ducale, Venedig \u2022 Stockholm Collin Barracks, Dublin \u2022 Al Musmak Fortress, Riyadh, Saudi Arabia \u2022 Kunsthalle Mainz &#8230;<\/span><\/h3>\n<p>[\/vc_column_text][\/vc_column][\/vc_row][vc_row row_height_percent=&#8221;0&#8243; back_color=&#8221;color-DECDB5&#8243; overlay_alpha=&#8221;50&#8243; gutter_size=&#8221;3&#8243; column_width_percent=&#8221;100&#8243; shift_y=&#8221;0&#8243; z_index=&#8221;0&#8243;][vc_column width=&#8221;1\/4&#8243;][\/vc_column][vc_column width=&#8221;1\/2&#8243;][vc_column_text]<\/p>\n<p style=\"text-align: center;\"><span style=\"color: #000000;\">Il y en a bien plus que ceux \u00e9num\u00e9r\u00e9s, mais cela vous donnera une id\u00e9e\u2026<\/span><\/p>\n<p style=\"text-align: center;\"><span style=\"color: #000000;\">A special thanks to all the museums with whom we work and their always positive attitude allowing us to use their pictures as references,<br \/>\nespecially Museum of Cultural History, University of Oslo\/Kirsten Jensen Helgeland.<\/span><\/p>\n<p>[\/vc_column_text][\/vc_column][vc_column width=&#8221;1\/4&#8243;][\/vc_column][\/vc_row][vc_row row_height_percent=&#8221;0&#8243; back_color=&#8221;color-DECDB5&#8243; overlay_alpha=&#8221;50&#8243; gutter_size=&#8221;3&#8243; column_width_percent=&#8221;100&#8243; shift_y=&#8221;0&#8243; z_index=&#8221;0&#8243; shape_dividers=&#8221;&#8221;][vc_column width=&#8221;1\/1&#8243;][vc_empty_space][\/vc_column][\/vc_row]<\/p>\n<\/div>","protected":false},"excerpt":{"rendered":"<p>[vc_row][vc_column column_width_percent=&#8221;100&#8243; gutter_size=&#8221;3&#8243; overlay_alpha=&#8221;50&#8243; shift_x=&#8221;0&#8243; shift_y=&#8221;0&#8243; shift_y_down=&#8221;0&#8243; z_index=&#8221;0&#8243; medium_width=&#8221;0&#8243; mobile_width=&#8221;0&#8243; width=&#8221;1\/1&#8243;][uncode_index el_id=&#8221;index-360470&#8243; isotope_mode=&#8221;packery&#8221; loop=&#8221;size:All|order_by:date|post_type:portfolio&#8221; style_preset=&#8221;metro&#8221; filtering=&#8221;yes&#8221; filter_style=&#8221;dark&#8221; filtering_full_width=&#8221;yes&#8221; filtering_position=&#8221;center&#8221; filtering_uppercase=&#8221;yes&#8221; [&hellip;]<\/p>\n","protected":false},"author":1,"featured_media":0,"parent":0,"menu_order":40,"comment_status":"closed","ping_status":"closed","template":"","meta":{"footnotes":""},"class_list":["post-58529","page","type-page","status-publish","hentry","page_category-frank-vitrines-acrylique","page_category-top-menu-fr"],"yoast_head":"<!-- This site is optimized with the Yoast SEO Premium plugin v27.4 (Yoast SEO v27.4) - https:\/\/yoast.com\/product\/yoast-seo-premium-wordpress\/ -->\n<title>Projets - Vitrines de mus\u00e9es FRANK<\/title>\n<meta name=\"description\" content=\"Si vous choisissez de travaillez avec FRANK, vous serrez dans de bonnes mains, car nous avons con\u00e7u et install\u00e9 un grand nombres de mus\u00e9es renomm\u00e9s avec nos syst\u00e8mes de vitrines haute gammes.\" \/>\n<meta name=\"robots\" content=\"index, follow, max-snippet:-1, max-image-preview:large, max-video-preview:-1\" \/>\n<link rel=\"canonical\" href=\"https:\/\/www.frankeurope.com\/fr\/frank-projets\/\" \/>\n<meta property=\"og:locale\" content=\"fr_FR\" \/>\n<meta property=\"og:type\" content=\"article\" \/>\n<meta property=\"og:title\" content=\"Projets - Vitrines de mus\u00e9es FRANK\" \/>\n<meta property=\"og:description\" content=\"Si vous choisissez de travaillez avec FRANK, vous serrez dans de bonnes mains, car nous avons con\u00e7u et install\u00e9 un grand nombres de mus\u00e9es renomm\u00e9s avec nos syst\u00e8mes de vitrines haute gammes.\" \/>\n<meta property=\"og:url\" content=\"https:\/\/www.frankeurope.com\/fr\/frank-projets\/\" \/>\n<meta property=\"og:site_name\" content=\"Vitrines de mus\u00e9es FRANK\" \/>\n<meta property=\"article:publisher\" content=\"https:\/\/www.facebook.com\/frank.showcases\" \/>\n<meta property=\"article:modified_time\" content=\"2021-06-09T10:24:30+00:00\" \/>\n<meta property=\"og:image\" content=\"https:\/\/www.frankeurope.com\/wp-content\/uploads\/2016\/08\/frank_facebook_site2-1.jpg\" \/>\n\t<meta property=\"og:image:width\" content=\"1200\" \/>\n\t<meta property=\"og:image:height\" content=\"628\" \/>\n\t<meta property=\"og:image:type\" content=\"image\/jpeg\" \/>\n<meta name=\"twitter:card\" content=\"summary_large_image\" \/>\n<meta name=\"twitter:site\" content=\"@frankeurope\" \/>\n<meta name=\"twitter:label1\" content=\"Dur\u00e9e de lecture estim\u00e9e\" \/>\n\t<meta name=\"twitter:data1\" content=\"4 minutes\" \/>\n<script type=\"application\/ld+json\" class=\"yoast-schema-graph\">{\"@context\":\"https:\\\/\\\/schema.org\",\"@graph\":[{\"@type\":\"WebPage\",\"@id\":\"https:\\\/\\\/www.frankeurope.com\\\/fr\\\/frank-projets\\\/\",\"url\":\"https:\\\/\\\/www.frankeurope.com\\\/fr\\\/frank-projets\\\/\",\"name\":\"Projets - Vitrines de mus\u00e9es FRANK\",\"isPartOf\":{\"@id\":\"https:\\\/\\\/www.frankeurope.com\\\/#website\"},\"datePublished\":\"2017-01-04T00:24:23+00:00\",\"dateModified\":\"2021-06-09T10:24:30+00:00\",\"description\":\"Si vous choisissez de travaillez avec FRANK, vous serrez dans de bonnes mains, car nous avons con\u00e7u et install\u00e9 un grand nombres de mus\u00e9es renomm\u00e9s avec nos syst\u00e8mes de vitrines haute gammes.\",\"inLanguage\":\"fr-FR\",\"potentialAction\":[{\"@type\":\"ReadAction\",\"target\":[\"https:\\\/\\\/www.frankeurope.com\\\/fr\\\/frank-projets\\\/\"]}]},{\"@type\":\"WebSite\",\"@id\":\"https:\\\/\\\/www.frankeurope.com\\\/#website\",\"url\":\"https:\\\/\\\/www.frankeurope.com\\\/\",\"name\":\"FRANK Museums Vitrinen\",\"description\":\"Ing\u00e9nierie de pr\u00e9cision Allemande en vitrines de mus\u00e9es\",\"publisher\":{\"@id\":\"https:\\\/\\\/www.frankeurope.com\\\/#organization\"},\"potentialAction\":[{\"@type\":\"SearchAction\",\"target\":{\"@type\":\"EntryPoint\",\"urlTemplate\":\"https:\\\/\\\/www.frankeurope.com\\\/?s={search_term_string}\"},\"query-input\":{\"@type\":\"PropertyValueSpecification\",\"valueRequired\":true,\"valueName\":\"search_term_string\"}}],\"inLanguage\":\"fr-FR\"},{\"@type\":\"Organization\",\"@id\":\"https:\\\/\\\/www.frankeurope.com\\\/#organization\",\"name\":\"FRANK Europe GmbH\",\"url\":\"https:\\\/\\\/www.frankeurope.com\\\/\",\"logo\":{\"@type\":\"ImageObject\",\"inLanguage\":\"fr-FR\",\"@id\":\"https:\\\/\\\/www.frankeurope.com\\\/#\\\/schema\\\/logo\\\/image\\\/\",\"url\":\"https:\\\/\\\/www.frankeurope.com\\\/wp-content\\\/uploads\\\/2019\\\/10\\\/frank-europe-favicon.png\",\"contentUrl\":\"https:\\\/\\\/www.frankeurope.com\\\/wp-content\\\/uploads\\\/2019\\\/10\\\/frank-europe-favicon.png\",\"width\":474,\"height\":474,\"caption\":\"FRANK Europe GmbH\"},\"image\":{\"@id\":\"https:\\\/\\\/www.frankeurope.com\\\/#\\\/schema\\\/logo\\\/image\\\/\"},\"sameAs\":[\"https:\\\/\\\/www.facebook.com\\\/frank.showcases\",\"https:\\\/\\\/x.com\\\/frankeurope\",\"https:\\\/\\\/www.instagram.com\\\/frank.museum.showcases\\\/\",\"https:\\\/\\\/www.linkedin.com\\\/company\\\/frank-europe-gmbh?trk=hb_tab_compy_id_3013411\",\"https:\\\/\\\/www.pinterest.de\\\/frankeurope\\\/\",\"https:\\\/\\\/www.youtube.com\\\/user\\\/frankeurope?feature=watch\"],\"description\":\"Die FRANK Europe GmbH ist ein weltweit f\u00fchrender Spezialist f\u00fcr hochwertige Vitrinensysteme und Pr\u00e4sentationsl\u00f6sungen, die vor allem in Museen, Galerien und im exklusiven Ladenbau zum Einsatz kommen. Das Herzst\u00fcck ist das patentierte FRANK-System, das durch eine pr\u00e4zise Verbindungstechnik von Acrylglas und Aluminiumprofilen eine schnelle, werkzeuglose Montage sowie maximale Flexibilit\u00e4t erm\u00f6glicht.\"}]}<\/script>\n<!-- \/ Yoast SEO Premium plugin. -->","yoast_head_json":{"title":"Projets - Vitrines de mus\u00e9es FRANK","description":"Si vous choisissez de travaillez avec FRANK, vous serrez dans de bonnes mains, car nous avons con\u00e7u et install\u00e9 un grand nombres de mus\u00e9es renomm\u00e9s avec nos syst\u00e8mes de vitrines haute gammes.","robots":{"index":"index","follow":"follow","max-snippet":"max-snippet:-1","max-image-preview":"max-image-preview:large","max-video-preview":"max-video-preview:-1"},"canonical":"https:\/\/www.frankeurope.com\/fr\/frank-projets\/","og_locale":"fr_FR","og_type":"article","og_title":"Projets - Vitrines de mus\u00e9es FRANK","og_description":"Si vous choisissez de travaillez avec FRANK, vous serrez dans de bonnes mains, car nous avons con\u00e7u et install\u00e9 un grand nombres de mus\u00e9es renomm\u00e9s avec nos syst\u00e8mes de vitrines haute gammes.","og_url":"https:\/\/www.frankeurope.com\/fr\/frank-projets\/","og_site_name":"Vitrines de mus\u00e9es FRANK","article_publisher":"https:\/\/www.facebook.com\/frank.showcases","article_modified_time":"2021-06-09T10:24:30+00:00","og_image":[{"width":1200,"height":628,"url":"https:\/\/www.frankeurope.com\/wp-content\/uploads\/2016\/08\/frank_facebook_site2-1.jpg","type":"image\/jpeg"}],"twitter_card":"summary_large_image","twitter_site":"@frankeurope","twitter_misc":{"Dur\u00e9e de lecture estim\u00e9e":"4 minutes"},"schema":{"@context":"https:\/\/schema.org","@graph":[{"@type":"WebPage","@id":"https:\/\/www.frankeurope.com\/fr\/frank-projets\/","url":"https:\/\/www.frankeurope.com\/fr\/frank-projets\/","name":"Projets - Vitrines de mus\u00e9es FRANK","isPartOf":{"@id":"https:\/\/www.frankeurope.com\/#website"},"datePublished":"2017-01-04T00:24:23+00:00","dateModified":"2021-06-09T10:24:30+00:00","description":"Si vous choisissez de travaillez avec FRANK, vous serrez dans de bonnes mains, car nous avons con\u00e7u et install\u00e9 un grand nombres de mus\u00e9es renomm\u00e9s avec nos syst\u00e8mes de vitrines haute gammes.","inLanguage":"fr-FR","potentialAction":[{"@type":"ReadAction","target":["https:\/\/www.frankeurope.com\/fr\/frank-projets\/"]}]},{"@type":"WebSite","@id":"https:\/\/www.frankeurope.com\/#website","url":"https:\/\/www.frankeurope.com\/","name":"FRANK Museums Vitrinen","description":"Ing\u00e9nierie de pr\u00e9cision Allemande en vitrines de mus\u00e9es","publisher":{"@id":"https:\/\/www.frankeurope.com\/#organization"},"potentialAction":[{"@type":"SearchAction","target":{"@type":"EntryPoint","urlTemplate":"https:\/\/www.frankeurope.com\/?s={search_term_string}"},"query-input":{"@type":"PropertyValueSpecification","valueRequired":true,"valueName":"search_term_string"}}],"inLanguage":"fr-FR"},{"@type":"Organization","@id":"https:\/\/www.frankeurope.com\/#organization","name":"FRANK Europe GmbH","url":"https:\/\/www.frankeurope.com\/","logo":{"@type":"ImageObject","inLanguage":"fr-FR","@id":"https:\/\/www.frankeurope.com\/#\/schema\/logo\/image\/","url":"https:\/\/www.frankeurope.com\/wp-content\/uploads\/2019\/10\/frank-europe-favicon.png","contentUrl":"https:\/\/www.frankeurope.com\/wp-content\/uploads\/2019\/10\/frank-europe-favicon.png","width":474,"height":474,"caption":"FRANK Europe GmbH"},"image":{"@id":"https:\/\/www.frankeurope.com\/#\/schema\/logo\/image\/"},"sameAs":["https:\/\/www.facebook.com\/frank.showcases","https:\/\/x.com\/frankeurope","https:\/\/www.instagram.com\/frank.museum.showcases\/","https:\/\/www.linkedin.com\/company\/frank-europe-gmbh?trk=hb_tab_compy_id_3013411","https:\/\/www.pinterest.de\/frankeurope\/","https:\/\/www.youtube.com\/user\/frankeurope?feature=watch"],"description":"Die FRANK Europe GmbH ist ein weltweit f\u00fchrender Spezialist f\u00fcr hochwertige Vitrinensysteme und Pr\u00e4sentationsl\u00f6sungen, die vor allem in Museen, Galerien und im exklusiven Ladenbau zum Einsatz kommen. Das Herzst\u00fcck ist das patentierte FRANK-System, das durch eine pr\u00e4zise Verbindungstechnik von Acrylglas und Aluminiumprofilen eine schnelle, werkzeuglose Montage sowie maximale Flexibilit\u00e4t erm\u00f6glicht."}]}},"_links":{"self":[{"href":"https:\/\/www.frankeurope.com\/fr\/wp-json\/wp\/v2\/pages\/58529","targetHints":{"allow":["GET"]}}],"collection":[{"href":"https:\/\/www.frankeurope.com\/fr\/wp-json\/wp\/v2\/pages"}],"about":[{"href":"https:\/\/www.frankeurope.com\/fr\/wp-json\/wp\/v2\/types\/page"}],"author":[{"embeddable":true,"href":"https:\/\/www.frankeurope.com\/fr\/wp-json\/wp\/v2\/users\/1"}],"replies":[{"embeddable":true,"href":"https:\/\/www.frankeurope.com\/fr\/wp-json\/wp\/v2\/comments?post=58529"}],"version-history":[{"count":0,"href":"https:\/\/www.frankeurope.com\/fr\/wp-json\/wp\/v2\/pages\/58529\/revisions"}],"wp:attachment":[{"href":"https:\/\/www.frankeurope.com\/fr\/wp-json\/wp\/v2\/media?parent=58529"}],"curies":[{"name":"wp","href":"https:\/\/api.w.org\/{rel}","templated":true}]}}