{"id":58525,"date":"2016-10-06T23:58:44","date_gmt":"2016-10-06T21:58:44","guid":{"rendered":"http:\/\/frankeurope.com\/downloads\/"},"modified":"2026-03-27T14:19:19","modified_gmt":"2026-03-27T13:19:19","slug":"telechargement","status":"publish","type":"page","link":"https:\/\/www.frankeurope.com\/fr\/telechargement\/","title":{"rendered":"T\u00e9l\u00e9chargement &#038; Media"},"content":{"rendered":"<div class=\"wpb-content-wrapper\"><p>[vc_row row_height_percent=&#8221;0&#8243; override_padding=&#8221;yes&#8221; h_padding=&#8221;2&#8243; top_padding=&#8221;2&#8243; bottom_padding=&#8221;0&#8243; overlay_alpha=&#8221;50&#8243; gutter_size=&#8221;3&#8243; column_width_percent=&#8221;100&#8243; shift_y=&#8221;0&#8243; z_index=&#8221;0&#8243;][vc_column column_width_percent=&#8221;100&#8243; align_horizontal=&#8221;align_center&#8221; gutter_size=&#8221;3&#8243; overlay_alpha=&#8221;50&#8243; shift_x=&#8221;0&#8243; shift_y=&#8221;0&#8243; shift_y_down=&#8221;0&#8243; z_index=&#8221;0&#8243; medium_width=&#8221;0&#8243; mobile_width=&#8221;0&#8243; width=&#8221;1\/1&#8243;][vc_empty_space empty_h=&#8221;2&#8243;][\/vc_column][\/vc_row][vc_row row_height_percent=&#8221;0&#8243; override_padding=&#8221;yes&#8221; h_padding=&#8221;2&#8243; top_padding=&#8221;1&#8243; bottom_padding=&#8221;2&#8243; overlay_alpha=&#8221;50&#8243; equal_height=&#8221;yes&#8221; gutter_size=&#8221;3&#8243; column_width_percent=&#8221;100&#8243; shift_y=&#8221;0&#8243; z_index=&#8221;0&#8243; content_parallax=&#8221;0&#8243; row_name=&#8221;T\u00c9L\u00c9CHARGEMENT&#8221; uncode_shortcode_id=&#8221;549979&#8243;][vc_column column_width_percent=&#8221;100&#8243; align_horizontal=&#8221;align_center&#8221; gutter_size=&#8221;1&#8243; back_color=&#8221;color-343434&#8243; overlay_alpha=&#8221;50&#8243; shift_x=&#8221;0&#8243; shift_y=&#8221;0&#8243; shift_y_down=&#8221;0&#8243; z_index=&#8221;0&#8243; medium_width=&#8221;0&#8243; mobile_width=&#8221;0&#8243; width=&#8221;1\/3&#8243; uncode_shortcode_id=&#8221;153466&#8243; back_color_type=&#8221;uncode-palette&#8221;][vc_wp_text title=&#8221;FRANK &#8211; Brochure&#8221;][\/vc_wp_text][vc_single_image media=&#8221;71620&#8243; media_width_percent=&#8221;90&#8243; alignment=&#8221;center&#8221; css_animation=&#8221;zoom-in&#8221; animation_speed=&#8221;500&#8243; animation_delay=&#8221;500&#8243; uncode_shortcode_id=&#8221;178610&#8243;][vc_button radius=&#8221;btn-square&#8221; outline=&#8221;yes&#8221; shadow=&#8221;yes&#8221; shadow_weight=&#8221;lg&#8221; border_width=&#8221;2&#8243; link=&#8221;url:https%3A%2F%2Fwww.frankeurope.com%2Fdownload%2FFE-brochure-2026-fr.pdf|title:FRANK%20Brochure%20digital%202025%20%5BFR%5D|target:_blank&#8221; icon=&#8221;fa fa-download&#8221; uncode_shortcode_id=&#8221;139069&#8243;]T\u00c9L\u00c9CHARGER [FR][\/vc_button][\/vc_column][vc_column column_width_percent=&#8221;100&#8243; align_horizontal=&#8221;align_center&#8221; gutter_size=&#8221;1&#8243; back_color=&#8221;color-343434&#8243; overlay_alpha=&#8221;50&#8243; shift_x=&#8221;0&#8243; shift_y=&#8221;0&#8243; shift_y_down=&#8221;0&#8243; z_index=&#8221;0&#8243; medium_width=&#8221;0&#8243; mobile_width=&#8221;0&#8243; width=&#8221;1\/3&#8243; uncode_shortcode_id=&#8221;159735&#8243; back_color_type=&#8221;uncode-palette&#8221;][vc_wp_text title=&#8221;EXCEL Line &#8211; Brochure&#8221;][\/vc_wp_text][vc_single_image media=&#8221;71619&#8243; media_width_percent=&#8221;90&#8243; alignment=&#8221;center&#8221; css_animation=&#8221;zoom-in&#8221; animation_speed=&#8221;500&#8243; animation_delay=&#8221;700&#8243; uncode_shortcode_id=&#8221;208542&#8243;][vc_button radius=&#8221;btn-square&#8221; outline=&#8221;yes&#8221; shadow=&#8221;yes&#8221; shadow_weight=&#8221;lg&#8221; border_width=&#8221;2&#8243; link=&#8221;url:https%3A%2F%2Fwww.frankeurope.com%2Fdownload%2Fexcel_line%2FFRANK-FE-excel-line-brochure-2022-eng.pdf|title:FRANK%20EXCEL%20Line%202020|target:_blank&#8221; icon=&#8221;fa fa-download&#8221; uncode_shortcode_id=&#8221;150265&#8243;]T\u00c9L\u00c9CHARGER[\/vc_button][\/vc_column][vc_column column_width_percent=&#8221;100&#8243; align_horizontal=&#8221;align_center&#8221; gutter_size=&#8221;1&#8243; back_color=&#8221;color-343434&#8243; overlay_alpha=&#8221;50&#8243; shift_x=&#8221;0&#8243; shift_y=&#8221;0&#8243; shift_y_down=&#8221;0&#8243; z_index=&#8221;0&#8243; medium_width=&#8221;0&#8243; mobile_width=&#8221;0&#8243; width=&#8221;1\/3&#8243; uncode_shortcode_id=&#8221;172805&#8243; back_color_type=&#8221;uncode-palette&#8221;][vc_wp_text title=&#8221;COMBO&#8221;][\/vc_wp_text][vc_single_image media=&#8221;73290&#8243; media_width_percent=&#8221;90&#8243; alignment=&#8221;center&#8221; css_animation=&#8221;zoom-in&#8221; animation_speed=&#8221;500&#8243; animation_delay=&#8221;700&#8243; uncode_shortcode_id=&#8221;664101&#8243;][vc_button radius=&#8221;btn-square&#8221; outline=&#8221;yes&#8221; shadow=&#8221;yes&#8221; shadow_weight=&#8221;lg&#8221; border_width=&#8221;2&#8243; link=&#8221;url:https%3A%2F%2Fwww.frankeurope.com%2Fdownload%2FCOMBO%2FCOMBO_2026_fr.pdf|title:FRANK%20COMBO|target:_blank&#8221; icon=&#8221;fa fa-download&#8221; uncode_shortcode_id=&#8221;114707&#8243;]T\u00c9L\u00c9CHARGER[\/vc_button][\/vc_column][\/vc_row][vc_row row_height_percent=&#8221;0&#8243; override_padding=&#8221;yes&#8221; h_padding=&#8221;2&#8243; top_padding=&#8221;1&#8243; bottom_padding=&#8221;2&#8243; overlay_alpha=&#8221;50&#8243; equal_height=&#8221;yes&#8221; gutter_size=&#8221;3&#8243; column_width_percent=&#8221;100&#8243; shift_y=&#8221;0&#8243; z_index=&#8221;0&#8243; content_parallax=&#8221;0&#8243; uncode_shortcode_id=&#8221;934896&#8243;][vc_column column_width_percent=&#8221;100&#8243; align_horizontal=&#8221;align_center&#8221; gutter_size=&#8221;3&#8243; back_color=&#8221;color-343434&#8243; overlay_alpha=&#8221;50&#8243; shift_x=&#8221;0&#8243; shift_y=&#8221;0&#8243; shift_y_down=&#8221;0&#8243; z_index=&#8221;0&#8243; medium_width=&#8221;0&#8243; mobile_width=&#8221;0&#8243; width=&#8221;1\/3&#8243; uncode_shortcode_id=&#8221;212154&#8243; back_color_type=&#8221;uncode-palette&#8221;][vc_wp_text title=&#8221;Joints en silicone&#8221;][\/vc_wp_text][vc_single_image media=&#8221;69641&#8243; media_width_percent=&#8221;90&#8243; alignment=&#8221;center&#8221; css_animation=&#8221;zoom-in&#8221; animation_speed=&#8221;500&#8243; animation_delay=&#8221;800&#8243; uncode_shortcode_id=&#8221;838882&#8243;][vc_row_inner row_inner_height_percent=&#8221;0&#8243; overlay_alpha=&#8221;50&#8243; gutter_size=&#8221;0&#8243; shift_y=&#8221;0&#8243; z_index=&#8221;0&#8243; uncode_shortcode_id=&#8221;866816&#8243;][vc_column_inner column_width_percent=&#8221;90&#8243; align_horizontal=&#8221;align_center&#8221; gutter_size=&#8221;0&#8243; overlay_alpha=&#8221;50&#8243; shift_x=&#8221;0&#8243; shift_y=&#8221;0&#8243; shift_y_down=&#8221;0&#8243; z_index=&#8221;0&#8243; medium_width=&#8221;0&#8243; mobile_width=&#8221;0&#8243; width=&#8221;1\/3&#8243; uncode_shortcode_id=&#8221;750541&#8243;][vc_button size=&#8221;btn-sm&#8221; wide=&#8221;yes&#8221; outline=&#8221;yes&#8221; text_skin=&#8221;yes&#8221; shadow=&#8221;yes&#8221; shadow_weight=&#8221;lg&#8221; border_width=&#8221;0&#8243; link=&#8221;url:https%3A%2F%2Fwww.frankeurope.com%2Fdownload%2FSILIKON_DICHTUNGEN%2FFRANK_2026-silikon_dichtungen_de.pdf|title:FRANK%20SILIKON%20DICHTUNGEN|target:_blank&#8221; uncode_shortcode_id=&#8221;646983&#8243; el_class=&#8221;macbutt&#8221;][ de ][\/vc_button][\/vc_column_inner][vc_column_inner column_width_percent=&#8221;90&#8243; align_horizontal=&#8221;align_center&#8221; gutter_size=&#8221;0&#8243; overlay_alpha=&#8221;50&#8243; shift_x=&#8221;0&#8243; shift_y=&#8221;0&#8243; shift_y_down=&#8221;0&#8243; z_index=&#8221;0&#8243; medium_width=&#8221;0&#8243; mobile_width=&#8221;0&#8243; width=&#8221;1\/3&#8243; uncode_shortcode_id=&#8221;568204&#8243;][vc_button size=&#8221;btn-sm&#8221; wide=&#8221;yes&#8221; outline=&#8221;yes&#8221; text_skin=&#8221;yes&#8221; shadow=&#8221;yes&#8221; shadow_weight=&#8221;lg&#8221; border_width=&#8221;0&#8243; link=&#8221;url:https%3A%2F%2Fwww.frankeurope.com%2Fdownload%2FSILIKON_DICHTUNGEN%2FFRANK_2026-SILICONE_SEALS_en.pdf|title:FRANK%20SILICONE%20SEALS|target:_blank&#8221; uncode_shortcode_id=&#8221;226742&#8243; el_class=&#8221;macbutt&#8221;][ eng ][\/vc_button][\/vc_column_inner][vc_column_inner column_width_percent=&#8221;90&#8243; align_horizontal=&#8221;align_center&#8221; gutter_size=&#8221;0&#8243; overlay_alpha=&#8221;50&#8243; shift_x=&#8221;0&#8243; shift_y=&#8221;0&#8243; shift_y_down=&#8221;0&#8243; z_index=&#8221;0&#8243; medium_width=&#8221;0&#8243; mobile_width=&#8221;0&#8243; width=&#8221;1\/3&#8243; uncode_shortcode_id=&#8221;143384&#8243;][vc_button size=&#8221;btn-sm&#8221; wide=&#8221;yes&#8221; outline=&#8221;yes&#8221; text_skin=&#8221;yes&#8221; shadow=&#8221;yes&#8221; shadow_weight=&#8221;lg&#8221; border_width=&#8221;0&#8243; link=&#8221;url:https%3A%2F%2Fwww.frankeurope.com%2Fdownload%2FSILIKON_DICHTUNGEN%2FFRANK_2026-JOINTS_EN_SILICONE_fr.pdf|title:Joints%20en%20silicone%20FRANK%20%5BFR%5D|target:_blank&#8221; uncode_shortcode_id=&#8221;426647&#8243; el_class=&#8221;macbutt&#8221;][ fr ][\/vc_button][\/vc_column_inner][\/vc_row_inner][\/vc_column][vc_column column_width_percent=&#8221;100&#8243; align_horizontal=&#8221;align_center&#8221; gutter_size=&#8221;3&#8243; overlay_alpha=&#8221;50&#8243; shift_x=&#8221;0&#8243; shift_y=&#8221;0&#8243; shift_y_down=&#8221;0&#8243; z_index=&#8221;0&#8243; medium_width=&#8221;0&#8243; mobile_width=&#8221;0&#8243; width=&#8221;1\/3&#8243; uncode_shortcode_id=&#8221;702811&#8243;][\/vc_column][vc_column width=&#8221;1\/3&#8243;][\/vc_column][\/vc_row][vc_row row_height_percent=&#8221;0&#8243; override_padding=&#8221;yes&#8221; h_padding=&#8221;2&#8243; top_padding=&#8221;2&#8243; bottom_padding=&#8221;0&#8243; overlay_alpha=&#8221;50&#8243; gutter_size=&#8221;3&#8243; column_width_percent=&#8221;100&#8243; shift_y=&#8221;0&#8243; z_index=&#8221;0&#8243; content_parallax=&#8221;0&#8243; uncode_shortcode_id=&#8221;103351&#8243;][vc_column column_width_percent=&#8221;100&#8243; align_horizontal=&#8221;align_center&#8221; gutter_size=&#8221;3&#8243; overlay_alpha=&#8221;50&#8243; shift_x=&#8221;0&#8243; shift_y=&#8221;0&#8243; shift_y_down=&#8221;0&#8243; z_index=&#8221;0&#8243; medium_width=&#8221;0&#8243; mobile_width=&#8221;0&#8243; width=&#8221;1\/1&#8243;][vc_empty_space empty_h=&#8221;2&#8243;][\/vc_column][\/vc_row][vc_row row_height_percent=&#8221;0&#8243; back_color=&#8221;color-DECDB5&#8243; overlay_alpha=&#8221;50&#8243; gutter_size=&#8221;3&#8243; column_width_percent=&#8221;100&#8243; shift_y=&#8221;0&#8243; z_index=&#8221;0&#8243; content_parallax=&#8221;0&#8243; uncode_shortcode_id=&#8221;577554&#8243; back_color_type=&#8221;uncode-palette&#8221; row_name=&#8221;Vid\u00e9os&#8221;][vc_column column_width_percent=&#8221;100&#8243; align_horizontal=&#8221;align_center&#8221; gutter_size=&#8221;3&#8243; style=&#8221;light&#8221; overlay_alpha=&#8221;50&#8243; shift_x=&#8221;0&#8243; shift_y=&#8221;0&#8243; shift_y_down=&#8221;0&#8243; z_index=&#8221;0&#8243; medium_width=&#8221;0&#8243; mobile_width=&#8221;0&#8243; width=&#8221;1\/1&#8243;][vc_empty_space empty_h=&#8221;2&#8243;][vc_custom_heading uncode_shortcode_id=&#8221;151974&#8243;]<\/p>\n<h2 class=\"vc_custom_heading\">Vid\u00e9os<\/h2>\n<p>[\/vc_custom_heading][\/vc_column][\/vc_row][vc_row row_height_percent=&#8221;0&#8243; back_color=&#8221;color-DECDB5&#8243; overlay_alpha=&#8221;50&#8243; gutter_size=&#8221;3&#8243; column_width_percent=&#8221;100&#8243; shift_y=&#8221;0&#8243; z_index=&#8221;0&#8243; content_parallax=&#8221;0&#8243; uncode_shortcode_id=&#8221;160952&#8243; back_color_type=&#8221;uncode-palette&#8221;][vc_column column_width_percent=&#8221;100&#8243; align_horizontal=&#8221;align_center&#8221; gutter_size=&#8221;2&#8243; style=&#8221;light&#8221; overlay_alpha=&#8221;50&#8243; shift_x=&#8221;0&#8243; shift_y=&#8221;0&#8243; shift_y_down=&#8221;0&#8243; z_index=&#8221;0&#8243; medium_width=&#8221;0&#8243; mobile_width=&#8221;0&#8243; width=&#8221;1\/3&#8243; uncode_shortcode_id=&#8221;114417&#8243;][vc_single_image media=&#8221;71677&#8243; media_lightbox=&#8221;yes&#8221; media_poster=&#8221;yes&#8221; media_width_percent=&#8221;100&#8243; shape=&#8221;img-round&#8221; border=&#8221;yes&#8221; css_animation=&#8221;left-t-right&#8221; animation_delay=&#8221;400&#8243; lbox_title=&#8221;yes&#8221; lbox_connected=&#8221;yes&#8221; uncode_shortcode_id=&#8221;118790&#8243; el_id=&#8221;FRANK \u2013 La Compagnie&#8221;][vc_column_text text_color=&#8221;color-jevc&#8221; uncode_shortcode_id=&#8221;463299&#8243; text_color_type=&#8221;uncode-palette&#8221; css=&#8221;.vc_custom_1744269039642{margin-top: 0px !important;border-top-width: 0px !important;padding-top: 0px !important;}&#8221;]<strong>FRANK \u2013 La Compagnie<\/strong>[\/vc_column_text][\/vc_column][vc_column column_width_percent=&#8221;100&#8243; align_horizontal=&#8221;align_center&#8221; gutter_size=&#8221;2&#8243; style=&#8221;light&#8221; overlay_alpha=&#8221;50&#8243; shift_x=&#8221;0&#8243; shift_y=&#8221;0&#8243; shift_y_down=&#8221;0&#8243; z_index=&#8221;0&#8243; medium_width=&#8221;0&#8243; mobile_width=&#8221;0&#8243; width=&#8221;1\/3&#8243; uncode_shortcode_id=&#8221;850287&#8243;][vc_single_image media=&#8221;71678&#8243; media_lightbox=&#8221;yes&#8221; media_poster=&#8221;yes&#8221; media_width_percent=&#8221;100&#8243; shape=&#8221;img-round&#8221; border=&#8221;yes&#8221; css_animation=&#8221;left-t-right&#8221; animation_delay=&#8221;600&#8243; lbox_title=&#8221;yes&#8221; lbox_connected=&#8221;yes&#8221; uncode_shortcode_id=&#8221;198581&#8243; el_id=&#8221;Le syst\u00e8me Frank&#8221;][vc_column_text text_color=&#8221;color-jevc&#8221; uncode_shortcode_id=&#8221;837448&#8243; text_color_type=&#8221;uncode-palette&#8221; css=&#8221;.vc_custom_1744268925603{margin-top: 0px !important;border-top-width: 0px !important;padding-top: 0px !important;}&#8221;]<strong>Le syst\u00e8me Frank<\/strong>[\/vc_column_text][\/vc_column][vc_column column_width_percent=&#8221;100&#8243; align_horizontal=&#8221;align_center&#8221; gutter_size=&#8221;3&#8243; style=&#8221;light&#8221; overlay_alpha=&#8221;50&#8243; shift_x=&#8221;0&#8243; shift_y=&#8221;0&#8243; shift_y_down=&#8221;0&#8243; z_index=&#8221;0&#8243; medium_width=&#8221;0&#8243; mobile_width=&#8221;0&#8243; width=&#8221;1\/3&#8243; uncode_shortcode_id=&#8221;140192&#8243;][vc_single_image media=&#8221;71666&#8243; media_lightbox=&#8221;yes&#8221; media_poster=&#8221;yes&#8221; media_width_percent=&#8221;100&#8243; shape=&#8221;img-round&#8221; border=&#8221;yes&#8221; css_animation=&#8221;left-t-right&#8221; animation_delay=&#8221;800&#8243; lbox_title=&#8221;yes&#8221; lbox_connected=&#8221;yes&#8221; uncode_shortcode_id=&#8221;989527&#8243; el_id=&#8221;Montage en moins de 10 minutes&#8221;][vc_column_text text_color=&#8221;color-jevc&#8221; uncode_shortcode_id=&#8221;150292&#8243; text_color_type=&#8221;uncode-palette&#8221; css=&#8221;.vc_custom_1744268935123{margin-top: 0px !important;border-top-width: 0px !important;padding-top: 0px !important;}&#8221;]<strong>Montage en moins de 10 minutes<\/strong><\/p>\n<p>[\/vc_column_text][\/vc_column][\/vc_row][vc_row row_height_percent=&#8221;0&#8243; back_color=&#8221;color-DECDB5&#8243; overlay_alpha=&#8221;50&#8243; gutter_size=&#8221;3&#8243; column_width_percent=&#8221;100&#8243; shift_y=&#8221;0&#8243; z_index=&#8221;0&#8243; content_parallax=&#8221;0&#8243; uncode_shortcode_id=&#8221;456511&#8243; back_color_type=&#8221;uncode-palette&#8221;][vc_column column_width_percent=&#8221;100&#8243; align_horizontal=&#8221;align_center&#8221; gutter_size=&#8221;2&#8243; style=&#8221;light&#8221; overlay_alpha=&#8221;50&#8243; shift_x=&#8221;0&#8243; shift_y=&#8221;0&#8243; shift_y_down=&#8221;0&#8243; z_index=&#8221;0&#8243; medium_width=&#8221;0&#8243; mobile_width=&#8221;0&#8243; width=&#8221;1\/1&#8243; uncode_shortcode_id=&#8221;116943&#8243;][vc_empty_space empty_h=&#8221;2&#8243;][\/vc_column][\/vc_row]<\/p>\n<\/div>","protected":false},"excerpt":{"rendered":"<p>Documentation, manuels, vid\u00e9os et bien plus sur les produits Frank Vitrine que vous trouverez maintenant sur | frankeurope.com.<\/p>\n","protected":false},"author":1,"featured_media":0,"parent":0,"menu_order":97,"comment_status":"closed","ping_status":"closed","template":"","meta":{"footnotes":""},"class_list":["post-58525","page","type-page","status-publish","hentry"],"yoast_head":"<!-- This site is optimized with the Yoast SEO Premium plugin v27.4 (Yoast SEO v27.4) - https:\/\/yoast.com\/product\/yoast-seo-premium-wordpress\/ -->\n<title>T\u00e9l\u00e9chargement &amp; Media - Vitrines de mus\u00e9es FRANK<\/title>\n<meta name=\"description\" content=\"Documentation, manuels, vid\u00e9os et bien plus sur les produits Frank Vitrine que vous trouverez maintenant sur frankeurope.com.\" \/>\n<meta name=\"robots\" content=\"index, follow, max-snippet:-1, max-image-preview:large, max-video-preview:-1\" \/>\n<link rel=\"canonical\" href=\"https:\/\/www.frankeurope.com\/fr\/telechargement\/\" \/>\n<meta property=\"og:locale\" content=\"fr_FR\" \/>\n<meta property=\"og:type\" content=\"article\" \/>\n<meta property=\"og:title\" content=\"T\u00e9l\u00e9chargement &amp; Media - Vitrines de mus\u00e9es FRANK\" \/>\n<meta property=\"og:description\" content=\"Documentation, manuels, vid\u00e9os et bien plus sur les produits Frank Vitrine que vous trouverez maintenant sur frankeurope.com.\" \/>\n<meta property=\"og:url\" content=\"https:\/\/www.frankeurope.com\/fr\/telechargement\/\" \/>\n<meta property=\"og:site_name\" content=\"Vitrines de mus\u00e9es FRANK\" \/>\n<meta property=\"article:publisher\" content=\"https:\/\/www.facebook.com\/frank.showcases\" \/>\n<meta property=\"article:modified_time\" content=\"2026-03-27T13:19:19+00:00\" \/>\n<meta property=\"og:image\" content=\"https:\/\/www.frankeurope.com\/wp-content\/uploads\/2017\/11\/A-passage-to-Asia-1o.jpg\" \/>\n\t<meta property=\"og:image:width\" content=\"1600\" \/>\n\t<meta property=\"og:image:height\" content=\"1070\" \/>\n\t<meta property=\"og:image:type\" content=\"image\/jpeg\" \/>\n<meta name=\"twitter:card\" content=\"summary_large_image\" \/>\n<meta name=\"twitter:site\" content=\"@frankeurope\" \/>\n<meta name=\"twitter:label1\" content=\"Dur\u00e9e de lecture estim\u00e9e\" \/>\n\t<meta name=\"twitter:data1\" content=\"3 minutes\" \/>\n<script type=\"application\/ld+json\" class=\"yoast-schema-graph\">{\"@context\":\"https:\\\/\\\/schema.org\",\"@graph\":[{\"@type\":\"WebPage\",\"@id\":\"https:\\\/\\\/www.frankeurope.com\\\/fr\\\/telechargement\\\/\",\"url\":\"https:\\\/\\\/www.frankeurope.com\\\/fr\\\/telechargement\\\/\",\"name\":\"T\u00e9l\u00e9chargement & Media - Vitrines de mus\u00e9es FRANK\",\"isPartOf\":{\"@id\":\"https:\\\/\\\/www.frankeurope.com\\\/#website\"},\"datePublished\":\"2016-10-06T21:58:44+00:00\",\"dateModified\":\"2026-03-27T13:19:19+00:00\",\"description\":\"Documentation, manuels, vid\u00e9os et bien plus sur les produits Frank Vitrine que vous trouverez maintenant sur frankeurope.com.\",\"inLanguage\":\"fr-FR\",\"potentialAction\":[{\"@type\":\"ReadAction\",\"target\":[\"https:\\\/\\\/www.frankeurope.com\\\/fr\\\/telechargement\\\/\"]}]},{\"@type\":\"WebSite\",\"@id\":\"https:\\\/\\\/www.frankeurope.com\\\/#website\",\"url\":\"https:\\\/\\\/www.frankeurope.com\\\/\",\"name\":\"FRANK Museums Vitrinen\",\"description\":\"Ing\u00e9nierie de pr\u00e9cision Allemande en vitrines de mus\u00e9es\",\"publisher\":{\"@id\":\"https:\\\/\\\/www.frankeurope.com\\\/#organization\"},\"potentialAction\":[{\"@type\":\"SearchAction\",\"target\":{\"@type\":\"EntryPoint\",\"urlTemplate\":\"https:\\\/\\\/www.frankeurope.com\\\/?s={search_term_string}\"},\"query-input\":{\"@type\":\"PropertyValueSpecification\",\"valueRequired\":true,\"valueName\":\"search_term_string\"}}],\"inLanguage\":\"fr-FR\"},{\"@type\":\"Organization\",\"@id\":\"https:\\\/\\\/www.frankeurope.com\\\/#organization\",\"name\":\"FRANK Europe GmbH\",\"url\":\"https:\\\/\\\/www.frankeurope.com\\\/\",\"logo\":{\"@type\":\"ImageObject\",\"inLanguage\":\"fr-FR\",\"@id\":\"https:\\\/\\\/www.frankeurope.com\\\/#\\\/schema\\\/logo\\\/image\\\/\",\"url\":\"https:\\\/\\\/www.frankeurope.com\\\/wp-content\\\/uploads\\\/2019\\\/10\\\/frank-europe-favicon.png\",\"contentUrl\":\"https:\\\/\\\/www.frankeurope.com\\\/wp-content\\\/uploads\\\/2019\\\/10\\\/frank-europe-favicon.png\",\"width\":474,\"height\":474,\"caption\":\"FRANK Europe GmbH\"},\"image\":{\"@id\":\"https:\\\/\\\/www.frankeurope.com\\\/#\\\/schema\\\/logo\\\/image\\\/\"},\"sameAs\":[\"https:\\\/\\\/www.facebook.com\\\/frank.showcases\",\"https:\\\/\\\/x.com\\\/frankeurope\",\"https:\\\/\\\/www.instagram.com\\\/frank.museum.showcases\\\/\",\"https:\\\/\\\/www.linkedin.com\\\/company\\\/frank-europe-gmbh?trk=hb_tab_compy_id_3013411\",\"https:\\\/\\\/www.pinterest.de\\\/frankeurope\\\/\",\"https:\\\/\\\/www.youtube.com\\\/user\\\/frankeurope?feature=watch\"],\"description\":\"Die FRANK Europe GmbH ist ein weltweit f\u00fchrender Spezialist f\u00fcr hochwertige Vitrinensysteme und Pr\u00e4sentationsl\u00f6sungen, die vor allem in Museen, Galerien und im exklusiven Ladenbau zum Einsatz kommen. Das Herzst\u00fcck ist das patentierte FRANK-System, das durch eine pr\u00e4zise Verbindungstechnik von Acrylglas und Aluminiumprofilen eine schnelle, werkzeuglose Montage sowie maximale Flexibilit\u00e4t erm\u00f6glicht.\"}]}<\/script>\n<!-- \/ Yoast SEO Premium plugin. -->","yoast_head_json":{"title":"T\u00e9l\u00e9chargement & Media - Vitrines de mus\u00e9es FRANK","description":"Documentation, manuels, vid\u00e9os et bien plus sur les produits Frank Vitrine que vous trouverez maintenant sur frankeurope.com.","robots":{"index":"index","follow":"follow","max-snippet":"max-snippet:-1","max-image-preview":"max-image-preview:large","max-video-preview":"max-video-preview:-1"},"canonical":"https:\/\/www.frankeurope.com\/fr\/telechargement\/","og_locale":"fr_FR","og_type":"article","og_title":"T\u00e9l\u00e9chargement & Media - Vitrines de mus\u00e9es FRANK","og_description":"Documentation, manuels, vid\u00e9os et bien plus sur les produits Frank Vitrine que vous trouverez maintenant sur frankeurope.com.","og_url":"https:\/\/www.frankeurope.com\/fr\/telechargement\/","og_site_name":"Vitrines de mus\u00e9es FRANK","article_publisher":"https:\/\/www.facebook.com\/frank.showcases","article_modified_time":"2026-03-27T13:19:19+00:00","og_image":[{"width":1600,"height":1070,"url":"https:\/\/www.frankeurope.com\/wp-content\/uploads\/2017\/11\/A-passage-to-Asia-1o.jpg","type":"image\/jpeg"}],"twitter_card":"summary_large_image","twitter_site":"@frankeurope","twitter_misc":{"Dur\u00e9e de lecture estim\u00e9e":"3 minutes"},"schema":{"@context":"https:\/\/schema.org","@graph":[{"@type":"WebPage","@id":"https:\/\/www.frankeurope.com\/fr\/telechargement\/","url":"https:\/\/www.frankeurope.com\/fr\/telechargement\/","name":"T\u00e9l\u00e9chargement & Media - Vitrines de mus\u00e9es FRANK","isPartOf":{"@id":"https:\/\/www.frankeurope.com\/#website"},"datePublished":"2016-10-06T21:58:44+00:00","dateModified":"2026-03-27T13:19:19+00:00","description":"Documentation, manuels, vid\u00e9os et bien plus sur les produits Frank Vitrine que vous trouverez maintenant sur frankeurope.com.","inLanguage":"fr-FR","potentialAction":[{"@type":"ReadAction","target":["https:\/\/www.frankeurope.com\/fr\/telechargement\/"]}]},{"@type":"WebSite","@id":"https:\/\/www.frankeurope.com\/#website","url":"https:\/\/www.frankeurope.com\/","name":"FRANK Museums Vitrinen","description":"Ing\u00e9nierie de pr\u00e9cision Allemande en vitrines de mus\u00e9es","publisher":{"@id":"https:\/\/www.frankeurope.com\/#organization"},"potentialAction":[{"@type":"SearchAction","target":{"@type":"EntryPoint","urlTemplate":"https:\/\/www.frankeurope.com\/?s={search_term_string}"},"query-input":{"@type":"PropertyValueSpecification","valueRequired":true,"valueName":"search_term_string"}}],"inLanguage":"fr-FR"},{"@type":"Organization","@id":"https:\/\/www.frankeurope.com\/#organization","name":"FRANK Europe GmbH","url":"https:\/\/www.frankeurope.com\/","logo":{"@type":"ImageObject","inLanguage":"fr-FR","@id":"https:\/\/www.frankeurope.com\/#\/schema\/logo\/image\/","url":"https:\/\/www.frankeurope.com\/wp-content\/uploads\/2019\/10\/frank-europe-favicon.png","contentUrl":"https:\/\/www.frankeurope.com\/wp-content\/uploads\/2019\/10\/frank-europe-favicon.png","width":474,"height":474,"caption":"FRANK Europe GmbH"},"image":{"@id":"https:\/\/www.frankeurope.com\/#\/schema\/logo\/image\/"},"sameAs":["https:\/\/www.facebook.com\/frank.showcases","https:\/\/x.com\/frankeurope","https:\/\/www.instagram.com\/frank.museum.showcases\/","https:\/\/www.linkedin.com\/company\/frank-europe-gmbh?trk=hb_tab_compy_id_3013411","https:\/\/www.pinterest.de\/frankeurope\/","https:\/\/www.youtube.com\/user\/frankeurope?feature=watch"],"description":"Die FRANK Europe GmbH ist ein weltweit f\u00fchrender Spezialist f\u00fcr hochwertige Vitrinensysteme und Pr\u00e4sentationsl\u00f6sungen, die vor allem in Museen, Galerien und im exklusiven Ladenbau zum Einsatz kommen. Das Herzst\u00fcck ist das patentierte FRANK-System, das durch eine pr\u00e4zise Verbindungstechnik von Acrylglas und Aluminiumprofilen eine schnelle, werkzeuglose Montage sowie maximale Flexibilit\u00e4t erm\u00f6glicht."}]}},"_links":{"self":[{"href":"https:\/\/www.frankeurope.com\/fr\/wp-json\/wp\/v2\/pages\/58525","targetHints":{"allow":["GET"]}}],"collection":[{"href":"https:\/\/www.frankeurope.com\/fr\/wp-json\/wp\/v2\/pages"}],"about":[{"href":"https:\/\/www.frankeurope.com\/fr\/wp-json\/wp\/v2\/types\/page"}],"author":[{"embeddable":true,"href":"https:\/\/www.frankeurope.com\/fr\/wp-json\/wp\/v2\/users\/1"}],"replies":[{"embeddable":true,"href":"https:\/\/www.frankeurope.com\/fr\/wp-json\/wp\/v2\/comments?post=58525"}],"version-history":[{"count":7,"href":"https:\/\/www.frankeurope.com\/fr\/wp-json\/wp\/v2\/pages\/58525\/revisions"}],"predecessor-version":[{"id":73386,"href":"https:\/\/www.frankeurope.com\/fr\/wp-json\/wp\/v2\/pages\/58525\/revisions\/73386"}],"wp:attachment":[{"href":"https:\/\/www.frankeurope.com\/fr\/wp-json\/wp\/v2\/media?parent=58525"}],"curies":[{"name":"wp","href":"https:\/\/api.w.org\/{rel}","templated":true}]}}