{"id":58517,"date":"2015-06-11T16:03:51","date_gmt":"2015-06-11T14:03:51","guid":{"rendered":"http:\/\/frankeurope.com\/impressum\/"},"modified":"2024-07-12T11:49:56","modified_gmt":"2024-07-12T09:49:56","slug":"mentions-legales","status":"publish","type":"page","link":"https:\/\/www.frankeurope.com\/fr\/mentions-legales\/","title":{"rendered":"Mentions L\u00e9gales"},"content":{"rendered":"<div class=\"wpb-content-wrapper\"><p>[vc_row row_height_percent=&#8221;0&#8243; override_padding=&#8221;yes&#8221; h_padding=&#8221;2&#8243; top_padding=&#8221;3&#8243; bottom_padding=&#8221;3&#8243;][vc_column width=&#8221;1\/1&#8243;][vc_wp_text title=&#8221;MENTIONS L\u00c9GALES&#8221;]Frank Europe GmbH<br \/>\nSchwabenheimer Weg 111<br \/>\nD-55543 Bad Kreuznach<br \/>\nAllemagne<\/p>\n<p>T\u00e9l\u00e9phone: +49 (0) 671 79 65 6 0<br \/>\nFax: +49 (0) 671 79 65 6 11<\/p>\n<p>Courriel: <a href=\"https:\/\/www.frankeurope.com\/fr\/contact\/\">info@frankeurope.com<\/a><br \/>\nInternet: <a href=\"https:\/\/www.frankeurope.com\/fr\/\">https:\/\/www.frankeurope.com<\/a><\/p>\n<p>Frank Europe GmbH est repr\u00e9sent\u00e9e par la soci\u00e9t\u00e9 personnellement responsable: Frank Europe GmbH, HRB 4709, AG Bad Kreuznach<br \/>\nCelle-ci \u00e9tant repr\u00e9sent\u00e9e par: Gesch\u00e4ftsleitung: Thomas Kurz &amp; Philippe Plessers<\/p>\n<p>Tribunal d\u2019enregistrement: AG Bad Kreuznach<br \/>\nRegistre du commerce Num\u00e9ro d\u2019enregistrement: HRB 4709<\/p>\n<p>Umsatzsteuer-Identifikationsnummer (Num\u00e9ro d\u2019identification \u00e0 la TVA) conform\u00e9ment au<br \/>\n\u00a7 27a Umsatzsteuergesetz (UStG, loi relative \u00e0 la taxe sur le chiffre d&#8217;affaires): DE813487003<\/p>\n<p>Project Director: Michael Makko<\/p>\n<p>&#8212;&#8212;&#8212;&#8212;&#8212;&#8212;&#8212;&#8212;&#8212;&#8212;<br \/>\nFremdbildverwendungen:<br \/>\n\u00a9 Sunny studio &#8211; Fotolia.com<br \/>\n\u00a9 gedzun &#8211; Fotolia.com<br \/>\n[\/vc_wp_text][\/vc_column][\/vc_row]<\/p>\n<\/div>","protected":false},"excerpt":{"rendered":"<p>[vc_row row_height_percent=&#8221;0&#8243; override_padding=&#8221;yes&#8221; h_padding=&#8221;2&#8243; top_padding=&#8221;3&#8243; bottom_padding=&#8221;3&#8243;][vc_column width=&#8221;1\/1&#8243;][vc_wp_text title=&#8221;MENTIONS L\u00c9GALES&#8221;]Frank Europe GmbH Schwabenheimer Weg 111 D-55543 Bad Kreuznach Allemagne T\u00e9l\u00e9phone: +49 [&hellip;]<\/p>\n","protected":false},"author":1,"featured_media":0,"parent":0,"menu_order":99,"comment_status":"closed","ping_status":"closed","template":"","meta":{"footnotes":""},"class_list":["post-58517","page","type-page","status-publish","hentry"],"yoast_head":"<!-- This site is optimized with the Yoast SEO Premium plugin v27.4 (Yoast SEO v27.4) - https:\/\/yoast.com\/product\/yoast-seo-premium-wordpress\/ -->\n<title>Mentions L\u00e9gales - Vitrines de mus\u00e9es FRANK<\/title>\n<meta name=\"description\" content=\"Vous trouverez ici l&#039;empreinte de FRANK. Frank sont des experts internationaux de premier plan en vitrines de mus\u00e9es. Nos vitrines de mus\u00e9e sont mondialement reconnues.\" \/>\n<meta name=\"robots\" content=\"index, follow, max-snippet:-1, max-image-preview:large, max-video-preview:-1\" \/>\n<link rel=\"canonical\" href=\"https:\/\/www.frankeurope.com\/fr\/mentions-legales\/\" \/>\n<meta property=\"og:locale\" content=\"fr_FR\" \/>\n<meta property=\"og:type\" content=\"article\" \/>\n<meta property=\"og:title\" content=\"Mentions L\u00e9gales - Vitrines de mus\u00e9es FRANK\" \/>\n<meta property=\"og:description\" content=\"Vous trouverez ici l&#039;empreinte de FRANK. Frank sont des experts internationaux de premier plan en vitrines de mus\u00e9es. Nos vitrines de mus\u00e9e sont mondialement reconnues.\" \/>\n<meta property=\"og:url\" content=\"https:\/\/www.frankeurope.com\/fr\/mentions-legales\/\" \/>\n<meta property=\"og:site_name\" content=\"Vitrines de mus\u00e9es FRANK\" \/>\n<meta property=\"article:publisher\" content=\"https:\/\/www.facebook.com\/frank.showcases\" \/>\n<meta property=\"article:modified_time\" content=\"2024-07-12T09:49:56+00:00\" \/>\n<meta property=\"og:image\" content=\"https:\/\/www.frankeurope.com\/wp-content\/uploads\/2016\/02\/IMG_2420.jpg\" \/>\n\t<meta property=\"og:image:width\" content=\"3648\" \/>\n\t<meta property=\"og:image:height\" content=\"2736\" \/>\n\t<meta property=\"og:image:type\" content=\"image\/jpeg\" \/>\n<meta name=\"twitter:card\" content=\"summary_large_image\" \/>\n<meta name=\"twitter:site\" content=\"@frankeurope\" \/>\n<meta name=\"twitter:label1\" content=\"Dur\u00e9e de lecture estim\u00e9e\" \/>\n\t<meta name=\"twitter:data1\" content=\"1 minute\" \/>\n<script type=\"application\/ld+json\" class=\"yoast-schema-graph\">{\"@context\":\"https:\\\/\\\/schema.org\",\"@graph\":[{\"@type\":\"WebPage\",\"@id\":\"https:\\\/\\\/www.frankeurope.com\\\/fr\\\/mentions-legales\\\/\",\"url\":\"https:\\\/\\\/www.frankeurope.com\\\/fr\\\/mentions-legales\\\/\",\"name\":\"Mentions L\u00e9gales - Vitrines de mus\u00e9es FRANK\",\"isPartOf\":{\"@id\":\"https:\\\/\\\/www.frankeurope.com\\\/#website\"},\"datePublished\":\"2015-06-11T14:03:51+00:00\",\"dateModified\":\"2024-07-12T09:49:56+00:00\",\"description\":\"Vous trouverez ici l'empreinte de FRANK. Frank sont des experts internationaux de premier plan en vitrines de mus\u00e9es. Nos vitrines de mus\u00e9e sont mondialement reconnues.\",\"inLanguage\":\"fr-FR\",\"potentialAction\":[{\"@type\":\"ReadAction\",\"target\":[\"https:\\\/\\\/www.frankeurope.com\\\/fr\\\/mentions-legales\\\/\"]}]},{\"@type\":\"WebSite\",\"@id\":\"https:\\\/\\\/www.frankeurope.com\\\/#website\",\"url\":\"https:\\\/\\\/www.frankeurope.com\\\/\",\"name\":\"FRANK Museums Vitrinen\",\"description\":\"Ing\u00e9nierie de pr\u00e9cision Allemande en vitrines de mus\u00e9es\",\"publisher\":{\"@id\":\"https:\\\/\\\/www.frankeurope.com\\\/#organization\"},\"potentialAction\":[{\"@type\":\"SearchAction\",\"target\":{\"@type\":\"EntryPoint\",\"urlTemplate\":\"https:\\\/\\\/www.frankeurope.com\\\/?s={search_term_string}\"},\"query-input\":{\"@type\":\"PropertyValueSpecification\",\"valueRequired\":true,\"valueName\":\"search_term_string\"}}],\"inLanguage\":\"fr-FR\"},{\"@type\":\"Organization\",\"@id\":\"https:\\\/\\\/www.frankeurope.com\\\/#organization\",\"name\":\"FRANK Europe GmbH\",\"url\":\"https:\\\/\\\/www.frankeurope.com\\\/\",\"logo\":{\"@type\":\"ImageObject\",\"inLanguage\":\"fr-FR\",\"@id\":\"https:\\\/\\\/www.frankeurope.com\\\/#\\\/schema\\\/logo\\\/image\\\/\",\"url\":\"https:\\\/\\\/www.frankeurope.com\\\/wp-content\\\/uploads\\\/2019\\\/10\\\/frank-europe-favicon.png\",\"contentUrl\":\"https:\\\/\\\/www.frankeurope.com\\\/wp-content\\\/uploads\\\/2019\\\/10\\\/frank-europe-favicon.png\",\"width\":474,\"height\":474,\"caption\":\"FRANK Europe GmbH\"},\"image\":{\"@id\":\"https:\\\/\\\/www.frankeurope.com\\\/#\\\/schema\\\/logo\\\/image\\\/\"},\"sameAs\":[\"https:\\\/\\\/www.facebook.com\\\/frank.showcases\",\"https:\\\/\\\/x.com\\\/frankeurope\",\"https:\\\/\\\/www.instagram.com\\\/frank.museum.showcases\\\/\",\"https:\\\/\\\/www.linkedin.com\\\/company\\\/frank-europe-gmbh?trk=hb_tab_compy_id_3013411\",\"https:\\\/\\\/www.pinterest.de\\\/frankeurope\\\/\",\"https:\\\/\\\/www.youtube.com\\\/user\\\/frankeurope?feature=watch\"],\"description\":\"Die FRANK Europe GmbH ist ein weltweit f\u00fchrender Spezialist f\u00fcr hochwertige Vitrinensysteme und Pr\u00e4sentationsl\u00f6sungen, die vor allem in Museen, Galerien und im exklusiven Ladenbau zum Einsatz kommen. Das Herzst\u00fcck ist das patentierte FRANK-System, das durch eine pr\u00e4zise Verbindungstechnik von Acrylglas und Aluminiumprofilen eine schnelle, werkzeuglose Montage sowie maximale Flexibilit\u00e4t erm\u00f6glicht.\"}]}<\/script>\n<!-- \/ Yoast SEO Premium plugin. -->","yoast_head_json":{"title":"Mentions L\u00e9gales - Vitrines de mus\u00e9es FRANK","description":"Vous trouverez ici l'empreinte de FRANK. Frank sont des experts internationaux de premier plan en vitrines de mus\u00e9es. Nos vitrines de mus\u00e9e sont mondialement reconnues.","robots":{"index":"index","follow":"follow","max-snippet":"max-snippet:-1","max-image-preview":"max-image-preview:large","max-video-preview":"max-video-preview:-1"},"canonical":"https:\/\/www.frankeurope.com\/fr\/mentions-legales\/","og_locale":"fr_FR","og_type":"article","og_title":"Mentions L\u00e9gales - Vitrines de mus\u00e9es FRANK","og_description":"Vous trouverez ici l'empreinte de FRANK. Frank sont des experts internationaux de premier plan en vitrines de mus\u00e9es. Nos vitrines de mus\u00e9e sont mondialement reconnues.","og_url":"https:\/\/www.frankeurope.com\/fr\/mentions-legales\/","og_site_name":"Vitrines de mus\u00e9es FRANK","article_publisher":"https:\/\/www.facebook.com\/frank.showcases","article_modified_time":"2024-07-12T09:49:56+00:00","og_image":[{"width":3648,"height":2736,"url":"https:\/\/www.frankeurope.com\/wp-content\/uploads\/2016\/02\/IMG_2420.jpg","type":"image\/jpeg"}],"twitter_card":"summary_large_image","twitter_site":"@frankeurope","twitter_misc":{"Dur\u00e9e de lecture estim\u00e9e":"1 minute"},"schema":{"@context":"https:\/\/schema.org","@graph":[{"@type":"WebPage","@id":"https:\/\/www.frankeurope.com\/fr\/mentions-legales\/","url":"https:\/\/www.frankeurope.com\/fr\/mentions-legales\/","name":"Mentions L\u00e9gales - Vitrines de mus\u00e9es FRANK","isPartOf":{"@id":"https:\/\/www.frankeurope.com\/#website"},"datePublished":"2015-06-11T14:03:51+00:00","dateModified":"2024-07-12T09:49:56+00:00","description":"Vous trouverez ici l'empreinte de FRANK. Frank sont des experts internationaux de premier plan en vitrines de mus\u00e9es. Nos vitrines de mus\u00e9e sont mondialement reconnues.","inLanguage":"fr-FR","potentialAction":[{"@type":"ReadAction","target":["https:\/\/www.frankeurope.com\/fr\/mentions-legales\/"]}]},{"@type":"WebSite","@id":"https:\/\/www.frankeurope.com\/#website","url":"https:\/\/www.frankeurope.com\/","name":"FRANK Museums Vitrinen","description":"Ing\u00e9nierie de pr\u00e9cision Allemande en vitrines de mus\u00e9es","publisher":{"@id":"https:\/\/www.frankeurope.com\/#organization"},"potentialAction":[{"@type":"SearchAction","target":{"@type":"EntryPoint","urlTemplate":"https:\/\/www.frankeurope.com\/?s={search_term_string}"},"query-input":{"@type":"PropertyValueSpecification","valueRequired":true,"valueName":"search_term_string"}}],"inLanguage":"fr-FR"},{"@type":"Organization","@id":"https:\/\/www.frankeurope.com\/#organization","name":"FRANK Europe GmbH","url":"https:\/\/www.frankeurope.com\/","logo":{"@type":"ImageObject","inLanguage":"fr-FR","@id":"https:\/\/www.frankeurope.com\/#\/schema\/logo\/image\/","url":"https:\/\/www.frankeurope.com\/wp-content\/uploads\/2019\/10\/frank-europe-favicon.png","contentUrl":"https:\/\/www.frankeurope.com\/wp-content\/uploads\/2019\/10\/frank-europe-favicon.png","width":474,"height":474,"caption":"FRANK Europe GmbH"},"image":{"@id":"https:\/\/www.frankeurope.com\/#\/schema\/logo\/image\/"},"sameAs":["https:\/\/www.facebook.com\/frank.showcases","https:\/\/x.com\/frankeurope","https:\/\/www.instagram.com\/frank.museum.showcases\/","https:\/\/www.linkedin.com\/company\/frank-europe-gmbh?trk=hb_tab_compy_id_3013411","https:\/\/www.pinterest.de\/frankeurope\/","https:\/\/www.youtube.com\/user\/frankeurope?feature=watch"],"description":"Die FRANK Europe GmbH ist ein weltweit f\u00fchrender Spezialist f\u00fcr hochwertige Vitrinensysteme und Pr\u00e4sentationsl\u00f6sungen, die vor allem in Museen, Galerien und im exklusiven Ladenbau zum Einsatz kommen. Das Herzst\u00fcck ist das patentierte FRANK-System, das durch eine pr\u00e4zise Verbindungstechnik von Acrylglas und Aluminiumprofilen eine schnelle, werkzeuglose Montage sowie maximale Flexibilit\u00e4t erm\u00f6glicht."}]}},"_links":{"self":[{"href":"https:\/\/www.frankeurope.com\/fr\/wp-json\/wp\/v2\/pages\/58517","targetHints":{"allow":["GET"]}}],"collection":[{"href":"https:\/\/www.frankeurope.com\/fr\/wp-json\/wp\/v2\/pages"}],"about":[{"href":"https:\/\/www.frankeurope.com\/fr\/wp-json\/wp\/v2\/types\/page"}],"author":[{"embeddable":true,"href":"https:\/\/www.frankeurope.com\/fr\/wp-json\/wp\/v2\/users\/1"}],"replies":[{"embeddable":true,"href":"https:\/\/www.frankeurope.com\/fr\/wp-json\/wp\/v2\/comments?post=58517"}],"version-history":[{"count":0,"href":"https:\/\/www.frankeurope.com\/fr\/wp-json\/wp\/v2\/pages\/58517\/revisions"}],"wp:attachment":[{"href":"https:\/\/www.frankeurope.com\/fr\/wp-json\/wp\/v2\/media?parent=58517"}],"curies":[{"name":"wp","href":"https:\/\/api.w.org\/{rel}","templated":true}]}}