{"id":73436,"date":"2026-05-07T14:03:04","date_gmt":"2026-05-07T12:03:04","guid":{"rendered":"https:\/\/www.frankeurope.com\/?page_id=73436"},"modified":"2026-05-08T13:06:10","modified_gmt":"2026-05-08T11:06:10","slug":"frank-academy-lost-password","status":"publish","type":"page","link":"https:\/\/www.frankeurope.com\/en\/frank-academy-lost-password\/","title":{"rendered":"FRANK Academy Lost Password"},"content":{"rendered":"<div class=\"wpb-content-wrapper\"><p>[vc_row][vc_column][vc_column_text]<div id=\"user-registration\" class=\"user-registration\">\n\n<div class=\"user-registration-message-container\">\n\t<\/div>\n\n<div class=\"ur-frontend-form login \" id=\"ur-frontend-form\">\n\t<form method=\"post\" class=\"user-registration-ResetPassword ur_lost_reset_password\">\n\t\t<div class=\"ur-form-row\">\n\t\t\t<div class=\"ur-form-grid\">\n\t\t\t\t<div class=\"ur-lost-password-content-container\">\n\n\t\t\t\t<p class=\"ur-lost-password-title\">\n\t\t\t\tLost your password? \t\t\t\t<\/p>\n\t\t\t\t<p class=\"ur-lost-password-message\">\n\t\t\t\tNo worries, we\u2019ll send you reset instructions via email.\t\t\t\t\t<\/p>\n\t\t\t\t<\/div>\n\n\t\t\t\t<p class=\"user-registration-form-row user-registration-form-row--first form-row form-row-first\">\n\t\t\t\t\t<label for=\"user_login\">\n\t\t\t\t\t\tUsername or Email\t\t\t\t\t\t<abbr class=\"required\" title=\"required\">*<\/abbr><\/label>\n\n\t\t\t\t\t<div class=\"ur-input-with-icon\">\n\t\t\t\t\t\t<svg xmlns=\"http:\/\/www.w3.org\/2000\/svg\" width=\"14\" height=\"15\" viewBox=\"0 0 14 15\" fill=\"none\" class=\"input-icon\">\n\t\t\t\t\t<path d=\"M2.33561 2.83301H11.6689C12.3106 2.83301 12.8356 3.35801 12.8356 3.99967V10.9997C12.8356 11.6413 12.3106 12.1663 11.6689 12.1663H2.33561C1.69395 12.1663 1.16895 11.6413 1.16895 10.9997V3.99967C1.16895 3.35801 1.69395 2.83301 2.33561 2.83301Z\" stroke=\"#858585\" stroke-linecap=\"round\" stroke-linejoin=\"round\"\/>\n\t\t\t\t\t\t<path d=\"M12.8356 4L7.00228 8.08333L1.16895 4\" stroke=\"#858585\" stroke-linecap=\"round\" stroke-linejoin=\"round\"\/>\n\t\t\t\t\t\t<\/svg>\n\t\t\t\t\t\t<input class=\"form-control user-registration-Input user-registration-Input--text\" type=\"text\" name=\"user_login\" id=\"user_login\" placeholder=\"Enter your email\" \/>\n\t\t\t\t<\/div>\n\n\t\t\t\t<div class=\"clear\"><\/div>\n\n\t\t\t\t\n\t\t\t\t\n\t\t\t\t<p class=\"user-registration-form-row form-row\">\n\t\t\t\t\t<input type=\"hidden\" name=\"ur_reset_password\" value=\"true\" \/>\n\t\t\t\t\t<input type=\"submit\" class=\"user-registration-Button button ur-reset-password-btn\" value=\"Reset password \"\/>\n\t\t\t\t<\/p>\n\n\t\t\t\t<input type=\"hidden\" id=\"_wpnonce\" name=\"_wpnonce\" value=\"bea587092a\" \/><input type=\"hidden\" name=\"_wp_http_referer\" value=\"\/en\/wp-json\/wp\/v2\/pages\/73436\" \/>\t\t\t<\/div>\n\t\t<\/div>\n\t<\/form>\n<\/div>\n<\/div>[\/vc_column_text][\/vc_column][\/vc_row]<\/p>\n<\/div>","protected":false},"excerpt":{"rendered":"<p>Documentations, Manuals, Videos and much more about the Frank Showcase Products you&#8217;ll find now on | frankeurope.com.<\/p>\n","protected":false},"author":1,"featured_media":0,"parent":0,"menu_order":70,"comment_status":"closed","ping_status":"closed","template":"","meta":{"footnotes":""},"class_list":["post-73436","page","type-page","status-publish","hentry"],"yoast_head":"<!-- This site is optimized with the Yoast SEO Premium plugin v27.6 (Yoast SEO v27.6) - https:\/\/yoast.com\/product\/yoast-seo-premium-wordpress\/ -->\n<title>FRANK Academy Lost Password<\/title>\n<meta name=\"description\" content=\"Explore our media and downloads here, incl. documentation, manuals, videos, and more. We provide museum and exhibition showcases globally.\" \/>\n<meta name=\"robots\" content=\"index, follow, max-snippet:-1, max-image-preview:large, max-video-preview:-1\" \/>\n<link rel=\"canonical\" href=\"https:\/\/www.frankeurope.com\/en\/frank-academy-lost-password\/\" \/>\n<meta property=\"og:locale\" content=\"en_US\" \/>\n<meta property=\"og:type\" content=\"article\" \/>\n<meta property=\"og:title\" content=\"FRANK Academy Lost Password\" \/>\n<meta property=\"og:description\" content=\"Explore our media and downloads here, incl. documentation, manuals, videos, and more. We provide museum and exhibition showcases globally.\" \/>\n<meta property=\"og:url\" content=\"https:\/\/www.frankeurope.com\/en\/frank-academy-lost-password\/\" \/>\n<meta property=\"og:site_name\" content=\"FRANK Museum Display Showcases\" \/>\n<meta property=\"article:publisher\" content=\"https:\/\/www.facebook.com\/frank.showcases\" \/>\n<meta property=\"article:modified_time\" content=\"2026-05-08T11:06:10+00:00\" \/>\n<meta property=\"og:image\" content=\"https:\/\/www.frankeurope.com\/wp-content\/uploads\/2016\/08\/frank_facebook_site2-1.jpg\" \/>\n\t<meta property=\"og:image:width\" content=\"1200\" \/>\n\t<meta property=\"og:image:height\" content=\"628\" \/>\n\t<meta property=\"og:image:type\" content=\"image\/jpeg\" \/>\n<meta name=\"twitter:card\" content=\"summary_large_image\" \/>\n<meta name=\"twitter:site\" content=\"@frankeurope\" \/>\n<meta name=\"twitter:label1\" content=\"Est. reading time\" \/>\n\t<meta name=\"twitter:data1\" content=\"1 minute\" \/>\n<script type=\"application\/ld+json\" class=\"yoast-schema-graph\">{\"@context\":\"https:\\\/\\\/schema.org\",\"@graph\":[{\"@type\":\"WebPage\",\"@id\":\"https:\\\/\\\/www.frankeurope.com\\\/en\\\/frank-academy-lost-password\\\/\",\"url\":\"https:\\\/\\\/www.frankeurope.com\\\/en\\\/frank-academy-lost-password\\\/\",\"name\":\"FRANK Academy Lost Password\",\"isPartOf\":{\"@id\":\"https:\\\/\\\/www.frankeurope.com\\\/#website\"},\"datePublished\":\"2026-05-07T12:03:04+00:00\",\"dateModified\":\"2026-05-08T11:06:10+00:00\",\"description\":\"Explore our media and downloads here, incl. documentation, manuals, videos, and more. We provide museum and exhibition showcases globally.\",\"inLanguage\":\"en-US\",\"potentialAction\":[{\"@type\":\"ReadAction\",\"target\":[\"https:\\\/\\\/www.frankeurope.com\\\/en\\\/frank-academy-lost-password\\\/\"]}]},{\"@type\":\"WebSite\",\"@id\":\"https:\\\/\\\/www.frankeurope.com\\\/#website\",\"url\":\"https:\\\/\\\/www.frankeurope.com\\\/\",\"name\":\"FRANK Museums Vitrinen\",\"description\":\"Precision german engineering for museum showcases\",\"publisher\":{\"@id\":\"https:\\\/\\\/www.frankeurope.com\\\/#organization\"},\"potentialAction\":[{\"@type\":\"SearchAction\",\"target\":{\"@type\":\"EntryPoint\",\"urlTemplate\":\"https:\\\/\\\/www.frankeurope.com\\\/?s={search_term_string}\"},\"query-input\":{\"@type\":\"PropertyValueSpecification\",\"valueRequired\":true,\"valueName\":\"search_term_string\"}}],\"inLanguage\":\"en-US\"},{\"@type\":\"Organization\",\"@id\":\"https:\\\/\\\/www.frankeurope.com\\\/#organization\",\"name\":\"FRANK Europe GmbH\",\"url\":\"https:\\\/\\\/www.frankeurope.com\\\/\",\"logo\":{\"@type\":\"ImageObject\",\"inLanguage\":\"en-US\",\"@id\":\"https:\\\/\\\/www.frankeurope.com\\\/#\\\/schema\\\/logo\\\/image\\\/\",\"url\":\"https:\\\/\\\/www.frankeurope.com\\\/wp-content\\\/uploads\\\/2019\\\/10\\\/frank-europe-favicon.png\",\"contentUrl\":\"https:\\\/\\\/www.frankeurope.com\\\/wp-content\\\/uploads\\\/2019\\\/10\\\/frank-europe-favicon.png\",\"width\":474,\"height\":474,\"caption\":\"FRANK Europe GmbH\"},\"image\":{\"@id\":\"https:\\\/\\\/www.frankeurope.com\\\/#\\\/schema\\\/logo\\\/image\\\/\"},\"sameAs\":[\"https:\\\/\\\/www.facebook.com\\\/frank.showcases\",\"https:\\\/\\\/x.com\\\/frankeurope\",\"https:\\\/\\\/www.instagram.com\\\/frank.museum.showcases\\\/\",\"https:\\\/\\\/www.linkedin.com\\\/company\\\/frank-europe-gmbh?trk=hb_tab_compy_id_3013411\",\"https:\\\/\\\/www.pinterest.de\\\/frankeurope\\\/\",\"https:\\\/\\\/www.youtube.com\\\/user\\\/frankeurope?feature=watch\"],\"description\":\"Die FRANK Europe GmbH ist ein weltweit f\u00fchrender Spezialist f\u00fcr hochwertige Vitrinensysteme und Pr\u00e4sentationsl\u00f6sungen, die vor allem in Museen, Galerien und im exklusiven Ladenbau zum Einsatz kommen. Das Herzst\u00fcck ist das patentierte FRANK-System, das durch eine pr\u00e4zise Verbindungstechnik von Acrylglas und Aluminiumprofilen eine schnelle, werkzeuglose Montage sowie maximale Flexibilit\u00e4t erm\u00f6glicht.\"}]}<\/script>\n<!-- \/ Yoast SEO Premium plugin. -->","yoast_head_json":{"title":"FRANK Academy Lost Password","description":"Explore our media and downloads here, incl. documentation, manuals, videos, and more. We provide museum and exhibition showcases globally.","robots":{"index":"index","follow":"follow","max-snippet":"max-snippet:-1","max-image-preview":"max-image-preview:large","max-video-preview":"max-video-preview:-1"},"canonical":"https:\/\/www.frankeurope.com\/en\/frank-academy-lost-password\/","og_locale":"en_US","og_type":"article","og_title":"FRANK Academy Lost Password","og_description":"Explore our media and downloads here, incl. documentation, manuals, videos, and more. We provide museum and exhibition showcases globally.","og_url":"https:\/\/www.frankeurope.com\/en\/frank-academy-lost-password\/","og_site_name":"FRANK Museum Display Showcases","article_publisher":"https:\/\/www.facebook.com\/frank.showcases","article_modified_time":"2026-05-08T11:06:10+00:00","og_image":[{"width":1200,"height":628,"url":"https:\/\/www.frankeurope.com\/wp-content\/uploads\/2016\/08\/frank_facebook_site2-1.jpg","type":"image\/jpeg"}],"twitter_card":"summary_large_image","twitter_site":"@frankeurope","twitter_misc":{"Est. reading time":"1 minute"},"schema":{"@context":"https:\/\/schema.org","@graph":[{"@type":"WebPage","@id":"https:\/\/www.frankeurope.com\/en\/frank-academy-lost-password\/","url":"https:\/\/www.frankeurope.com\/en\/frank-academy-lost-password\/","name":"FRANK Academy Lost Password","isPartOf":{"@id":"https:\/\/www.frankeurope.com\/#website"},"datePublished":"2026-05-07T12:03:04+00:00","dateModified":"2026-05-08T11:06:10+00:00","description":"Explore our media and downloads here, incl. documentation, manuals, videos, and more. We provide museum and exhibition showcases globally.","inLanguage":"en-US","potentialAction":[{"@type":"ReadAction","target":["https:\/\/www.frankeurope.com\/en\/frank-academy-lost-password\/"]}]},{"@type":"WebSite","@id":"https:\/\/www.frankeurope.com\/#website","url":"https:\/\/www.frankeurope.com\/","name":"FRANK Museums Vitrinen","description":"Precision german engineering for museum showcases","publisher":{"@id":"https:\/\/www.frankeurope.com\/#organization"},"potentialAction":[{"@type":"SearchAction","target":{"@type":"EntryPoint","urlTemplate":"https:\/\/www.frankeurope.com\/?s={search_term_string}"},"query-input":{"@type":"PropertyValueSpecification","valueRequired":true,"valueName":"search_term_string"}}],"inLanguage":"en-US"},{"@type":"Organization","@id":"https:\/\/www.frankeurope.com\/#organization","name":"FRANK Europe GmbH","url":"https:\/\/www.frankeurope.com\/","logo":{"@type":"ImageObject","inLanguage":"en-US","@id":"https:\/\/www.frankeurope.com\/#\/schema\/logo\/image\/","url":"https:\/\/www.frankeurope.com\/wp-content\/uploads\/2019\/10\/frank-europe-favicon.png","contentUrl":"https:\/\/www.frankeurope.com\/wp-content\/uploads\/2019\/10\/frank-europe-favicon.png","width":474,"height":474,"caption":"FRANK Europe GmbH"},"image":{"@id":"https:\/\/www.frankeurope.com\/#\/schema\/logo\/image\/"},"sameAs":["https:\/\/www.facebook.com\/frank.showcases","https:\/\/x.com\/frankeurope","https:\/\/www.instagram.com\/frank.museum.showcases\/","https:\/\/www.linkedin.com\/company\/frank-europe-gmbh?trk=hb_tab_compy_id_3013411","https:\/\/www.pinterest.de\/frankeurope\/","https:\/\/www.youtube.com\/user\/frankeurope?feature=watch"],"description":"Die FRANK Europe GmbH ist ein weltweit f\u00fchrender Spezialist f\u00fcr hochwertige Vitrinensysteme und Pr\u00e4sentationsl\u00f6sungen, die vor allem in Museen, Galerien und im exklusiven Ladenbau zum Einsatz kommen. Das Herzst\u00fcck ist das patentierte FRANK-System, das durch eine pr\u00e4zise Verbindungstechnik von Acrylglas und Aluminiumprofilen eine schnelle, werkzeuglose Montage sowie maximale Flexibilit\u00e4t erm\u00f6glicht."}]}},"_links":{"self":[{"href":"https:\/\/www.frankeurope.com\/en\/wp-json\/wp\/v2\/pages\/73436","targetHints":{"allow":["GET"]}}],"collection":[{"href":"https:\/\/www.frankeurope.com\/en\/wp-json\/wp\/v2\/pages"}],"about":[{"href":"https:\/\/www.frankeurope.com\/en\/wp-json\/wp\/v2\/types\/page"}],"author":[{"embeddable":true,"href":"https:\/\/www.frankeurope.com\/en\/wp-json\/wp\/v2\/users\/1"}],"replies":[{"embeddable":true,"href":"https:\/\/www.frankeurope.com\/en\/wp-json\/wp\/v2\/comments?post=73436"}],"version-history":[{"count":2,"href":"https:\/\/www.frankeurope.com\/en\/wp-json\/wp\/v2\/pages\/73436\/revisions"}],"predecessor-version":[{"id":73507,"href":"https:\/\/www.frankeurope.com\/en\/wp-json\/wp\/v2\/pages\/73436\/revisions\/73507"}],"wp:attachment":[{"href":"https:\/\/www.frankeurope.com\/en\/wp-json\/wp\/v2\/media?parent=73436"}],"curies":[{"name":"wp","href":"https:\/\/api.w.org\/{rel}","templated":true}]}}