{"id":73423,"date":"2026-05-07T12:18:34","date_gmt":"2026-05-07T10:18:34","guid":{"rendered":"https:\/\/www.frankeurope.com\/?page_id=73423"},"modified":"2026-05-08T13:05:56","modified_gmt":"2026-05-08T11:05:56","slug":"frank-academy-login","status":"publish","type":"page","link":"https:\/\/www.frankeurope.com\/en\/frank-academy-login\/","title":{"rendered":"FRANK Academy Login"},"content":{"rendered":"<div class=\"wpb-content-wrapper\"><p>[vc_row][vc_column]<div id=\"user-registration\" class=\"user-registration\">\n<div class=\"ur-frontend-form login  \" id=\"ur-frontend-form\">\n\t\t<form class=\"user-registration-form user-registration-form-login login\" method=\"post\">\n\t\t<div class=\"ur-form-row\">\n\t\t\t<div class=\"ur-form-grid\">\n\t\t\t\t\t\t\t\t\t\t\t\t<div\n\t\t\t\t\tclass=\" user-registration-form-row user-registration-form-row--wide form-row form-row-wide\"\n\t\t\t\t\tdata-field=\"username\">\n\t\t\t\t\t<label for=\"username\">Username or Email <span class=\"required\">*<\/span><\/label>\t\t\t\t\t<span class=\"input-wrapper\">\n\t\t\t\t\t\t<input placeholder=\"\" type=\"text\"\n\t\t\t\t\t\t\t\tclass=\"user-registration-Input user-registration-Input--text input-text\" name=\"username\"\n\t\t\t\t\t\t\t\tid=\"username\"\n\t\t\t\t\t\t\t   value=\"\"\n\t\t\t\t\t\t\t\tstyle=\"\"\n\t\t\t\t\t\t\t\t\t\t\t\t\t\t\/>\n\t\t\t\t\t\t\t\t\t\t\t\t<\/span>\n\t\t\t\t<\/div>\n\t\t\t\t\t\t\t\t\t<div\n\t\t\t\t\t\tclass=\" user-registration-form-row user-registration-form-row--wide form-row form-row-wide hide_show_password\"\n\t\t\t\t\t\tdata-field=\"password\">\n\t\t\t\t\t\t<label for=\"password\">Password <span class=\"required\">*<\/span><\/label>\t\t\t\t\t\t<span class=\"input-wrapper\">\n\t\t\t\t\t\t<span class=\"password-input-group\">\n\t\t\t\t\t\t<input\n\t\t\t\t\t\t\tplaceholder=\"\"\n\t\t\t\t\t\t\tclass=\"user-registration-Input user-registration-Input--text input-text\" type=\"password\"\n\t\t\t\t\t\t\tname=\"password\" id=\"password\"\n\t\t\t\t\t\t\tstyle=\"\"\n\t\t\t\t\t\t\t\t\t\t\t\t\t\/>\n\n\t\t\t\t\t\t\t\t\t\t\t\t<a href=\"javaScript:void(0)\" class=\"password_preview dashicons dashicons-hidden\"\n\t\t\t\t\t\t\ttitle=\"Show password\"><\/a>\n\t\t\t\t\t\t<\/span>\n\t\t\t\t\t\t\t\t\t\t\t\t\t\t\t\t\t\t\t\t<\/span>\n\t\t\t\t\t<\/div>\n\t\t\t\t\t\t\t\t\n\t\t\t\t\t\t\t\t<div class=\"form-row\">\n\t\t\t\t\t<input type=\"hidden\" id=\"user-registration-login-nonce\" name=\"user-registration-login-nonce\" value=\"f01421763e\" \/><input type=\"hidden\" name=\"_wp_http_referer\" value=\"\/en\/wp-json\/wp\/v2\/pages\/73423\" \/>\t\t\t\t\t\t<div class=\"user-registration-before-login-btn\">\n\t\t\t\t\t\t\t\t\t\t\t\t\t\t\t<div class=\"\" data-field=\"remember-me\">\n\t\t\t\t\t\t\t\t\t<label\n\t\t\t\t\t\t\t\t\t\tclass=\"user-registration-form__label user-registration-form__label-for-checkbox inline\">\n\t\t\t\t\t\t\t\t\t\t<input\n\t\t\t\t\t\t\t\t\t\t\tclass=\"user-registration-form__input user-registration-form__input-checkbox\"\n\t\t\t\t\t\t\t\t\t\t\tname=\"rememberme\" type=\"checkbox\" id=\"rememberme\" value=\"forever\"\n\t\t\t\t\t\t\t\t\t\t\t\t\t\t\t\t\t\t\t\t\t\/>\n\t\t\t\t\t\t\t\t\t\t<span>Remember Me<\/span>\n\t\t\t\t\t\t\t\t\t<\/label>\n\t\t\t\t\t\t\t\t<\/div>\n\t\t\t\t\t\t\t\t\t\t\t\t\t\t\t\t\t\t\t\t\t\t\t<div data-field=\"lost-password\"\n\t\t\t\t\t\t\t\t\tclass=\"user-registration-LostPassword lost_password \">\n\t\t\t\t\t\t\t\t\t<label\n\t\t\t\t\t\t\t\t\t\tclass=\"user-registration-form__label user-registration-form__label-for-checkbox inline\">\n\t\t\t\t\t\t\t\t\t\t<a href=\"https:\/\/www.frankeurope.com\/en\/frank-academy-lost-password\/\">Lost your password?<\/a>\n\t\t\t\t\t\t\t\t\t<\/label>\n\t\t\t\t\t\t\t\t<\/div>\n\t\t\t\t\t\t\t\t\t\t\t\t\t\t<\/div>\n\t\t\t\t\t\t\t\t\t\t<\/div>\n\t\t\t\t<div data-field=\"login-button\" class=\"\">\n\t\t\t\t\t\t\t\t\t\t\t\t\t\t\t\t<button type=\"submit\"\n\t\t\t\t\t\t\t\tclass=\"user-registration-Button button ur-submit-button  \"\n\t\t\t\t\t\t\t\tname=\"login\"\n\t\t\t\t\t\t\t\tvalue=\"Login\">Login<\/button>\n\t\t\t\t\t\t\t\t\t<\/div>\n\t\t\t\t<input type=\"hidden\" name=\"redirect\"\n\t\t\t\t\t\tvalue=\"https:\/\/www.frankeurope.com\/en\/frank-academy\/\"\/>\n\t\t\t\t<input type=\"hidden\" name=\"previous_page\" value=\"\"\/>\n\t\t\t\t<div class=\"user-registration-register register \" data-field=\"registration-setting\">\t\t\t\t\t\t\t<a href=\"https:\/\/www.frankeurope.com\/en\/registration\/\"> Not a member yet? Register now.\t\t\t\t\t\t<\/a>\n\t\t\t\t\t\t<\/div>\t\t\t\t\t\t\t<\/div>\n\t\t<\/div>\n\t<\/form>\n<\/div>\n\n<\/div>[vc_empty_space empty_h=&#8221;3&#8243;][\/vc_column][\/vc_row]<\/p>\n<\/div>","protected":false},"excerpt":{"rendered":"<p>Documentations, Manuals, Videos and much more about the Frank Showcase Products you&#8217;ll find now on | frankeurope.com.<\/p>\n","protected":false},"author":1,"featured_media":0,"parent":0,"menu_order":70,"comment_status":"closed","ping_status":"closed","template":"","meta":{"footnotes":""},"class_list":["post-73423","page","type-page","status-publish","hentry"],"yoast_head":"<!-- This site is optimized with the Yoast SEO Premium plugin v27.6 (Yoast SEO v27.6) - https:\/\/yoast.com\/product\/yoast-seo-premium-wordpress\/ -->\n<title>FRANK Academy Login<\/title>\n<meta name=\"description\" content=\"Explore our media and downloads here, incl. documentation, manuals, videos, and more. We provide museum and exhibition showcases globally.\" \/>\n<meta name=\"robots\" content=\"index, follow, max-snippet:-1, max-image-preview:large, max-video-preview:-1\" \/>\n<link rel=\"canonical\" href=\"https:\/\/www.frankeurope.com\/en\/frank-academy-login\/\" \/>\n<meta property=\"og:locale\" content=\"en_US\" \/>\n<meta property=\"og:type\" content=\"article\" \/>\n<meta property=\"og:title\" content=\"FRANK Academy Login\" \/>\n<meta property=\"og:description\" content=\"Explore our media and downloads here, incl. documentation, manuals, videos, and more. We provide museum and exhibition showcases globally.\" \/>\n<meta property=\"og:url\" content=\"https:\/\/www.frankeurope.com\/en\/frank-academy-login\/\" \/>\n<meta property=\"og:site_name\" content=\"FRANK Museum Display Showcases\" \/>\n<meta property=\"article:publisher\" content=\"https:\/\/www.facebook.com\/frank.showcases\" \/>\n<meta property=\"article:modified_time\" content=\"2026-05-08T11:05:56+00:00\" \/>\n<meta property=\"og:image\" content=\"https:\/\/www.frankeurope.com\/wp-content\/uploads\/2016\/08\/frank_facebook_site2-1.jpg\" \/>\n\t<meta property=\"og:image:width\" content=\"1200\" \/>\n\t<meta property=\"og:image:height\" content=\"628\" \/>\n\t<meta property=\"og:image:type\" content=\"image\/jpeg\" \/>\n<meta name=\"twitter:card\" content=\"summary_large_image\" \/>\n<meta name=\"twitter:site\" content=\"@frankeurope\" \/>\n<meta name=\"twitter:label1\" content=\"Est. reading time\" \/>\n\t<meta name=\"twitter:data1\" content=\"1 minute\" \/>\n<script type=\"application\/ld+json\" class=\"yoast-schema-graph\">{\"@context\":\"https:\\\/\\\/schema.org\",\"@graph\":[{\"@type\":\"WebPage\",\"@id\":\"https:\\\/\\\/www.frankeurope.com\\\/en\\\/frank-academy-login\\\/\",\"url\":\"https:\\\/\\\/www.frankeurope.com\\\/en\\\/frank-academy-login\\\/\",\"name\":\"FRANK Academy Login\",\"isPartOf\":{\"@id\":\"https:\\\/\\\/www.frankeurope.com\\\/#website\"},\"datePublished\":\"2026-05-07T10:18:34+00:00\",\"dateModified\":\"2026-05-08T11:05:56+00:00\",\"description\":\"Explore our media and downloads here, incl. documentation, manuals, videos, and more. We provide museum and exhibition showcases globally.\",\"inLanguage\":\"en-US\",\"potentialAction\":[{\"@type\":\"ReadAction\",\"target\":[\"https:\\\/\\\/www.frankeurope.com\\\/en\\\/frank-academy-login\\\/\"]}]},{\"@type\":\"WebSite\",\"@id\":\"https:\\\/\\\/www.frankeurope.com\\\/#website\",\"url\":\"https:\\\/\\\/www.frankeurope.com\\\/\",\"name\":\"FRANK Museums Vitrinen\",\"description\":\"Precision german engineering for museum showcases\",\"publisher\":{\"@id\":\"https:\\\/\\\/www.frankeurope.com\\\/#organization\"},\"potentialAction\":[{\"@type\":\"SearchAction\",\"target\":{\"@type\":\"EntryPoint\",\"urlTemplate\":\"https:\\\/\\\/www.frankeurope.com\\\/?s={search_term_string}\"},\"query-input\":{\"@type\":\"PropertyValueSpecification\",\"valueRequired\":true,\"valueName\":\"search_term_string\"}}],\"inLanguage\":\"en-US\"},{\"@type\":\"Organization\",\"@id\":\"https:\\\/\\\/www.frankeurope.com\\\/#organization\",\"name\":\"FRANK Europe GmbH\",\"url\":\"https:\\\/\\\/www.frankeurope.com\\\/\",\"logo\":{\"@type\":\"ImageObject\",\"inLanguage\":\"en-US\",\"@id\":\"https:\\\/\\\/www.frankeurope.com\\\/#\\\/schema\\\/logo\\\/image\\\/\",\"url\":\"https:\\\/\\\/www.frankeurope.com\\\/wp-content\\\/uploads\\\/2019\\\/10\\\/frank-europe-favicon.png\",\"contentUrl\":\"https:\\\/\\\/www.frankeurope.com\\\/wp-content\\\/uploads\\\/2019\\\/10\\\/frank-europe-favicon.png\",\"width\":474,\"height\":474,\"caption\":\"FRANK Europe GmbH\"},\"image\":{\"@id\":\"https:\\\/\\\/www.frankeurope.com\\\/#\\\/schema\\\/logo\\\/image\\\/\"},\"sameAs\":[\"https:\\\/\\\/www.facebook.com\\\/frank.showcases\",\"https:\\\/\\\/x.com\\\/frankeurope\",\"https:\\\/\\\/www.instagram.com\\\/frank.museum.showcases\\\/\",\"https:\\\/\\\/www.linkedin.com\\\/company\\\/frank-europe-gmbh?trk=hb_tab_compy_id_3013411\",\"https:\\\/\\\/www.pinterest.de\\\/frankeurope\\\/\",\"https:\\\/\\\/www.youtube.com\\\/user\\\/frankeurope?feature=watch\"],\"description\":\"Die FRANK Europe GmbH ist ein weltweit f\u00fchrender Spezialist f\u00fcr hochwertige Vitrinensysteme und Pr\u00e4sentationsl\u00f6sungen, die vor allem in Museen, Galerien und im exklusiven Ladenbau zum Einsatz kommen. Das Herzst\u00fcck ist das patentierte FRANK-System, das durch eine pr\u00e4zise Verbindungstechnik von Acrylglas und Aluminiumprofilen eine schnelle, werkzeuglose Montage sowie maximale Flexibilit\u00e4t erm\u00f6glicht.\"}]}<\/script>\n<!-- \/ Yoast SEO Premium plugin. -->","yoast_head_json":{"title":"FRANK Academy Login","description":"Explore our media and downloads here, incl. documentation, manuals, videos, and more. We provide museum and exhibition showcases globally.","robots":{"index":"index","follow":"follow","max-snippet":"max-snippet:-1","max-image-preview":"max-image-preview:large","max-video-preview":"max-video-preview:-1"},"canonical":"https:\/\/www.frankeurope.com\/en\/frank-academy-login\/","og_locale":"en_US","og_type":"article","og_title":"FRANK Academy Login","og_description":"Explore our media and downloads here, incl. documentation, manuals, videos, and more. We provide museum and exhibition showcases globally.","og_url":"https:\/\/www.frankeurope.com\/en\/frank-academy-login\/","og_site_name":"FRANK Museum Display Showcases","article_publisher":"https:\/\/www.facebook.com\/frank.showcases","article_modified_time":"2026-05-08T11:05:56+00:00","og_image":[{"width":1200,"height":628,"url":"https:\/\/www.frankeurope.com\/wp-content\/uploads\/2016\/08\/frank_facebook_site2-1.jpg","type":"image\/jpeg"}],"twitter_card":"summary_large_image","twitter_site":"@frankeurope","twitter_misc":{"Est. reading time":"1 minute"},"schema":{"@context":"https:\/\/schema.org","@graph":[{"@type":"WebPage","@id":"https:\/\/www.frankeurope.com\/en\/frank-academy-login\/","url":"https:\/\/www.frankeurope.com\/en\/frank-academy-login\/","name":"FRANK Academy Login","isPartOf":{"@id":"https:\/\/www.frankeurope.com\/#website"},"datePublished":"2026-05-07T10:18:34+00:00","dateModified":"2026-05-08T11:05:56+00:00","description":"Explore our media and downloads here, incl. documentation, manuals, videos, and more. We provide museum and exhibition showcases globally.","inLanguage":"en-US","potentialAction":[{"@type":"ReadAction","target":["https:\/\/www.frankeurope.com\/en\/frank-academy-login\/"]}]},{"@type":"WebSite","@id":"https:\/\/www.frankeurope.com\/#website","url":"https:\/\/www.frankeurope.com\/","name":"FRANK Museums Vitrinen","description":"Precision german engineering for museum showcases","publisher":{"@id":"https:\/\/www.frankeurope.com\/#organization"},"potentialAction":[{"@type":"SearchAction","target":{"@type":"EntryPoint","urlTemplate":"https:\/\/www.frankeurope.com\/?s={search_term_string}"},"query-input":{"@type":"PropertyValueSpecification","valueRequired":true,"valueName":"search_term_string"}}],"inLanguage":"en-US"},{"@type":"Organization","@id":"https:\/\/www.frankeurope.com\/#organization","name":"FRANK Europe GmbH","url":"https:\/\/www.frankeurope.com\/","logo":{"@type":"ImageObject","inLanguage":"en-US","@id":"https:\/\/www.frankeurope.com\/#\/schema\/logo\/image\/","url":"https:\/\/www.frankeurope.com\/wp-content\/uploads\/2019\/10\/frank-europe-favicon.png","contentUrl":"https:\/\/www.frankeurope.com\/wp-content\/uploads\/2019\/10\/frank-europe-favicon.png","width":474,"height":474,"caption":"FRANK Europe GmbH"},"image":{"@id":"https:\/\/www.frankeurope.com\/#\/schema\/logo\/image\/"},"sameAs":["https:\/\/www.facebook.com\/frank.showcases","https:\/\/x.com\/frankeurope","https:\/\/www.instagram.com\/frank.museum.showcases\/","https:\/\/www.linkedin.com\/company\/frank-europe-gmbh?trk=hb_tab_compy_id_3013411","https:\/\/www.pinterest.de\/frankeurope\/","https:\/\/www.youtube.com\/user\/frankeurope?feature=watch"],"description":"Die FRANK Europe GmbH ist ein weltweit f\u00fchrender Spezialist f\u00fcr hochwertige Vitrinensysteme und Pr\u00e4sentationsl\u00f6sungen, die vor allem in Museen, Galerien und im exklusiven Ladenbau zum Einsatz kommen. Das Herzst\u00fcck ist das patentierte FRANK-System, das durch eine pr\u00e4zise Verbindungstechnik von Acrylglas und Aluminiumprofilen eine schnelle, werkzeuglose Montage sowie maximale Flexibilit\u00e4t erm\u00f6glicht."}]}},"_links":{"self":[{"href":"https:\/\/www.frankeurope.com\/en\/wp-json\/wp\/v2\/pages\/73423","targetHints":{"allow":["GET"]}}],"collection":[{"href":"https:\/\/www.frankeurope.com\/en\/wp-json\/wp\/v2\/pages"}],"about":[{"href":"https:\/\/www.frankeurope.com\/en\/wp-json\/wp\/v2\/types\/page"}],"author":[{"embeddable":true,"href":"https:\/\/www.frankeurope.com\/en\/wp-json\/wp\/v2\/users\/1"}],"replies":[{"embeddable":true,"href":"https:\/\/www.frankeurope.com\/en\/wp-json\/wp\/v2\/comments?post=73423"}],"version-history":[{"count":6,"href":"https:\/\/www.frankeurope.com\/en\/wp-json\/wp\/v2\/pages\/73423\/revisions"}],"predecessor-version":[{"id":73432,"href":"https:\/\/www.frankeurope.com\/en\/wp-json\/wp\/v2\/pages\/73423\/revisions\/73432"}],"wp:attachment":[{"href":"https:\/\/www.frankeurope.com\/en\/wp-json\/wp\/v2\/media?parent=73423"}],"curies":[{"name":"wp","href":"https:\/\/api.w.org\/{rel}","templated":true}]}}