{"id":70409,"date":"2023-11-07T15:26:28","date_gmt":"2023-11-07T14:26:28","guid":{"rendered":"https:\/\/www.frankeurope.com\/?page_id=70409"},"modified":"2026-03-26T10:29:44","modified_gmt":"2026-03-26T09:29:44","slug":"frank-showcases","status":"publish","type":"page","link":"https:\/\/www.frankeurope.com\/en\/frank-showcases\/","title":{"rendered":"FRANK Showcases"},"content":{"rendered":"<div class=\"wpb-content-wrapper\"><p>[vc_row row_height_percent=&#8221;70&#8243; back_color=&#8221;color-222222&#8243; overlay_alpha=&#8221;50&#8243; gutter_size=&#8221;3&#8243; column_width_percent=&#8221;100&#8243; shift_y=&#8221;0&#8243; z_index=&#8221;0&#8243; content_parallax=&#8221;0&#8243; uncode_shortcode_id=&#8221;983230&#8243; back_color_type=&#8221;uncode-palette&#8221;][vc_column column_width_percent=&#8221;100&#8243; position_vertical=&#8221;middle&#8221; gutter_size=&#8221;3&#8243; overlay_alpha=&#8221;50&#8243; shift_x=&#8221;0&#8243; shift_y=&#8221;0&#8243; shift_y_down=&#8221;0&#8243; z_index=&#8221;0&#8243; medium_width=&#8221;0&#8243; mobile_width=&#8221;0&#8243; width=&#8221;1\/1&#8243;][vc_row_inner][vc_column_inner column_width_use_pixel=&#8221;yes&#8221; align_horizontal=&#8221;align_center&#8221; gutter_size=&#8221;2&#8243; overlay_alpha=&#8221;50&#8243; shift_x=&#8221;0&#8243; shift_y=&#8221;0&#8243; shift_y_down=&#8221;0&#8243; z_index=&#8221;0&#8243; medium_width=&#8221;0&#8243; mobile_width=&#8221;0&#8243; width=&#8221;1\/1&#8243; column_width_pixel=&#8221;660&#8243;][vc_custom_heading heading_semantic=&#8221;h3&#8243; uncode_shortcode_id=&#8221;996147&#8243;]Display cases[\/vc_custom_heading][vc_column_text text_lead=&#8221;yes&#8221; uncode_shortcode_id=&#8221;149945&#8243;]Choose between our patented <a href=\"https:\/\/www.frankeurope.com\/en\/frank_showcase_system\/\">FRANK showcase system<\/a>,<br \/>\nour <a href=\"https:\/\/www.frankeurope.com\/en\/conventional-display-cases\/\">EXCEL<\/a> standard showcases, or the modular <a href=\"https:\/\/www.frankeurope.com\/en\/combo-modular-showcase\/\">COMBO<\/a> showcases.[\/vc_column_text][\/vc_column_inner][\/vc_row_inner][vc_row_inner row_inner_height_percent=&#8221;0&#8243; overlay_alpha=&#8221;50&#8243; gutter_size=&#8221;1&#8243; shift_y=&#8221;0&#8243; z_index=&#8221;0&#8243; uncode_shortcode_id=&#8221;159504&#8243;][vc_column_inner column_width_percent=&#8221;100&#8243; align_horizontal=&#8221;align_center&#8221; gutter_size=&#8221;0&#8243; overlay_alpha=&#8221;50&#8243; shift_x=&#8221;0&#8243; shift_y=&#8221;0&#8243; shift_y_down=&#8221;0&#8243; z_index=&#8221;0&#8243; medium_width=&#8221;0&#8243; mobile_width=&#8221;0&#8243; width=&#8221;1\/3&#8243; uncode_shortcode_id=&#8221;208435&#8243;][vc_gallery el_id=&#8221;FRANK_showcase_system_Unrivalled_slide-in_technology&#8221; isotope_mode=&#8221;cellsByRow&#8221; medias=&#8221;73035&#8243; gutter_size=&#8221;2&#8243; inner_padding=&#8221;yes&#8221; media_items=&#8221;media|custom_link|original&#8221; screen_lg=&#8221;1000&#8243; screen_md=&#8221;600&#8243; screen_sm=&#8221;480&#8243; single_width=&#8221;12&#8243; images_size=&#8221;one-one&#8221; single_overlay_opacity=&#8221;40&#8243; single_overlay_visible=&#8221;yes&#8221; single_h_align=&#8221;center&#8221; single_padding=&#8221;0&#8243; single_shadow=&#8221;yes&#8221; shadow_weight=&#8221;std&#8221; single_border=&#8221;yes&#8221; single_css_animation=&#8221;left-t-right&#8221; single_animation_delay=&#8221;400&#8243; uncode_shortcode_id=&#8221;213871&#8243; items=&#8221;e30=&#8221; single_link=&#8221;url:https%3A%2F%2Fwww.frankeurope.com%2Fen%2Ffrank_showcase_system%2F|title:FRANK%20showcase%20system%20-%20Unrivalled%20slide-in%20technology&#8221;][vc_column_text uncode_shortcode_id=&#8221;114497&#8243; css=&#8221;.vc_custom_1773991705182{padding-top: 5px !important;padding-bottom: 10px !important;}&#8221; el_id=&#8221;EXCEL &#8211; Traditionelle Vitrinen&#8221;]<\/p>\n<h6><span style=\"color: #eeeeee;\">FRANK showcase system<\/span><br \/>\n<span style=\"color: #cccccc; font-size: 0.8em;\">Unrivalled slide-in technology<\/span><\/h6>\n<p>[\/vc_column_text][\/vc_column_inner][vc_column_inner column_width_percent=&#8221;100&#8243; align_horizontal=&#8221;align_center&#8221; gutter_size=&#8221;0&#8243; overlay_alpha=&#8221;50&#8243; shift_x=&#8221;0&#8243; shift_y=&#8221;0&#8243; shift_y_down=&#8221;0&#8243; z_index=&#8221;0&#8243; medium_width=&#8221;0&#8243; mobile_width=&#8221;0&#8243; width=&#8221;1\/3&#8243; uncode_shortcode_id=&#8221;950865&#8243;][vc_gallery el_id=&#8221;EXCEL_Traditonal_display_cases&#8221; isotope_mode=&#8221;cellsByRow&#8221; medias=&#8221;73034&#8243; gutter_size=&#8221;2&#8243; inner_padding=&#8221;yes&#8221; media_items=&#8221;media|custom_link|original&#8221; screen_lg=&#8221;1000&#8243; screen_md=&#8221;600&#8243; screen_sm=&#8221;480&#8243; single_width=&#8221;12&#8243; images_size=&#8221;one-one&#8221; single_overlay_opacity=&#8221;40&#8243; single_overlay_visible=&#8221;yes&#8221; single_h_align=&#8221;center&#8221; single_padding=&#8221;0&#8243; single_shadow=&#8221;yes&#8221; shadow_weight=&#8221;std&#8221; single_border=&#8221;yes&#8221; single_css_animation=&#8221;left-t-right&#8221; single_animation_delay=&#8221;400&#8243; uncode_shortcode_id=&#8221;150025&#8243; items=&#8221;e30=&#8221; single_link=&#8221;url:https%3A%2F%2Fwww.frankeurope.com%2Fen%2Fconventional-display-cases%2F|title:EXCEL%20-%20Traditonal%20display%20cases&#8221;][vc_column_text uncode_shortcode_id=&#8221;210456&#8243; css=&#8221;.vc_custom_1773991728667{padding-top: 5px !important;padding-bottom: 10px !important;}&#8221; el_id=&#8221;EXCEL &#8211; Traditionelle Vitrinen&#8221;]<\/p>\n<h6><span style=\"color: #eeeeee;\">EXCEL<\/span><br \/>\n<span style=\"color: #cccccc; font-size: 0.8em;\">Traditonal display cases<\/span><\/h6>\n<p>[\/vc_column_text][\/vc_column_inner][vc_column_inner column_width_percent=&#8221;100&#8243; align_horizontal=&#8221;align_center&#8221; gutter_size=&#8221;0&#8243; overlay_alpha=&#8221;50&#8243; shift_x=&#8221;0&#8243; shift_y=&#8221;0&#8243; shift_y_down=&#8221;0&#8243; z_index=&#8221;0&#8243; medium_width=&#8221;0&#8243; mobile_width=&#8221;0&#8243; width=&#8221;1\/3&#8243; uncode_shortcode_id=&#8221;182164&#8243;][vc_gallery el_id=&#8221;COMBO_Modulare_Vitrinen1&#8243; isotope_mode=&#8221;cellsByRow&#8221; medias=&#8221;73272&#8243; gutter_size=&#8221;2&#8243; inner_padding=&#8221;yes&#8221; media_items=&#8221;media|custom_link|original&#8221; screen_lg=&#8221;1000&#8243; screen_md=&#8221;600&#8243; screen_sm=&#8221;480&#8243; single_width=&#8221;12&#8243; images_size=&#8221;one-one&#8221; single_overlay_opacity=&#8221;40&#8243; single_overlay_visible=&#8221;yes&#8221; single_h_align=&#8221;center&#8221; single_padding=&#8221;0&#8243; single_shadow=&#8221;yes&#8221; shadow_weight=&#8221;std&#8221; single_border=&#8221;yes&#8221; single_css_animation=&#8221;left-t-right&#8221; single_animation_delay=&#8221;400&#8243; uncode_shortcode_id=&#8221;643860&#8243; items=&#8221;e30=&#8221; single_link=&#8221;url:https%3A%2F%2Fwww.frankeurope.com%2Fen%2Fcombo-modular-showcase%2F|title:COMBO%20%E2%80%93%20Modular%20showcase&#8221;][vc_column_text uncode_shortcode_id=&#8221;118606&#8243; css=&#8221;.vc_custom_1773991768047{padding-top: 5px !important;padding-bottom: 10px !important;}&#8221; el_id=&#8221;EXCEL &#8211; Traditionelle Vitrinen&#8221;]<\/p>\n<h6><span style=\"color: #eeeeee;\">COMBO<\/span><br \/>\n<span style=\"color: #cccccc; font-size: 0.8em;\">Modular showcase<\/span><\/h6>\n<p>[\/vc_column_text][\/vc_column_inner][\/vc_row_inner][\/vc_column][\/vc_row]<\/p>\n<\/div>","protected":false},"excerpt":{"rendered":"<p>[vc_row row_height_percent=&#8221;70&#8243; back_color=&#8221;color-222222&#8243; overlay_alpha=&#8221;50&#8243; gutter_size=&#8221;3&#8243; column_width_percent=&#8221;100&#8243; shift_y=&#8221;0&#8243; z_index=&#8221;0&#8243; content_parallax=&#8221;0&#8243; uncode_shortcode_id=&#8221;983230&#8243; back_color_type=&#8221;uncode-palette&#8221;][vc_column column_width_percent=&#8221;100&#8243; position_vertical=&#8221;middle&#8221; gutter_size=&#8221;3&#8243; overlay_alpha=&#8221;50&#8243; shift_x=&#8221;0&#8243; shift_y=&#8221;0&#8243; shift_y_down=&#8221;0&#8243; z_index=&#8221;0&#8243; medium_width=&#8221;0&#8243; [&hellip;]<\/p>\n","protected":false},"author":1,"featured_media":0,"parent":0,"menu_order":0,"comment_status":"closed","ping_status":"closed","template":"","meta":{"footnotes":""},"class_list":["post-70409","page","type-page","status-publish","hentry"],"yoast_head":"<!-- This site is optimized with the Yoast SEO Premium plugin v27.4 (Yoast SEO v27.4) - https:\/\/yoast.com\/product\/yoast-seo-premium-wordpress\/ -->\n<title>This is FRANK - World-leading Museum Exhibition Showcases<\/title>\n<meta name=\"description\" content=\"FRANK museum exhibition showcases feature prominently in the world\u2019s premier museums, where they protect the most prized historical objects.\" \/>\n<meta name=\"robots\" content=\"index, follow, max-snippet:-1, max-image-preview:large, max-video-preview:-1\" \/>\n<link rel=\"canonical\" href=\"https:\/\/www.frankeurope.com\/en\/frank-showcases\/\" \/>\n<meta property=\"og:locale\" content=\"en_US\" \/>\n<meta property=\"og:type\" content=\"article\" \/>\n<meta property=\"og:title\" content=\"This is FRANK - World-leading Museum Exhibition Showcases\" \/>\n<meta property=\"og:description\" content=\"FRANK museum exhibition showcases feature prominently in the world\u2019s premier museums, where they protect the most prized historical objects.\" \/>\n<meta property=\"og:url\" content=\"https:\/\/www.frankeurope.com\/en\/frank-showcases\/\" \/>\n<meta property=\"og:site_name\" content=\"FRANK Museum Display Showcases\" \/>\n<meta property=\"article:publisher\" content=\"https:\/\/www.facebook.com\/frank.showcases\" \/>\n<meta property=\"article:modified_time\" content=\"2026-03-26T09:29:44+00:00\" \/>\n<meta property=\"og:image\" content=\"https:\/\/www.frankeurope.com\/wp-content\/uploads\/2016\/08\/frank_facebook_site2-1.jpg\" \/>\n\t<meta property=\"og:image:width\" content=\"1200\" \/>\n\t<meta property=\"og:image:height\" content=\"628\" \/>\n\t<meta property=\"og:image:type\" content=\"image\/jpeg\" \/>\n<meta name=\"twitter:card\" content=\"summary_large_image\" \/>\n<meta name=\"twitter:site\" content=\"@frankeurope\" \/>\n<meta name=\"twitter:label1\" content=\"Est. reading time\" \/>\n\t<meta name=\"twitter:data1\" content=\"2 minutes\" \/>\n<script type=\"application\/ld+json\" class=\"yoast-schema-graph\">{\"@context\":\"https:\\\/\\\/schema.org\",\"@graph\":[{\"@type\":\"WebPage\",\"@id\":\"https:\\\/\\\/www.frankeurope.com\\\/en\\\/frank-showcases\\\/\",\"url\":\"https:\\\/\\\/www.frankeurope.com\\\/en\\\/frank-showcases\\\/\",\"name\":\"This is FRANK - World-leading Museum Exhibition Showcases\",\"isPartOf\":{\"@id\":\"https:\\\/\\\/www.frankeurope.com\\\/#website\"},\"datePublished\":\"2023-11-07T14:26:28+00:00\",\"dateModified\":\"2026-03-26T09:29:44+00:00\",\"description\":\"FRANK museum exhibition showcases feature prominently in the world\u2019s premier museums, where they protect the most prized historical objects.\",\"inLanguage\":\"en-US\",\"potentialAction\":[{\"@type\":\"ReadAction\",\"target\":[\"https:\\\/\\\/www.frankeurope.com\\\/en\\\/frank-showcases\\\/\"]}]},{\"@type\":\"WebSite\",\"@id\":\"https:\\\/\\\/www.frankeurope.com\\\/#website\",\"url\":\"https:\\\/\\\/www.frankeurope.com\\\/\",\"name\":\"FRANK Museums Vitrinen\",\"description\":\"Precision german engineering for museum showcases\",\"publisher\":{\"@id\":\"https:\\\/\\\/www.frankeurope.com\\\/#organization\"},\"potentialAction\":[{\"@type\":\"SearchAction\",\"target\":{\"@type\":\"EntryPoint\",\"urlTemplate\":\"https:\\\/\\\/www.frankeurope.com\\\/?s={search_term_string}\"},\"query-input\":{\"@type\":\"PropertyValueSpecification\",\"valueRequired\":true,\"valueName\":\"search_term_string\"}}],\"inLanguage\":\"en-US\"},{\"@type\":\"Organization\",\"@id\":\"https:\\\/\\\/www.frankeurope.com\\\/#organization\",\"name\":\"FRANK Europe GmbH\",\"url\":\"https:\\\/\\\/www.frankeurope.com\\\/\",\"logo\":{\"@type\":\"ImageObject\",\"inLanguage\":\"en-US\",\"@id\":\"https:\\\/\\\/www.frankeurope.com\\\/#\\\/schema\\\/logo\\\/image\\\/\",\"url\":\"https:\\\/\\\/www.frankeurope.com\\\/wp-content\\\/uploads\\\/2019\\\/10\\\/frank-europe-favicon.png\",\"contentUrl\":\"https:\\\/\\\/www.frankeurope.com\\\/wp-content\\\/uploads\\\/2019\\\/10\\\/frank-europe-favicon.png\",\"width\":474,\"height\":474,\"caption\":\"FRANK Europe GmbH\"},\"image\":{\"@id\":\"https:\\\/\\\/www.frankeurope.com\\\/#\\\/schema\\\/logo\\\/image\\\/\"},\"sameAs\":[\"https:\\\/\\\/www.facebook.com\\\/frank.showcases\",\"https:\\\/\\\/x.com\\\/frankeurope\",\"https:\\\/\\\/www.instagram.com\\\/frank.museum.showcases\\\/\",\"https:\\\/\\\/www.linkedin.com\\\/company\\\/frank-europe-gmbh?trk=hb_tab_compy_id_3013411\",\"https:\\\/\\\/www.pinterest.de\\\/frankeurope\\\/\",\"https:\\\/\\\/www.youtube.com\\\/user\\\/frankeurope?feature=watch\"],\"description\":\"Die FRANK Europe GmbH ist ein weltweit f\u00fchrender Spezialist f\u00fcr hochwertige Vitrinensysteme und Pr\u00e4sentationsl\u00f6sungen, die vor allem in Museen, Galerien und im exklusiven Ladenbau zum Einsatz kommen. Das Herzst\u00fcck ist das patentierte FRANK-System, das durch eine pr\u00e4zise Verbindungstechnik von Acrylglas und Aluminiumprofilen eine schnelle, werkzeuglose Montage sowie maximale Flexibilit\u00e4t erm\u00f6glicht.\"}]}<\/script>\n<!-- \/ Yoast SEO Premium plugin. -->","yoast_head_json":{"title":"This is FRANK - World-leading Museum Exhibition Showcases","description":"FRANK museum exhibition showcases feature prominently in the world\u2019s premier museums, where they protect the most prized historical objects.","robots":{"index":"index","follow":"follow","max-snippet":"max-snippet:-1","max-image-preview":"max-image-preview:large","max-video-preview":"max-video-preview:-1"},"canonical":"https:\/\/www.frankeurope.com\/en\/frank-showcases\/","og_locale":"en_US","og_type":"article","og_title":"This is FRANK - World-leading Museum Exhibition Showcases","og_description":"FRANK museum exhibition showcases feature prominently in the world\u2019s premier museums, where they protect the most prized historical objects.","og_url":"https:\/\/www.frankeurope.com\/en\/frank-showcases\/","og_site_name":"FRANK Museum Display Showcases","article_publisher":"https:\/\/www.facebook.com\/frank.showcases","article_modified_time":"2026-03-26T09:29:44+00:00","og_image":[{"width":1200,"height":628,"url":"https:\/\/www.frankeurope.com\/wp-content\/uploads\/2016\/08\/frank_facebook_site2-1.jpg","type":"image\/jpeg"}],"twitter_card":"summary_large_image","twitter_site":"@frankeurope","twitter_misc":{"Est. reading time":"2 minutes"},"schema":{"@context":"https:\/\/schema.org","@graph":[{"@type":"WebPage","@id":"https:\/\/www.frankeurope.com\/en\/frank-showcases\/","url":"https:\/\/www.frankeurope.com\/en\/frank-showcases\/","name":"This is FRANK - World-leading Museum Exhibition Showcases","isPartOf":{"@id":"https:\/\/www.frankeurope.com\/#website"},"datePublished":"2023-11-07T14:26:28+00:00","dateModified":"2026-03-26T09:29:44+00:00","description":"FRANK museum exhibition showcases feature prominently in the world\u2019s premier museums, where they protect the most prized historical objects.","inLanguage":"en-US","potentialAction":[{"@type":"ReadAction","target":["https:\/\/www.frankeurope.com\/en\/frank-showcases\/"]}]},{"@type":"WebSite","@id":"https:\/\/www.frankeurope.com\/#website","url":"https:\/\/www.frankeurope.com\/","name":"FRANK Museums Vitrinen","description":"Precision german engineering for museum showcases","publisher":{"@id":"https:\/\/www.frankeurope.com\/#organization"},"potentialAction":[{"@type":"SearchAction","target":{"@type":"EntryPoint","urlTemplate":"https:\/\/www.frankeurope.com\/?s={search_term_string}"},"query-input":{"@type":"PropertyValueSpecification","valueRequired":true,"valueName":"search_term_string"}}],"inLanguage":"en-US"},{"@type":"Organization","@id":"https:\/\/www.frankeurope.com\/#organization","name":"FRANK Europe GmbH","url":"https:\/\/www.frankeurope.com\/","logo":{"@type":"ImageObject","inLanguage":"en-US","@id":"https:\/\/www.frankeurope.com\/#\/schema\/logo\/image\/","url":"https:\/\/www.frankeurope.com\/wp-content\/uploads\/2019\/10\/frank-europe-favicon.png","contentUrl":"https:\/\/www.frankeurope.com\/wp-content\/uploads\/2019\/10\/frank-europe-favicon.png","width":474,"height":474,"caption":"FRANK Europe GmbH"},"image":{"@id":"https:\/\/www.frankeurope.com\/#\/schema\/logo\/image\/"},"sameAs":["https:\/\/www.facebook.com\/frank.showcases","https:\/\/x.com\/frankeurope","https:\/\/www.instagram.com\/frank.museum.showcases\/","https:\/\/www.linkedin.com\/company\/frank-europe-gmbh?trk=hb_tab_compy_id_3013411","https:\/\/www.pinterest.de\/frankeurope\/","https:\/\/www.youtube.com\/user\/frankeurope?feature=watch"],"description":"Die FRANK Europe GmbH ist ein weltweit f\u00fchrender Spezialist f\u00fcr hochwertige Vitrinensysteme und Pr\u00e4sentationsl\u00f6sungen, die vor allem in Museen, Galerien und im exklusiven Ladenbau zum Einsatz kommen. Das Herzst\u00fcck ist das patentierte FRANK-System, das durch eine pr\u00e4zise Verbindungstechnik von Acrylglas und Aluminiumprofilen eine schnelle, werkzeuglose Montage sowie maximale Flexibilit\u00e4t erm\u00f6glicht."}]}},"_links":{"self":[{"href":"https:\/\/www.frankeurope.com\/en\/wp-json\/wp\/v2\/pages\/70409","targetHints":{"allow":["GET"]}}],"collection":[{"href":"https:\/\/www.frankeurope.com\/en\/wp-json\/wp\/v2\/pages"}],"about":[{"href":"https:\/\/www.frankeurope.com\/en\/wp-json\/wp\/v2\/types\/page"}],"author":[{"embeddable":true,"href":"https:\/\/www.frankeurope.com\/en\/wp-json\/wp\/v2\/users\/1"}],"replies":[{"embeddable":true,"href":"https:\/\/www.frankeurope.com\/en\/wp-json\/wp\/v2\/comments?post=70409"}],"version-history":[{"count":7,"href":"https:\/\/www.frankeurope.com\/en\/wp-json\/wp\/v2\/pages\/70409\/revisions"}],"predecessor-version":[{"id":73339,"href":"https:\/\/www.frankeurope.com\/en\/wp-json\/wp\/v2\/pages\/70409\/revisions\/73339"}],"wp:attachment":[{"href":"https:\/\/www.frankeurope.com\/en\/wp-json\/wp\/v2\/media?parent=70409"}],"curies":[{"name":"wp","href":"https:\/\/api.w.org\/{rel}","templated":true}]}}