{"id":64637,"date":"2019-05-13T13:45:27","date_gmt":"2019-05-13T11:45:27","guid":{"rendered":"https:\/\/www.frankeurope.com\/?page_id=64637"},"modified":"2025-03-07T07:35:09","modified_gmt":"2025-03-07T06:35:09","slug":"about-us","status":"publish","type":"page","link":"https:\/\/www.frankeurope.com\/en\/about-us\/","title":{"rendered":"About us"},"content":{"rendered":"<div class=\"wpb-content-wrapper\"><p>[vc_row row_height_percent=&#8221;0&#8243; override_padding=&#8221;yes&#8221; h_padding=&#8221;2&#8243; top_padding=&#8221;2&#8243; bottom_padding=&#8221;0&#8243; overlay_alpha=&#8221;50&#8243; gutter_size=&#8221;3&#8243; column_width_percent=&#8221;100&#8243; shift_y=&#8221;0&#8243; z_index=&#8221;0&#8243; uncode_shortcode_id=&#8221;192770&#8243;][vc_column width=&#8221;1\/2&#8243;][vc_custom_heading uncode_shortcode_id=&#8221;202211&#8243;]<\/p>\n<h2 class=\"vc_custom_heading\">ABOUT US<\/h2>\n<p>[\/vc_custom_heading][\/vc_column][vc_column column_width_percent=&#8221;100&#8243; gutter_size=&#8221;0&#8243; overlay_alpha=&#8221;50&#8243; shift_x=&#8221;0&#8243; shift_y=&#8221;0&#8243; shift_y_down=&#8221;0&#8243; z_index=&#8221;0&#8243; medium_width=&#8221;0&#8243; mobile_width=&#8221;0&#8243; width=&#8221;1\/2&#8243;][\/vc_column][\/vc_row][vc_row row_height_percent=&#8221;0&#8243; override_padding=&#8221;yes&#8221; h_padding=&#8221;2&#8243; top_padding=&#8221;2&#8243; bottom_padding=&#8221;0&#8243; overlay_alpha=&#8221;50&#8243; gutter_size=&#8221;3&#8243; column_width_percent=&#8221;100&#8243; shift_y=&#8221;0&#8243; z_index=&#8221;0&#8243; uncode_shortcode_id=&#8221;128550&#8243;][vc_column column_width_percent=&#8221;100&#8243; gutter_size=&#8221;0&#8243; overlay_alpha=&#8221;50&#8243; shift_x=&#8221;0&#8243; shift_y=&#8221;0&#8243; shift_y_down=&#8221;0&#8243; z_index=&#8221;0&#8243; medium_width=&#8221;0&#8243; mobile_width=&#8221;0&#8243; width=&#8221;1\/2&#8243; uncode_shortcode_id=&#8221;193713&#8243;][vc_column_text uncode_shortcode_id=&#8221;202946&#8243;] <div class=\"brlbs-cmpnt-container brlbs-cmpnt-content-blocker brlbs-cmpnt-with-individual-styles\" data-borlabs-cookie-content-blocker-id=\"vimeo-content-blocker\" data-borlabs-cookie-content=\"IDwvcD4KPGRpdiBjbGFzcz0iYnJsYnMtY21wbnQtY29udGFpbmVyIGJybGJzLWNtcG50LWNvbnRlbnQtYmxvY2tlciBicmxicy1jbXBudC13aXRoLWluZGl2aWR1YWwtc3R5bGVzIiBkYXRhLWJvcmxhYnMtY29va2llLWNvbnRlbnQtYmxvY2tlci1pZD0idmltZW8tY29udGVudC1ibG9ja2VyIiBkYXRhLWJvcmxhYnMtY29va2llLWNvbnRlbnQ9IlBHbG1jbUZ0WlNCemNtTTlJbWgwZEhCek9pOHZjR3hoZVdWeUxuWnBiV1Z2TG1OdmJTOTJhV1JsYnk4M05EQXdNVFkxTVRVL2FEMDROamc0WW1abVkyTTFJaUIzYVdSMGFEMGlOalF3SWlCb1pXbG5hSFE5SWpNMk1DSWdabkpoYldWaWIzSmtaWEk5SWpBaUlHRnNiRzkzWm5Wc2JITmpjbVZsYmowaVlXeHNiM2RtZFd4c2MyTnlaV1Z1SWo0OEwybG1jbUZ0WlQ0PSI+CjxkaXYgY2xhc3M9ImJybGJzLWNtcG50LWNiLXByZXNldC1jIGJybGJzLWNtcG50LWNiLXZpbWVvIj4KPGRpdiBjbGFzcz0iYnJsYnMtY21wbnQtY2ItdGh1bWJuYWlsIiBzdHlsZT0iYmFja2dyb3VuZC1pbWFnZTogdXJsKCdodHRwczovL3d3dy5mcmFua2V1cm9wZS5jb20vd3AtY29udGVudC91cGxvYWRzL2JvcmxhYnMtY29va2llLzEvdmltZW9fNzQwMDE2NTE1LmpwZycpIj48L2Rpdj4KPGRpdiBjbGFzcz0iYnJsYnMtY21wbnQtY2ItbWFpbiI+CjxkaXYgY2xhc3M9ImJybGJzLWNtcG50LWNiLXBsYXktYnV0dG9uIj48L2Rpdj4KPGRpdiBjbGFzcz0iYnJsYnMtY21wbnQtY2ItY29udGVudCI+CjxwIGNsYXNzPSJicmxicy1jbXBudC1jYi1kZXNjcmlwdGlvbiI+WW91IGFyZSBjdXJyZW50bHkgdmlld2luZyBhIHBsYWNlaG9sZGVyIGNvbnRlbnQgZnJvbSA8c3Ryb25nPlZpbWVvPC9zdHJvbmc+LiBUbyBhY2Nlc3MgdGhlIGFjdHVhbCBjb250ZW50LCBjbGljayB0aGUgYnV0dG9uIGJlbG93LiBQbGVhc2Ugbm90ZSB0aGF0IGRvaW5nIHNvIHdpbGwgc2hhcmUgZGF0YSB3aXRoIHRoaXJkLXBhcnR5IHByb3ZpZGVycy48L3A+CjxwPiA8YSBjbGFzcz0iYnJsYnMtY21wbnQtY2ItcHJvdmlkZXItdG9nZ2xlIiBocmVmPSIjIiBkYXRhLWJvcmxhYnMtY29va2llLXNob3ctcHJvdmlkZXItaW5mb3JtYXRpb24gcm9sZT0iYnV0dG9uIj5Nb3JlIEluZm9ybWF0aW9uPC9hPiA8L2Rpdj4KPGRpdiBjbGFzcz0iYnJsYnMtY21wbnQtY2ItYnV0dG9ucyI+IDxhIGNsYXNzPSJicmxicy1jbXBudC1jYi1idG4iIGhyZWY9IiMiIGRhdGEtYm9ybGFicy1jb29raWUtdW5ibG9jayByb2xlPSJidXR0b24iPlVuYmxvY2sgY29udGVudDwvYT4gPGEgY2xhc3M9ImJybGJzLWNtcG50LWNiLWJ0biIgaHJlZj0iIyIgZGF0YS1ib3JsYWJzLWNvb2tpZS1hY2NlcHQtc2VydmljZSByb2xlPSJidXR0b24iIHN0eWxlPSJkaXNwbGF5OiBpbmhlcml0Ij5BY2NlcHQgcmVxdWlyZWQgc2VydmljZSBhbmQgdW5ibG9jayBjb250ZW50PC9hPiA8L2Rpdj4KPC9wPjwvZGl2Pgo8L3A+PC9kaXY+CjwvZGl2Pgo8cD4=\"><div class=\"brlbs-cmpnt-cb-preset-c brlbs-cmpnt-cb-vimeo\"> <div class=\"brlbs-cmpnt-cb-thumbnail\" style=\"background-image: url('https:\/\/www.frankeurope.com\/wp-content\/uploads\/borlabs-cookie\/1\/brlbs-cb-vimeo-main.png')\"><\/div> <div class=\"brlbs-cmpnt-cb-main\"> <div class=\"brlbs-cmpnt-cb-play-button\"><\/div> <div class=\"brlbs-cmpnt-cb-content\"> <p class=\"brlbs-cmpnt-cb-description\">You are currently viewing a placeholder content from <strong>Vimeo<\/strong>. To access the actual content, click the button below. Please note that doing so will share data with third-party providers.<\/p> <a class=\"brlbs-cmpnt-cb-provider-toggle\" href=\"#\" data-borlabs-cookie-show-provider-information role=\"button\">More Information<\/a> <\/div> <div class=\"brlbs-cmpnt-cb-buttons\"> <a class=\"brlbs-cmpnt-cb-btn\" href=\"#\" data-borlabs-cookie-unblock role=\"button\">Unblock content<\/a> <a class=\"brlbs-cmpnt-cb-btn\" href=\"#\" data-borlabs-cookie-accept-service role=\"button\" style=\"display: inherit\">Accept required service and unblock content<\/a> <\/div> <\/div> <\/div><\/div>[\/vc_column_text][\/vc_column][vc_column column_width_percent=&#8221;100&#8243; gutter_size=&#8221;0&#8243; overlay_alpha=&#8221;50&#8243; shift_x=&#8221;0&#8243; shift_y=&#8221;0&#8243; shift_y_down=&#8221;0&#8243; z_index=&#8221;0&#8243; medium_width=&#8221;0&#8243; mobile_width=&#8221;0&#8243; width=&#8221;1\/2&#8243;][vc_empty_space empty_h=&#8221;1&#8243;][vc_column_text uncode_shortcode_id=&#8221;679810&#8243;]When FRANK EUROPE GmbH was founded in 2001, the company launched the first version of a (truly) demountable quality display case. The acrylic glass display case was mainly used for temporary museum exhibitions due to the advantages of easy handling with the usual safety requirements. Due to permanent further developments and &#8220;upgrades&#8221; to the growing customer demands, the FRANK showcase system was able to completely fulfill the requirements for permanent exhibitions after a short time.<\/p>\n<p>After many years of tests and trials, a glass version with the same handling could also reach market maturity in 2018.[\/vc_column_text][\/vc_column][\/vc_row][vc_row row_height_percent=&#8221;0&#8243; override_padding=&#8221;yes&#8221; h_padding=&#8221;2&#8243; top_padding=&#8221;0&#8243; bottom_padding=&#8221;0&#8243; overlay_alpha=&#8221;50&#8243; gutter_size=&#8221;3&#8243; column_width_percent=&#8221;100&#8243; shift_y=&#8221;0&#8243; z_index=&#8221;0&#8243; uncode_shortcode_id=&#8221;175366&#8243;][vc_column width=&#8221;2\/3&#8243;][vc_column_text uncode_shortcode_id=&#8221;135395&#8243;]The FRANK showcase system consists of a revolutionary and unique plug-in technology, with which glass panels made of acrylic or laminated mineral glass are connected to each other in a flush-fitting and highly stable way without any screws, without cluing and without seals. Both systems are patented and are manufactured exclusively in FRANK manufactories.<\/p>\n<p>From the start the idea always was to be able to present an exhibition exhibit to the viewer with as little visual disturbance as possible. The audience&#8217;s attention should be focused exclusively on the object, with the construction of the protective display case receding into the background.[\/vc_column_text][\/vc_column][vc_column column_width_percent=&#8221;100&#8243; gutter_size=&#8221;0&#8243; overlay_alpha=&#8221;50&#8243; shift_x=&#8221;0&#8243; shift_y=&#8221;0&#8243; shift_y_down=&#8221;0&#8243; z_index=&#8221;0&#8243; medium_width=&#8221;0&#8243; mobile_width=&#8221;0&#8243; width=&#8221;1\/3&#8243;][vc_single_image media=&#8221;69557&#8243; media_lightbox=&#8221;yes&#8221; media_width_percent=&#8221;100&#8243; uncode_shortcode_id=&#8221;632917&#8243;][vc_column_text text_lead=&#8221;small&#8221; uncode_shortcode_id=&#8221;145525&#8243;]<\/p>\n<p style=\"text-align: center;\">Thomas Kurz\u00a0\u00a0\u00a0\u00a0\u00a0\u00a0\u00a0\u00a0\u00a0\u00a0\u00a0\u00a0\u00a0\u00a0\u00a0 Philippe Plessers<\/p>\n<p>[\/vc_column_text][\/vc_column][\/vc_row][vc_row row_height_percent=&#8221;0&#8243; override_padding=&#8221;yes&#8221; h_padding=&#8221;2&#8243; top_padding=&#8221;0&#8243; bottom_padding=&#8221;0&#8243; overlay_alpha=&#8221;50&#8243; gutter_size=&#8221;3&#8243; column_width_percent=&#8221;100&#8243; shift_y=&#8221;0&#8243; z_index=&#8221;0&#8243; uncode_shortcode_id=&#8221;175366&#8243;][vc_column width=&#8221;1\/1&#8243;][vc_column_text uncode_shortcode_id=&#8221;210214&#8243;]<b>\u201cIt&#8217;s what&#8217;s inside that counts\u201d<\/b><\/p>\n<p>It is this purist philosophy that distinguishes and sets FRANK display cases apart from other showcase products with their &#8220;less is more&#8221; approach. In a very short time, FRANK has acquired a considerable reputation in the museum and exhibition world. The FRANK brand became a symbol of innovation, high quality, flexibility and cost-effective solutions. FRANK has now completed over 650 projects worldwide to the complete satisfaction of its customers. The protection, preservation and presentation of artifacts are of critical importance. FRANK products meet these requirements to the highest museum standards. And FRANK offers them with the added benefits of lower costs and significantly shorter development and delivery times.<\/p>\n<p>The experienced and dedicated team of FRANK is very well organized and uses its unique production technology and machinery. Those features allow to plan, manufacture and install an entire exhibition in the shortest possible time. The superiority over conventional showcase manufacturing becomes clear when cost and time budgets are in competition.<\/p>\n<p><b>&#8220;Perfection in function and design&#8221;<\/b><\/p>\n<p>FRANK display cases meet and exceed international quality standards for museums and can be seen in numerous renowned museums and exhibitions around the world. Imagine the user-friendly and maintenance-free advantages of the FRANK systems.<\/p>\n<p><b><i>Future-oriented innovation by FRANK&#8230;<\/i><\/b> We are pleased to introduce our products to you.[\/vc_column_text][\/vc_column][\/vc_row][vc_row row_height_percent=&#8221;0&#8243; override_padding=&#8221;yes&#8221; h_padding=&#8221;2&#8243; top_padding=&#8221;2&#8243; bottom_padding=&#8221;2&#8243; overlay_alpha=&#8221;50&#8243; gutter_size=&#8221;3&#8243; column_width_percent=&#8221;100&#8243; shift_y=&#8221;0&#8243; z_index=&#8221;0&#8243; uncode_shortcode_id=&#8221;845087&#8243;][vc_column width=&#8221;1\/3&#8243;][vc_button radius=&#8221;btn-square&#8221; outline=&#8221;yes&#8221; shadow=&#8221;yes&#8221; shadow_weight=&#8221;lg&#8221; border_width=&#8221;2&#8243; link=&#8221;url:http%3A%2F%2Fwww.frankeurope.com%2Fen%2Fcontact%2F|title:Contact||&#8221;]CONTACT[\/vc_button][\/vc_column][vc_column column_width_percent=&#8221;100&#8243; gutter_size=&#8221;0&#8243; overlay_alpha=&#8221;50&#8243; shift_x=&#8221;0&#8243; shift_y=&#8221;0&#8243; shift_y_down=&#8221;0&#8243; z_index=&#8221;0&#8243; medium_width=&#8221;0&#8243; mobile_width=&#8221;0&#8243; width=&#8221;1\/3&#8243;][\/vc_column][vc_column column_width_percent=&#8221;100&#8243; align_horizontal=&#8221;align_right&#8221; gutter_size=&#8221;3&#8243; overlay_alpha=&#8221;50&#8243; shift_x=&#8221;0&#8243; shift_y=&#8221;0&#8243; shift_y_down=&#8221;0&#8243; z_index=&#8221;0&#8243; medium_width=&#8221;0&#8243; mobile_width=&#8221;0&#8243; width=&#8221;1\/3&#8243; uncode_shortcode_id=&#8221;129858&#8243;][vc_button radius=&#8221;btn-square&#8221; outline=&#8221;yes&#8221; shadow=&#8221;yes&#8221; shadow_weight=&#8221;lg&#8221; border_width=&#8221;2&#8243; link=&#8221;url:https%3A%2F%2Fwww.frankeurope.com%2Fdownload%2FHSSE_ENG.pdf|title:HSSE%20Policy|target:_blank&#8221; uncode_shortcode_id=&#8221;500047&#8243;]HSSE Policy[\/vc_button][\/vc_column][\/vc_row]<\/p>\n<\/div>","protected":false},"excerpt":{"rendered":"<p>\u201cPerfection in Function and Design\u201dFrank showcases comply with international quality standards and can be found in renowned museums and exhibitions worldwide. The best way to capture the benefits of a Frank showcase is to look at the original.<\/p>\n","protected":false},"author":1,"featured_media":0,"parent":0,"menu_order":0,"comment_status":"closed","ping_status":"closed","template":"","meta":{"footnotes":""},"class_list":["post-64637","page","type-page","status-publish","hentry","page_category-frank-en"],"yoast_head":"<!-- This site is optimized with the Yoast SEO Premium plugin v27.4 (Yoast SEO v27.4) - https:\/\/yoast.com\/product\/yoast-seo-premium-wordpress\/ -->\n<title>About FRANK - Museum Display Showcases and Vitrines<\/title>\n<meta name=\"description\" content=\"Perfection in function and design. Perfection in function and design. FRANK display showcases are located in the most prestigious museums.\" \/>\n<meta name=\"robots\" content=\"index, follow, max-snippet:-1, max-image-preview:large, max-video-preview:-1\" \/>\n<link rel=\"canonical\" href=\"https:\/\/www.frankeurope.com\/en\/about-us\/\" \/>\n<meta property=\"og:locale\" content=\"en_US\" \/>\n<meta property=\"og:type\" content=\"article\" \/>\n<meta property=\"og:title\" content=\"About FRANK - Museum Display Showcases and Vitrines\" \/>\n<meta property=\"og:description\" content=\"Perfection in function and design. Perfection in function and design. FRANK display showcases are located in the most prestigious museums.\" \/>\n<meta property=\"og:url\" content=\"https:\/\/www.frankeurope.com\/en\/about-us\/\" \/>\n<meta property=\"og:site_name\" content=\"FRANK Museum Display Showcases\" \/>\n<meta property=\"article:publisher\" content=\"https:\/\/www.facebook.com\/frank.showcases\" \/>\n<meta property=\"article:modified_time\" content=\"2025-03-07T06:35:09+00:00\" \/>\n<meta property=\"og:image\" content=\"https:\/\/www.frankeurope.com\/wp-content\/uploads\/2016\/08\/frank_facebook_site2-1.jpg\" \/>\n\t<meta property=\"og:image:width\" content=\"1200\" \/>\n\t<meta property=\"og:image:height\" content=\"628\" \/>\n\t<meta property=\"og:image:type\" content=\"image\/jpeg\" \/>\n<meta name=\"twitter:card\" content=\"summary_large_image\" \/>\n<meta name=\"twitter:site\" content=\"@frankeurope\" \/>\n<meta name=\"twitter:label1\" content=\"Est. reading time\" \/>\n\t<meta name=\"twitter:data1\" content=\"4 minutes\" \/>\n<script type=\"application\/ld+json\" class=\"yoast-schema-graph\">{\"@context\":\"https:\\\/\\\/schema.org\",\"@graph\":[{\"@type\":\"WebPage\",\"@id\":\"https:\\\/\\\/www.frankeurope.com\\\/en\\\/about-us\\\/\",\"url\":\"https:\\\/\\\/www.frankeurope.com\\\/en\\\/about-us\\\/\",\"name\":\"About FRANK - Museum Display Showcases and Vitrines\",\"isPartOf\":{\"@id\":\"https:\\\/\\\/www.frankeurope.com\\\/#website\"},\"datePublished\":\"2019-05-13T11:45:27+00:00\",\"dateModified\":\"2025-03-07T06:35:09+00:00\",\"description\":\"Perfection in function and design. Perfection in function and design. FRANK display showcases are located in the most prestigious museums.\",\"inLanguage\":\"en-US\",\"potentialAction\":[{\"@type\":\"ReadAction\",\"target\":[\"https:\\\/\\\/www.frankeurope.com\\\/en\\\/about-us\\\/\"]}]},{\"@type\":\"WebSite\",\"@id\":\"https:\\\/\\\/www.frankeurope.com\\\/#website\",\"url\":\"https:\\\/\\\/www.frankeurope.com\\\/\",\"name\":\"FRANK Museums Vitrinen\",\"description\":\"Precision german engineering for museum showcases\",\"publisher\":{\"@id\":\"https:\\\/\\\/www.frankeurope.com\\\/#organization\"},\"potentialAction\":[{\"@type\":\"SearchAction\",\"target\":{\"@type\":\"EntryPoint\",\"urlTemplate\":\"https:\\\/\\\/www.frankeurope.com\\\/?s={search_term_string}\"},\"query-input\":{\"@type\":\"PropertyValueSpecification\",\"valueRequired\":true,\"valueName\":\"search_term_string\"}}],\"inLanguage\":\"en-US\"},{\"@type\":\"Organization\",\"@id\":\"https:\\\/\\\/www.frankeurope.com\\\/#organization\",\"name\":\"FRANK Europe GmbH\",\"url\":\"https:\\\/\\\/www.frankeurope.com\\\/\",\"logo\":{\"@type\":\"ImageObject\",\"inLanguage\":\"en-US\",\"@id\":\"https:\\\/\\\/www.frankeurope.com\\\/#\\\/schema\\\/logo\\\/image\\\/\",\"url\":\"https:\\\/\\\/www.frankeurope.com\\\/wp-content\\\/uploads\\\/2019\\\/10\\\/frank-europe-favicon.png\",\"contentUrl\":\"https:\\\/\\\/www.frankeurope.com\\\/wp-content\\\/uploads\\\/2019\\\/10\\\/frank-europe-favicon.png\",\"width\":474,\"height\":474,\"caption\":\"FRANK Europe GmbH\"},\"image\":{\"@id\":\"https:\\\/\\\/www.frankeurope.com\\\/#\\\/schema\\\/logo\\\/image\\\/\"},\"sameAs\":[\"https:\\\/\\\/www.facebook.com\\\/frank.showcases\",\"https:\\\/\\\/x.com\\\/frankeurope\",\"https:\\\/\\\/www.instagram.com\\\/frank.museum.showcases\\\/\",\"https:\\\/\\\/www.linkedin.com\\\/company\\\/frank-europe-gmbh?trk=hb_tab_compy_id_3013411\",\"https:\\\/\\\/www.pinterest.de\\\/frankeurope\\\/\",\"https:\\\/\\\/www.youtube.com\\\/user\\\/frankeurope?feature=watch\"],\"description\":\"Die FRANK Europe GmbH ist ein weltweit f\u00fchrender Spezialist f\u00fcr hochwertige Vitrinensysteme und Pr\u00e4sentationsl\u00f6sungen, die vor allem in Museen, Galerien und im exklusiven Ladenbau zum Einsatz kommen. Das Herzst\u00fcck ist das patentierte FRANK-System, das durch eine pr\u00e4zise Verbindungstechnik von Acrylglas und Aluminiumprofilen eine schnelle, werkzeuglose Montage sowie maximale Flexibilit\u00e4t erm\u00f6glicht.\"}]}<\/script>\n<!-- \/ Yoast SEO Premium plugin. -->","yoast_head_json":{"title":"About FRANK - Museum Display Showcases and Vitrines","description":"Perfection in function and design. Perfection in function and design. FRANK display showcases are located in the most prestigious museums.","robots":{"index":"index","follow":"follow","max-snippet":"max-snippet:-1","max-image-preview":"max-image-preview:large","max-video-preview":"max-video-preview:-1"},"canonical":"https:\/\/www.frankeurope.com\/en\/about-us\/","og_locale":"en_US","og_type":"article","og_title":"About FRANK - Museum Display Showcases and Vitrines","og_description":"Perfection in function and design. Perfection in function and design. FRANK display showcases are located in the most prestigious museums.","og_url":"https:\/\/www.frankeurope.com\/en\/about-us\/","og_site_name":"FRANK Museum Display Showcases","article_publisher":"https:\/\/www.facebook.com\/frank.showcases","article_modified_time":"2025-03-07T06:35:09+00:00","og_image":[{"width":1200,"height":628,"url":"https:\/\/www.frankeurope.com\/wp-content\/uploads\/2016\/08\/frank_facebook_site2-1.jpg","type":"image\/jpeg"}],"twitter_card":"summary_large_image","twitter_site":"@frankeurope","twitter_misc":{"Est. reading time":"4 minutes"},"schema":{"@context":"https:\/\/schema.org","@graph":[{"@type":"WebPage","@id":"https:\/\/www.frankeurope.com\/en\/about-us\/","url":"https:\/\/www.frankeurope.com\/en\/about-us\/","name":"About FRANK - Museum Display Showcases and Vitrines","isPartOf":{"@id":"https:\/\/www.frankeurope.com\/#website"},"datePublished":"2019-05-13T11:45:27+00:00","dateModified":"2025-03-07T06:35:09+00:00","description":"Perfection in function and design. Perfection in function and design. FRANK display showcases are located in the most prestigious museums.","inLanguage":"en-US","potentialAction":[{"@type":"ReadAction","target":["https:\/\/www.frankeurope.com\/en\/about-us\/"]}]},{"@type":"WebSite","@id":"https:\/\/www.frankeurope.com\/#website","url":"https:\/\/www.frankeurope.com\/","name":"FRANK Museums Vitrinen","description":"Precision german engineering for museum showcases","publisher":{"@id":"https:\/\/www.frankeurope.com\/#organization"},"potentialAction":[{"@type":"SearchAction","target":{"@type":"EntryPoint","urlTemplate":"https:\/\/www.frankeurope.com\/?s={search_term_string}"},"query-input":{"@type":"PropertyValueSpecification","valueRequired":true,"valueName":"search_term_string"}}],"inLanguage":"en-US"},{"@type":"Organization","@id":"https:\/\/www.frankeurope.com\/#organization","name":"FRANK Europe GmbH","url":"https:\/\/www.frankeurope.com\/","logo":{"@type":"ImageObject","inLanguage":"en-US","@id":"https:\/\/www.frankeurope.com\/#\/schema\/logo\/image\/","url":"https:\/\/www.frankeurope.com\/wp-content\/uploads\/2019\/10\/frank-europe-favicon.png","contentUrl":"https:\/\/www.frankeurope.com\/wp-content\/uploads\/2019\/10\/frank-europe-favicon.png","width":474,"height":474,"caption":"FRANK Europe GmbH"},"image":{"@id":"https:\/\/www.frankeurope.com\/#\/schema\/logo\/image\/"},"sameAs":["https:\/\/www.facebook.com\/frank.showcases","https:\/\/x.com\/frankeurope","https:\/\/www.instagram.com\/frank.museum.showcases\/","https:\/\/www.linkedin.com\/company\/frank-europe-gmbh?trk=hb_tab_compy_id_3013411","https:\/\/www.pinterest.de\/frankeurope\/","https:\/\/www.youtube.com\/user\/frankeurope?feature=watch"],"description":"Die FRANK Europe GmbH ist ein weltweit f\u00fchrender Spezialist f\u00fcr hochwertige Vitrinensysteme und Pr\u00e4sentationsl\u00f6sungen, die vor allem in Museen, Galerien und im exklusiven Ladenbau zum Einsatz kommen. Das Herzst\u00fcck ist das patentierte FRANK-System, das durch eine pr\u00e4zise Verbindungstechnik von Acrylglas und Aluminiumprofilen eine schnelle, werkzeuglose Montage sowie maximale Flexibilit\u00e4t erm\u00f6glicht."}]}},"_links":{"self":[{"href":"https:\/\/www.frankeurope.com\/en\/wp-json\/wp\/v2\/pages\/64637","targetHints":{"allow":["GET"]}}],"collection":[{"href":"https:\/\/www.frankeurope.com\/en\/wp-json\/wp\/v2\/pages"}],"about":[{"href":"https:\/\/www.frankeurope.com\/en\/wp-json\/wp\/v2\/types\/page"}],"author":[{"embeddable":true,"href":"https:\/\/www.frankeurope.com\/en\/wp-json\/wp\/v2\/users\/1"}],"replies":[{"embeddable":true,"href":"https:\/\/www.frankeurope.com\/en\/wp-json\/wp\/v2\/comments?post=64637"}],"version-history":[{"count":0,"href":"https:\/\/www.frankeurope.com\/en\/wp-json\/wp\/v2\/pages\/64637\/revisions"}],"wp:attachment":[{"href":"https:\/\/www.frankeurope.com\/en\/wp-json\/wp\/v2\/media?parent=64637"}],"curies":[{"name":"wp","href":"https:\/\/api.w.org\/{rel}","templated":true}]}}