{"id":58547,"date":"2017-05-04T15:55:25","date_gmt":"2017-05-04T13:55:25","guid":{"rendered":"http:\/\/frankeurope.com\/flightcases\/"},"modified":"2023-11-07T09:50:16","modified_gmt":"2023-11-07T08:50:16","slug":"frank-flightcases-for-demountable-display-cases","status":"publish","type":"page","link":"https:\/\/www.frankeurope.com\/en\/frank-flightcases-for-demountable-display-cases\/","title":{"rendered":"FRANK Flightcases for Demountable Display Cases"},"content":{"rendered":"<div class=\"wpb-content-wrapper\"><p>[vc_row][vc_column][vc_custom_heading uncode_shortcode_id=&#8221;129553&#8243;]FRANK Flightcases for Demountable Display Cases[\/vc_custom_heading][vc_column_text uncode_shortcode_id=&#8221;188487&#8243;]<strong>FRANK flight cases<\/strong> allow optimal protection and provide easy access and storage at all times.[\/vc_column_text][\/vc_column][\/vc_row][vc_row][vc_column column_width_percent=&#8221;100&#8243; align_horizontal=&#8221;align_center&#8221; gutter_size=&#8221;3&#8243; overlay_alpha=&#8221;50&#8243; shift_x=&#8221;0&#8243; shift_y=&#8221;0&#8243; shift_y_down=&#8221;0&#8243; z_index=&#8221;0&#8243; medium_width=&#8221;0&#8243; mobile_width=&#8221;0&#8243; uncode_shortcode_id=&#8221;188449&#8243;][vc_gallery el_id=&#8221;gallery-185499&#8243; random=&#8221;yes&#8221; medias=&#8221;54654,54653,54652,54651,54650,69831,69830,69829,69828,69827,69826,69825&#8243; gutter_size=&#8221;3&#8243; screen_lg=&#8221;1000&#8243; screen_md=&#8221;600&#8243; screen_sm=&#8221;480&#8243; single_width=&#8221;3&#8243; single_overlay_opacity=&#8221;50&#8243; single_padding=&#8221;2&#8243; uncode_shortcode_id=&#8221;168472&#8243;][vc_button border_width=&#8221;0&#8243; link=&#8221;url:https%3A%2F%2Fwww.frankeurope.com%2Fen%2Ffrank_showcase_system%2F%23accessories-for-frank-showcases|title:Showcases%20accessories&#8221; uncode_shortcode_id=&#8221;675846&#8243;]Back to overview[\/vc_button][\/vc_column][\/vc_row]<\/p>\n<\/div>","protected":false},"excerpt":{"rendered":"<p>[vc_row][vc_column][vc_custom_heading uncode_shortcode_id=&#8221;129553&#8243;]FRANK Flightcases for Demountable Display Cases[\/vc_custom_heading][vc_column_text uncode_shortcode_id=&#8221;188487&#8243;]FRANK flight cases allow optimal protection and provide easy access and storage at [&hellip;]<\/p>\n","protected":false},"author":1,"featured_media":0,"parent":0,"menu_order":30,"comment_status":"closed","ping_status":"closed","template":"","meta":{"footnotes":""},"class_list":["post-58547","page","type-page","status-publish","hentry"],"yoast_head":"<!-- This site is optimized with the Yoast SEO Premium plugin v27.3 (Yoast SEO v27.3) - https:\/\/yoast.com\/product\/yoast-seo-premium-wordpress\/ -->\n<title>FRANK Flight cases for Demountable Display Cases<\/title>\n<meta name=\"description\" content=\"Frank flight cases allow for optimal protection and provide easy access and storage. They contain one or multiple showcases within one unit.\" \/>\n<meta name=\"robots\" content=\"index, follow, max-snippet:-1, max-image-preview:large, max-video-preview:-1\" \/>\n<link rel=\"canonical\" href=\"https:\/\/www.frankeurope.com\/en\/frank-flightcases-for-demountable-display-cases\/\" \/>\n<meta property=\"og:locale\" content=\"en_US\" \/>\n<meta property=\"og:type\" content=\"article\" \/>\n<meta property=\"og:title\" content=\"FRANK Flight cases for Demountable Display Cases\" \/>\n<meta property=\"og:description\" content=\"Frank flight cases allow for optimal protection and provide easy access and storage. They contain one or multiple showcases within one unit.\" \/>\n<meta property=\"og:url\" content=\"https:\/\/www.frankeurope.com\/en\/frank-flightcases-for-demountable-display-cases\/\" \/>\n<meta property=\"og:site_name\" content=\"FRANK Museum Display Showcases\" \/>\n<meta property=\"article:publisher\" content=\"https:\/\/www.facebook.com\/frank.showcases\" \/>\n<meta property=\"article:modified_time\" content=\"2023-11-07T08:50:16+00:00\" \/>\n<meta property=\"og:image\" content=\"https:\/\/www.frankeurope.com\/wp-content\/uploads\/2016\/08\/frank_facebook_site2-1.jpg\" \/>\n\t<meta property=\"og:image:width\" content=\"1200\" \/>\n\t<meta property=\"og:image:height\" content=\"628\" \/>\n\t<meta property=\"og:image:type\" content=\"image\/jpeg\" \/>\n<meta name=\"twitter:card\" content=\"summary_large_image\" \/>\n<meta name=\"twitter:site\" content=\"@frankeurope\" \/>\n<meta name=\"twitter:label1\" content=\"Est. reading time\" \/>\n\t<meta name=\"twitter:data1\" content=\"1 minute\" \/>\n<script type=\"application\/ld+json\" class=\"yoast-schema-graph\">{\"@context\":\"https:\\\/\\\/schema.org\",\"@graph\":[{\"@type\":\"WebPage\",\"@id\":\"https:\\\/\\\/www.frankeurope.com\\\/en\\\/frank-flightcases-for-demountable-display-cases\\\/\",\"url\":\"https:\\\/\\\/www.frankeurope.com\\\/en\\\/frank-flightcases-for-demountable-display-cases\\\/\",\"name\":\"FRANK Flight cases for Demountable Display Cases\",\"isPartOf\":{\"@id\":\"https:\\\/\\\/www.frankeurope.com\\\/#website\"},\"datePublished\":\"2017-05-04T13:55:25+00:00\",\"dateModified\":\"2023-11-07T08:50:16+00:00\",\"description\":\"Frank flight cases allow for optimal protection and provide easy access and storage. They contain one or multiple showcases within one unit.\",\"inLanguage\":\"en-US\",\"potentialAction\":[{\"@type\":\"ReadAction\",\"target\":[\"https:\\\/\\\/www.frankeurope.com\\\/en\\\/frank-flightcases-for-demountable-display-cases\\\/\"]}]},{\"@type\":\"WebSite\",\"@id\":\"https:\\\/\\\/www.frankeurope.com\\\/#website\",\"url\":\"https:\\\/\\\/www.frankeurope.com\\\/\",\"name\":\"FRANK Museums Vitrinen\",\"description\":\"Precision german engineering for museum showcases\",\"publisher\":{\"@id\":\"https:\\\/\\\/www.frankeurope.com\\\/#organization\"},\"potentialAction\":[{\"@type\":\"SearchAction\",\"target\":{\"@type\":\"EntryPoint\",\"urlTemplate\":\"https:\\\/\\\/www.frankeurope.com\\\/?s={search_term_string}\"},\"query-input\":{\"@type\":\"PropertyValueSpecification\",\"valueRequired\":true,\"valueName\":\"search_term_string\"}}],\"inLanguage\":\"en-US\"},{\"@type\":\"Organization\",\"@id\":\"https:\\\/\\\/www.frankeurope.com\\\/#organization\",\"name\":\"FRANK Europe GmbH\",\"url\":\"https:\\\/\\\/www.frankeurope.com\\\/\",\"logo\":{\"@type\":\"ImageObject\",\"inLanguage\":\"en-US\",\"@id\":\"https:\\\/\\\/www.frankeurope.com\\\/#\\\/schema\\\/logo\\\/image\\\/\",\"url\":\"https:\\\/\\\/www.frankeurope.com\\\/wp-content\\\/uploads\\\/2019\\\/10\\\/frank-europe-favicon.png\",\"contentUrl\":\"https:\\\/\\\/www.frankeurope.com\\\/wp-content\\\/uploads\\\/2019\\\/10\\\/frank-europe-favicon.png\",\"width\":474,\"height\":474,\"caption\":\"FRANK Europe GmbH\"},\"image\":{\"@id\":\"https:\\\/\\\/www.frankeurope.com\\\/#\\\/schema\\\/logo\\\/image\\\/\"},\"sameAs\":[\"https:\\\/\\\/www.facebook.com\\\/frank.showcases\",\"https:\\\/\\\/x.com\\\/frankeurope\",\"https:\\\/\\\/www.instagram.com\\\/frank.museum.showcases\\\/\",\"https:\\\/\\\/www.linkedin.com\\\/company\\\/frank-europe-gmbh?trk=hb_tab_compy_id_3013411\",\"https:\\\/\\\/www.pinterest.de\\\/frankeurope\\\/\",\"https:\\\/\\\/www.youtube.com\\\/user\\\/frankeurope?feature=watch\"],\"description\":\"Die FRANK Europe GmbH ist ein weltweit f\u00fchrender Spezialist f\u00fcr hochwertige Vitrinensysteme und Pr\u00e4sentationsl\u00f6sungen, die vor allem in Museen, Galerien und im exklusiven Ladenbau zum Einsatz kommen. Das Herzst\u00fcck ist das patentierte FRANK-System, das durch eine pr\u00e4zise Verbindungstechnik von Acrylglas und Aluminiumprofilen eine schnelle, werkzeuglose Montage sowie maximale Flexibilit\u00e4t erm\u00f6glicht.\"}]}<\/script>\n<!-- \/ Yoast SEO Premium plugin. -->","yoast_head_json":{"title":"FRANK Flight cases for Demountable Display Cases","description":"Frank flight cases allow for optimal protection and provide easy access and storage. They contain one or multiple showcases within one unit.","robots":{"index":"index","follow":"follow","max-snippet":"max-snippet:-1","max-image-preview":"max-image-preview:large","max-video-preview":"max-video-preview:-1"},"canonical":"https:\/\/www.frankeurope.com\/en\/frank-flightcases-for-demountable-display-cases\/","og_locale":"en_US","og_type":"article","og_title":"FRANK Flight cases for Demountable Display Cases","og_description":"Frank flight cases allow for optimal protection and provide easy access and storage. They contain one or multiple showcases within one unit.","og_url":"https:\/\/www.frankeurope.com\/en\/frank-flightcases-for-demountable-display-cases\/","og_site_name":"FRANK Museum Display Showcases","article_publisher":"https:\/\/www.facebook.com\/frank.showcases","article_modified_time":"2023-11-07T08:50:16+00:00","og_image":[{"width":1200,"height":628,"url":"https:\/\/www.frankeurope.com\/wp-content\/uploads\/2016\/08\/frank_facebook_site2-1.jpg","type":"image\/jpeg"}],"twitter_card":"summary_large_image","twitter_site":"@frankeurope","twitter_misc":{"Est. reading time":"1 minute"},"schema":{"@context":"https:\/\/schema.org","@graph":[{"@type":"WebPage","@id":"https:\/\/www.frankeurope.com\/en\/frank-flightcases-for-demountable-display-cases\/","url":"https:\/\/www.frankeurope.com\/en\/frank-flightcases-for-demountable-display-cases\/","name":"FRANK Flight cases for Demountable Display Cases","isPartOf":{"@id":"https:\/\/www.frankeurope.com\/#website"},"datePublished":"2017-05-04T13:55:25+00:00","dateModified":"2023-11-07T08:50:16+00:00","description":"Frank flight cases allow for optimal protection and provide easy access and storage. They contain one or multiple showcases within one unit.","inLanguage":"en-US","potentialAction":[{"@type":"ReadAction","target":["https:\/\/www.frankeurope.com\/en\/frank-flightcases-for-demountable-display-cases\/"]}]},{"@type":"WebSite","@id":"https:\/\/www.frankeurope.com\/#website","url":"https:\/\/www.frankeurope.com\/","name":"FRANK Museums Vitrinen","description":"Precision german engineering for museum showcases","publisher":{"@id":"https:\/\/www.frankeurope.com\/#organization"},"potentialAction":[{"@type":"SearchAction","target":{"@type":"EntryPoint","urlTemplate":"https:\/\/www.frankeurope.com\/?s={search_term_string}"},"query-input":{"@type":"PropertyValueSpecification","valueRequired":true,"valueName":"search_term_string"}}],"inLanguage":"en-US"},{"@type":"Organization","@id":"https:\/\/www.frankeurope.com\/#organization","name":"FRANK Europe GmbH","url":"https:\/\/www.frankeurope.com\/","logo":{"@type":"ImageObject","inLanguage":"en-US","@id":"https:\/\/www.frankeurope.com\/#\/schema\/logo\/image\/","url":"https:\/\/www.frankeurope.com\/wp-content\/uploads\/2019\/10\/frank-europe-favicon.png","contentUrl":"https:\/\/www.frankeurope.com\/wp-content\/uploads\/2019\/10\/frank-europe-favicon.png","width":474,"height":474,"caption":"FRANK Europe GmbH"},"image":{"@id":"https:\/\/www.frankeurope.com\/#\/schema\/logo\/image\/"},"sameAs":["https:\/\/www.facebook.com\/frank.showcases","https:\/\/x.com\/frankeurope","https:\/\/www.instagram.com\/frank.museum.showcases\/","https:\/\/www.linkedin.com\/company\/frank-europe-gmbh?trk=hb_tab_compy_id_3013411","https:\/\/www.pinterest.de\/frankeurope\/","https:\/\/www.youtube.com\/user\/frankeurope?feature=watch"],"description":"Die FRANK Europe GmbH ist ein weltweit f\u00fchrender Spezialist f\u00fcr hochwertige Vitrinensysteme und Pr\u00e4sentationsl\u00f6sungen, die vor allem in Museen, Galerien und im exklusiven Ladenbau zum Einsatz kommen. Das Herzst\u00fcck ist das patentierte FRANK-System, das durch eine pr\u00e4zise Verbindungstechnik von Acrylglas und Aluminiumprofilen eine schnelle, werkzeuglose Montage sowie maximale Flexibilit\u00e4t erm\u00f6glicht."}]}},"_links":{"self":[{"href":"https:\/\/www.frankeurope.com\/en\/wp-json\/wp\/v2\/pages\/58547","targetHints":{"allow":["GET"]}}],"collection":[{"href":"https:\/\/www.frankeurope.com\/en\/wp-json\/wp\/v2\/pages"}],"about":[{"href":"https:\/\/www.frankeurope.com\/en\/wp-json\/wp\/v2\/types\/page"}],"author":[{"embeddable":true,"href":"https:\/\/www.frankeurope.com\/en\/wp-json\/wp\/v2\/users\/1"}],"replies":[{"embeddable":true,"href":"https:\/\/www.frankeurope.com\/en\/wp-json\/wp\/v2\/comments?post=58547"}],"version-history":[{"count":0,"href":"https:\/\/www.frankeurope.com\/en\/wp-json\/wp\/v2\/pages\/58547\/revisions"}],"wp:attachment":[{"href":"https:\/\/www.frankeurope.com\/en\/wp-json\/wp\/v2\/media?parent=58547"}],"curies":[{"name":"wp","href":"https:\/\/api.w.org\/{rel}","templated":true}]}}