{"id":58527,"date":"2017-01-04T01:24:23","date_gmt":"2017-01-04T00:24:23","guid":{"rendered":"http:\/\/frankeurope.com\/portfolio\/"},"modified":"2022-11-24T10:57:09","modified_gmt":"2022-11-24T09:57:09","slug":"showcase-projects","status":"publish","type":"page","link":"https:\/\/www.frankeurope.com\/en\/showcase-projects\/","title":{"rendered":"Museum Exhibition Showcase Projects"},"content":{"rendered":"<div class=\"wpb-content-wrapper\"><p>[vc_row][vc_column width=&#8221;1\/1&#8243;][uncode_index el_id=&#8221;index-360470&#8243; isotope_mode=&#8221;packery&#8221; loop=&#8221;size:All|order_by:date|post_type:portfolio&#8221; auto_query=&#8221;yes&#8221; style_preset=&#8221;metro&#8221; screen_lg=&#8221;1000&#8243; screen_md=&#8221;600&#8243; screen_sm=&#8221;480&#8243; filtering=&#8221;yes&#8221; filter_style=&#8221;dark&#8221; filtering_uppercase=&#8221;yes&#8221; filtering_full_width=&#8221;yes&#8221; filtering_position=&#8221;center&#8221; gutter_size=&#8221;3&#8243; portfolio_items=&#8221;media|featured|onpost|original,title,category&#8221; footer_style=&#8221;dark&#8221; single_style=&#8221;dark&#8221; single_overlay_opacity=&#8221;50&#8243; single_padding=&#8221;2&#8243; custom_order=&#8221;yes&#8221; title=&#8221;Portfolio&#8221; order_ids=&#8221;48628,48620,48569,48635,48556,48583&#8243;][vc_raw_html]JTNDYSUyMG5hbWUlM0QlMjJyZWZlcmVuY2VzJTIyJTNFJTNDJTJGYSUzRQ==[\/vc_raw_html][\/vc_column][\/vc_row][vc_row row_height_percent=&#8221;0&#8243; back_color=&#8221;color-DECDB5&#8243; overlay_alpha=&#8221;50&#8243; gutter_size=&#8221;3&#8243; column_width_percent=&#8221;100&#8243; shift_y=&#8221;0&#8243; z_index=&#8221;0&#8243;][vc_column width=&#8221;1\/1&#8243;][vc_empty_space empty_h=&#8221;1&#8243; medium_visibility=&#8221;yes&#8221; mobile_visibility=&#8221;yes&#8221;][\/vc_column][\/vc_row][vc_row row_height_percent=&#8221;0&#8243; back_color=&#8221;color-DECDB5&#8243; overlay_alpha=&#8221;50&#8243; gutter_size=&#8221;3&#8243; column_width_percent=&#8221;100&#8243; shift_y=&#8221;0&#8243; z_index=&#8221;0&#8243;][vc_column width=&#8221;1\/4&#8243;][\/vc_column][vc_column column_width_percent=&#8221;100&#8243; align_horizontal=&#8221;align_center&#8221; gutter_size=&#8221;3&#8243; overlay_alpha=&#8221;50&#8243; shift_x=&#8221;0&#8243; shift_y=&#8221;0&#8243; shift_y_down=&#8221;0&#8243; z_index=&#8221;0&#8243; medium_width=&#8221;0&#8243; mobile_width=&#8221;0&#8243; width=&#8221;1\/2&#8243;][vc_column_text uncode_shortcode_id=&#8221;436599&#8243;]<\/p>\n<h2 style=\"text-align: center;\"><span style=\"color: #000000;\">REFERENCES<\/span><\/h2>\n<p style=\"text-align: center;\"><span style=\"color: #000000;\">When choosing to work with FRANK you will be in excellent hands as we have designed, supplied, and installed protective display showcases for some of the most prestigious international museums and organisations worldwide. <\/span><span style=\"color: #000000;\">However, this doesn&#8217;t mean we don\u2019t highly value more modest projects, whatever the size of your project you will receive exactly the same attention to detail and support that has made the FRANK brand synonymous with affordable quality display showcases. <\/span><span style=\"color: #000000;\">Please take a moment to look at the diversity of the museums, retail, and commercial companies we are proud to call satisfied customers.<\/span><\/p>\n<p>[\/vc_column_text][\/vc_column][vc_column width=&#8221;1\/4&#8243;][\/vc_column][\/vc_row][vc_row row_height_percent=&#8221;0&#8243; back_color=&#8221;color-DECDB5&#8243; overlay_alpha=&#8221;50&#8243; gutter_size=&#8221;3&#8243; column_width_percent=&#8221;100&#8243; shift_y=&#8221;0&#8243; z_index=&#8221;0&#8243;][vc_column column_width_percent=&#8221;100&#8243; gutter_size=&#8221;3&#8243; back_color=&#8221;color-DECDB5&#8243; overlay_alpha=&#8221;50&#8243; shift_x=&#8221;0&#8243; shift_y=&#8221;0&#8243; shift_y_down=&#8221;0&#8243; z_index=&#8221;0&#8243; medium_width=&#8221;0&#8243; mobile_width=&#8221;0&#8243; width=&#8221;1\/1&#8243;][vc_column_text]<\/p>\n<h3 style=\"text-align: center; line-height: 180%;\"><span style=\"color: #cba16d;\">The Cloisters \u2013 The Metropolitan Museum of Art, NY \u2022 Germanisches Nationalmuseum N\u00fcrnberg \u2022 Museum of Fine Arts, Budapest \u2022 Smithsonian Institution Washington \u2022 The British Museum, London \u2022 Victoria &amp; Albert Museum, London \u2022 Aga Khan Museum, Kanada \u2022 Dresdner Schloss \u2022 Cit\u00e9 de l\u2019histoire de l\u2019immigration, Paris \u2022 Ozeaneum Stralsund \u2022 Turkish Cammer, Dresden \u2022 Europarat, Br\u00fcssel \u2022 Marks &amp; Spencer, Leeds \u2022 Eintracht Museum, Frankfurt \u2022 Palace King Abdullah, Riyadh \u2022 University of British Columbia \u2022 Museum of Anthropology, LA \u2022 The National History Museum of Los Angeles \u2022 The British Library \u2022 Museum of London \u2022 Museo Sefard\u00ed de Toledo \u2022 Robert Koch Stiftung, Stuttgart \u2022 Museum Bozar Br\u00fcssel \u2022 Henry Ford Museum, Detroit \u2022 Topkap\u0131-Palast, Istanbul \u2022 Senckenberg Museum, Frankfurt \u2022 Canadian War Museum \u2022 Gr\u00fcnes Gew\u00f6lbe, Dresden \u2022 Stadt Rheine \u2022 National Germanic Museum, N\u00fcrnberg \u2022 Degussa R\u00f6hm Darmstadt \u2022 Hermitage St. Petersburg \u2022 Museum of Ethnology, Budapest \u2022 National Gallery of Australia \u2022 Frankfurt Flughafen \u2022 Alc\u00e1zar de Toledo \u2022 Turkish Pavillon Expo \u2022 Liverpool Museum \u2022 UNO Headquarter New York \u2022 Armee Museum Br\u00fcssel \u2022 K\u00f6rperwelten \/ bodyworld \u2022 The Orient Museum, Funda\u00e7\u00e3o Oriente, Lisbon \u2022 Bundestag Berlin \u2022 Deutscher Bundestag, Paul L\u00f6be Haus \u2022 Pfizer Messestand \u2022 Hauptbahnhof, Freiburg \u2022 Armani Store Stockholm \u2022 Palazzo Ducale, Venedig \u2022 Stockholm Collin Barracks, Dublin \u2022 Al Musmak Fortress, Riyadh, Saudi Arabia \u2022 Kunsthalle Mainz \u2026<\/span><\/h3>\n<p>[\/vc_column_text][\/vc_column][\/vc_row][vc_row row_height_percent=&#8221;0&#8243; back_color=&#8221;color-DECDB5&#8243; overlay_alpha=&#8221;50&#8243; gutter_size=&#8221;3&#8243; column_width_percent=&#8221;100&#8243; shift_y=&#8221;0&#8243; z_index=&#8221;0&#8243;][vc_column width=&#8221;1\/4&#8243;][\/vc_column][vc_column width=&#8221;1\/2&#8243;][vc_column_text]<\/p>\n<p style=\"text-align: center; color: #000000;\"><span class=\"font-OpenSans\">There are plenty more, but we think you get the picture&#8230;<br \/>\nA special thanks to all the museums with whom we work and their always positive attitude allowing us to use their pictures as references,<br \/>\nespecially Museum of Cultural History, University of Oslo\/Kirsten Jensen Helgeland.<\/span>[\/vc_column_text][\/vc_column][vc_column width=&#8221;1\/4&#8243;][\/vc_column][\/vc_row][vc_row row_height_percent=&#8221;0&#8243; back_color=&#8221;color-DECDB5&#8243; overlay_alpha=&#8221;50&#8243; gutter_size=&#8221;3&#8243; column_width_percent=&#8221;100&#8243; shift_y=&#8221;0&#8243; z_index=&#8221;0&#8243;][vc_column width=&#8221;1\/1&#8243;][vc_empty_space empty_h=&#8221;2&#8243; medium_visibility=&#8221;yes&#8221; mobile_visibility=&#8221;yes&#8221;][\/vc_column][\/vc_row]<\/p>\n<\/div>","protected":false},"excerpt":{"rendered":"<p>[vc_row][vc_column width=&#8221;1\/1&#8243;][uncode_index el_id=&#8221;index-360470&#8243; isotope_mode=&#8221;packery&#8221; loop=&#8221;size:All|order_by:date|post_type:portfolio&#8221; auto_query=&#8221;yes&#8221; style_preset=&#8221;metro&#8221; screen_lg=&#8221;1000&#8243; screen_md=&#8221;600&#8243; screen_sm=&#8221;480&#8243; filtering=&#8221;yes&#8221; filter_style=&#8221;dark&#8221; filtering_uppercase=&#8221;yes&#8221; filtering_full_width=&#8221;yes&#8221; filtering_position=&#8221;center&#8221; gutter_size=&#8221;3&#8243; portfolio_items=&#8221;media|featured|onpost|original,title,category&#8221; footer_style=&#8221;dark&#8221; single_style=&#8221;dark&#8221; single_overlay_opacity=&#8221;50&#8243; [&hellip;]<\/p>\n","protected":false},"author":1,"featured_media":0,"parent":0,"menu_order":40,"comment_status":"closed","ping_status":"closed","template":"","meta":{"footnotes":""},"class_list":["post-58527","page","type-page","status-publish","hentry","page_category-frank-acrylic-showcases","page_category-top-menu-en"],"yoast_head":"<!-- This site is optimized with the Yoast SEO Premium plugin v27.4 (Yoast SEO v27.4) - https:\/\/yoast.com\/product\/yoast-seo-premium-wordpress\/ -->\n<title>Museum Exhibition Showcase &amp; Display Case Projects by Frank<\/title>\n<meta name=\"description\" content=\"Museum exhibition showcase and display case projects by FRANK - Renowned manufacturers for high-quality museum and exhibition technology.\" \/>\n<meta name=\"robots\" content=\"index, follow, max-snippet:-1, max-image-preview:large, max-video-preview:-1\" \/>\n<link rel=\"canonical\" href=\"https:\/\/www.frankeurope.com\/en\/showcase-projects\/\" \/>\n<meta property=\"og:locale\" content=\"en_US\" \/>\n<meta property=\"og:type\" content=\"article\" \/>\n<meta property=\"og:title\" content=\"Museum Exhibition Showcase &amp; Display Case Projects by Frank\" \/>\n<meta property=\"og:description\" content=\"Museum exhibition showcase and display case projects by FRANK - Renowned manufacturers for high-quality museum and exhibition technology.\" \/>\n<meta property=\"og:url\" content=\"https:\/\/www.frankeurope.com\/en\/showcase-projects\/\" \/>\n<meta property=\"og:site_name\" content=\"FRANK Museum Display Showcases\" \/>\n<meta property=\"article:publisher\" content=\"https:\/\/www.facebook.com\/frank.showcases\" \/>\n<meta property=\"article:modified_time\" content=\"2022-11-24T09:57:09+00:00\" \/>\n<meta property=\"og:image\" content=\"https:\/\/www.frankeurope.com\/wp-content\/uploads\/2016\/08\/frank_facebook_site2-1.jpg\" \/>\n\t<meta property=\"og:image:width\" content=\"1200\" \/>\n\t<meta property=\"og:image:height\" content=\"628\" \/>\n\t<meta property=\"og:image:type\" content=\"image\/jpeg\" \/>\n<meta name=\"twitter:card\" content=\"summary_large_image\" \/>\n<meta name=\"twitter:site\" content=\"@frankeurope\" \/>\n<meta name=\"twitter:label1\" content=\"Est. reading time\" \/>\n\t<meta name=\"twitter:data1\" content=\"3 minutes\" \/>\n<script type=\"application\/ld+json\" class=\"yoast-schema-graph\">{\"@context\":\"https:\\\/\\\/schema.org\",\"@graph\":[{\"@type\":\"WebPage\",\"@id\":\"https:\\\/\\\/www.frankeurope.com\\\/en\\\/showcase-projects\\\/\",\"url\":\"https:\\\/\\\/www.frankeurope.com\\\/en\\\/showcase-projects\\\/\",\"name\":\"Museum Exhibition Showcase & Display Case Projects by Frank\",\"isPartOf\":{\"@id\":\"https:\\\/\\\/www.frankeurope.com\\\/#website\"},\"datePublished\":\"2017-01-04T00:24:23+00:00\",\"dateModified\":\"2022-11-24T09:57:09+00:00\",\"description\":\"Museum exhibition showcase and display case projects by FRANK - Renowned manufacturers for high-quality museum and exhibition technology.\",\"inLanguage\":\"en-US\",\"potentialAction\":[{\"@type\":\"ReadAction\",\"target\":[\"https:\\\/\\\/www.frankeurope.com\\\/en\\\/showcase-projects\\\/\"]}]},{\"@type\":\"WebSite\",\"@id\":\"https:\\\/\\\/www.frankeurope.com\\\/#website\",\"url\":\"https:\\\/\\\/www.frankeurope.com\\\/\",\"name\":\"FRANK Museums Vitrinen\",\"description\":\"Precision german engineering for museum showcases\",\"publisher\":{\"@id\":\"https:\\\/\\\/www.frankeurope.com\\\/#organization\"},\"potentialAction\":[{\"@type\":\"SearchAction\",\"target\":{\"@type\":\"EntryPoint\",\"urlTemplate\":\"https:\\\/\\\/www.frankeurope.com\\\/?s={search_term_string}\"},\"query-input\":{\"@type\":\"PropertyValueSpecification\",\"valueRequired\":true,\"valueName\":\"search_term_string\"}}],\"inLanguage\":\"en-US\"},{\"@type\":\"Organization\",\"@id\":\"https:\\\/\\\/www.frankeurope.com\\\/#organization\",\"name\":\"FRANK Europe GmbH\",\"url\":\"https:\\\/\\\/www.frankeurope.com\\\/\",\"logo\":{\"@type\":\"ImageObject\",\"inLanguage\":\"en-US\",\"@id\":\"https:\\\/\\\/www.frankeurope.com\\\/#\\\/schema\\\/logo\\\/image\\\/\",\"url\":\"https:\\\/\\\/www.frankeurope.com\\\/wp-content\\\/uploads\\\/2019\\\/10\\\/frank-europe-favicon.png\",\"contentUrl\":\"https:\\\/\\\/www.frankeurope.com\\\/wp-content\\\/uploads\\\/2019\\\/10\\\/frank-europe-favicon.png\",\"width\":474,\"height\":474,\"caption\":\"FRANK Europe GmbH\"},\"image\":{\"@id\":\"https:\\\/\\\/www.frankeurope.com\\\/#\\\/schema\\\/logo\\\/image\\\/\"},\"sameAs\":[\"https:\\\/\\\/www.facebook.com\\\/frank.showcases\",\"https:\\\/\\\/x.com\\\/frankeurope\",\"https:\\\/\\\/www.instagram.com\\\/frank.museum.showcases\\\/\",\"https:\\\/\\\/www.linkedin.com\\\/company\\\/frank-europe-gmbh?trk=hb_tab_compy_id_3013411\",\"https:\\\/\\\/www.pinterest.de\\\/frankeurope\\\/\",\"https:\\\/\\\/www.youtube.com\\\/user\\\/frankeurope?feature=watch\"],\"description\":\"Die FRANK Europe GmbH ist ein weltweit f\u00fchrender Spezialist f\u00fcr hochwertige Vitrinensysteme und Pr\u00e4sentationsl\u00f6sungen, die vor allem in Museen, Galerien und im exklusiven Ladenbau zum Einsatz kommen. Das Herzst\u00fcck ist das patentierte FRANK-System, das durch eine pr\u00e4zise Verbindungstechnik von Acrylglas und Aluminiumprofilen eine schnelle, werkzeuglose Montage sowie maximale Flexibilit\u00e4t erm\u00f6glicht.\"}]}<\/script>\n<!-- \/ Yoast SEO Premium plugin. -->","yoast_head_json":{"title":"Museum Exhibition Showcase & Display Case Projects by Frank","description":"Museum exhibition showcase and display case projects by FRANK - Renowned manufacturers for high-quality museum and exhibition technology.","robots":{"index":"index","follow":"follow","max-snippet":"max-snippet:-1","max-image-preview":"max-image-preview:large","max-video-preview":"max-video-preview:-1"},"canonical":"https:\/\/www.frankeurope.com\/en\/showcase-projects\/","og_locale":"en_US","og_type":"article","og_title":"Museum Exhibition Showcase & Display Case Projects by Frank","og_description":"Museum exhibition showcase and display case projects by FRANK - Renowned manufacturers for high-quality museum and exhibition technology.","og_url":"https:\/\/www.frankeurope.com\/en\/showcase-projects\/","og_site_name":"FRANK Museum Display Showcases","article_publisher":"https:\/\/www.facebook.com\/frank.showcases","article_modified_time":"2022-11-24T09:57:09+00:00","og_image":[{"width":1200,"height":628,"url":"https:\/\/www.frankeurope.com\/wp-content\/uploads\/2016\/08\/frank_facebook_site2-1.jpg","type":"image\/jpeg"}],"twitter_card":"summary_large_image","twitter_site":"@frankeurope","twitter_misc":{"Est. reading time":"3 minutes"},"schema":{"@context":"https:\/\/schema.org","@graph":[{"@type":"WebPage","@id":"https:\/\/www.frankeurope.com\/en\/showcase-projects\/","url":"https:\/\/www.frankeurope.com\/en\/showcase-projects\/","name":"Museum Exhibition Showcase & Display Case Projects by Frank","isPartOf":{"@id":"https:\/\/www.frankeurope.com\/#website"},"datePublished":"2017-01-04T00:24:23+00:00","dateModified":"2022-11-24T09:57:09+00:00","description":"Museum exhibition showcase and display case projects by FRANK - Renowned manufacturers for high-quality museum and exhibition technology.","inLanguage":"en-US","potentialAction":[{"@type":"ReadAction","target":["https:\/\/www.frankeurope.com\/en\/showcase-projects\/"]}]},{"@type":"WebSite","@id":"https:\/\/www.frankeurope.com\/#website","url":"https:\/\/www.frankeurope.com\/","name":"FRANK Museums Vitrinen","description":"Precision german engineering for museum showcases","publisher":{"@id":"https:\/\/www.frankeurope.com\/#organization"},"potentialAction":[{"@type":"SearchAction","target":{"@type":"EntryPoint","urlTemplate":"https:\/\/www.frankeurope.com\/?s={search_term_string}"},"query-input":{"@type":"PropertyValueSpecification","valueRequired":true,"valueName":"search_term_string"}}],"inLanguage":"en-US"},{"@type":"Organization","@id":"https:\/\/www.frankeurope.com\/#organization","name":"FRANK Europe GmbH","url":"https:\/\/www.frankeurope.com\/","logo":{"@type":"ImageObject","inLanguage":"en-US","@id":"https:\/\/www.frankeurope.com\/#\/schema\/logo\/image\/","url":"https:\/\/www.frankeurope.com\/wp-content\/uploads\/2019\/10\/frank-europe-favicon.png","contentUrl":"https:\/\/www.frankeurope.com\/wp-content\/uploads\/2019\/10\/frank-europe-favicon.png","width":474,"height":474,"caption":"FRANK Europe GmbH"},"image":{"@id":"https:\/\/www.frankeurope.com\/#\/schema\/logo\/image\/"},"sameAs":["https:\/\/www.facebook.com\/frank.showcases","https:\/\/x.com\/frankeurope","https:\/\/www.instagram.com\/frank.museum.showcases\/","https:\/\/www.linkedin.com\/company\/frank-europe-gmbh?trk=hb_tab_compy_id_3013411","https:\/\/www.pinterest.de\/frankeurope\/","https:\/\/www.youtube.com\/user\/frankeurope?feature=watch"],"description":"Die FRANK Europe GmbH ist ein weltweit f\u00fchrender Spezialist f\u00fcr hochwertige Vitrinensysteme und Pr\u00e4sentationsl\u00f6sungen, die vor allem in Museen, Galerien und im exklusiven Ladenbau zum Einsatz kommen. Das Herzst\u00fcck ist das patentierte FRANK-System, das durch eine pr\u00e4zise Verbindungstechnik von Acrylglas und Aluminiumprofilen eine schnelle, werkzeuglose Montage sowie maximale Flexibilit\u00e4t erm\u00f6glicht."}]}},"_links":{"self":[{"href":"https:\/\/www.frankeurope.com\/en\/wp-json\/wp\/v2\/pages\/58527","targetHints":{"allow":["GET"]}}],"collection":[{"href":"https:\/\/www.frankeurope.com\/en\/wp-json\/wp\/v2\/pages"}],"about":[{"href":"https:\/\/www.frankeurope.com\/en\/wp-json\/wp\/v2\/types\/page"}],"author":[{"embeddable":true,"href":"https:\/\/www.frankeurope.com\/en\/wp-json\/wp\/v2\/users\/1"}],"replies":[{"embeddable":true,"href":"https:\/\/www.frankeurope.com\/en\/wp-json\/wp\/v2\/comments?post=58527"}],"version-history":[{"count":0,"href":"https:\/\/www.frankeurope.com\/en\/wp-json\/wp\/v2\/pages\/58527\/revisions"}],"wp:attachment":[{"href":"https:\/\/www.frankeurope.com\/en\/wp-json\/wp\/v2\/media?parent=58527"}],"curies":[{"name":"wp","href":"https:\/\/api.w.org\/{rel}","templated":true}]}}