{"id":58515,"date":"2015-06-11T16:03:51","date_gmt":"2015-06-11T14:03:51","guid":{"rendered":"http:\/\/frankeurope.com\/impressum\/"},"modified":"2024-07-12T11:50:08","modified_gmt":"2024-07-12T09:50:08","slug":"imprint","status":"publish","type":"page","link":"https:\/\/www.frankeurope.com\/en\/imprint\/","title":{"rendered":"Imprint"},"content":{"rendered":"<div class=\"wpb-content-wrapper\"><p>[vc_row row_height_percent=&#8221;0&#8243; override_padding=&#8221;yes&#8221; h_padding=&#8221;2&#8243; top_padding=&#8221;3&#8243; bottom_padding=&#8221;3&#8243;][vc_column width=&#8221;1\/1&#8243;][vc_wp_text title=&#8221;IMPRINT&#8221;]Frank Europe GmbH<br \/>\nSchwabenheimer Weg 111<br \/>\nD-55543 Bad Kreuznach<br \/>\nGermany<\/p>\n<p>Phone: +49 (0) 671 79 65 6 0<br \/>\nFax: +49 (0) 671 79 65 6 11<\/p>\n<p>E-Mail: <a href=\"https:\/\/www.frankeurope.com\/en\/contact\/\">info@frankeurope.com<\/a><br \/>\nInternet: <a href=\"https:\/\/www.frankeurope.com\/en\/\">https:\/\/www.frankeurope.com<\/a><\/p>\n<p>Frank Europe GmbH is represented by the personally liable partner: Frank Europe GmbH, HRB 4709, AG Bad Kreuznach<br \/>\nThe GmbH is represented by: Thomas Kurz &amp; Philippe Plessers<\/p>\n<p>Register jurisdiction: AG Bad Kreuznach<br \/>\nCommercial Register Registration number: HRB 4709<\/p>\n<p>Umsatzsteuer-Identifikationsnummer (VAT identification number) according to \u00a7 27a of the Umsatzsteuergesetz (UStG, Sales Tax Law): DE813487003<\/p>\n<p>Project Director: Michael Makko<\/p>\n<p>&#8212;&#8212;&#8212;&#8212;&#8212;&#8212;&#8212;&#8212;&#8212;&#8212;<br \/>\nFremdbildverwendungen:<br \/>\n\u00a9 Sunny studio &#8211; Fotolia.com<br \/>\n\u00a9 gedzun &#8211; Fotolia.com<br \/>\n[\/vc_wp_text][\/vc_column][\/vc_row]<\/p>\n<\/div>","protected":false},"excerpt":{"rendered":"<p>[vc_row row_height_percent=&#8221;0&#8243; override_padding=&#8221;yes&#8221; h_padding=&#8221;2&#8243; top_padding=&#8221;3&#8243; bottom_padding=&#8221;3&#8243;][vc_column width=&#8221;1\/1&#8243;][vc_wp_text title=&#8221;IMPRINT&#8221;]Frank Europe GmbH Schwabenheimer Weg 111 D-55543 Bad Kreuznach Germany Phone: +49 (0) [&hellip;]<\/p>\n","protected":false},"author":1,"featured_media":0,"parent":0,"menu_order":99,"comment_status":"closed","ping_status":"closed","template":"","meta":{"footnotes":""},"class_list":["post-58515","page","type-page","status-publish","hentry"],"yoast_head":"<!-- This site is optimized with the Yoast SEO Premium plugin v27.4 (Yoast SEO v27.4) - https:\/\/yoast.com\/product\/yoast-seo-premium-wordpress\/ -->\n<title>FRANK&#039;s Imprint - We are Museum Showcase Experts<\/title>\n<meta name=\"description\" content=\"Here you will find FRANK&#039;s imprint. Frank are leading international museum showcase experts. Our museum display cases are globally renowned.\" \/>\n<meta name=\"robots\" content=\"index, follow, max-snippet:-1, max-image-preview:large, max-video-preview:-1\" \/>\n<link rel=\"canonical\" href=\"https:\/\/www.frankeurope.com\/en\/imprint\/\" \/>\n<meta property=\"og:locale\" content=\"en_US\" \/>\n<meta property=\"og:type\" content=\"article\" \/>\n<meta property=\"og:title\" content=\"FRANK&#039;s Imprint - We are Museum Showcase Experts\" \/>\n<meta property=\"og:description\" content=\"Here you will find FRANK&#039;s imprint. Frank are leading international museum showcase experts. Our museum display cases are globally renowned.\" \/>\n<meta property=\"og:url\" content=\"https:\/\/www.frankeurope.com\/en\/imprint\/\" \/>\n<meta property=\"og:site_name\" content=\"FRANK Museum Display Showcases\" \/>\n<meta property=\"article:publisher\" content=\"https:\/\/www.facebook.com\/frank.showcases\" \/>\n<meta property=\"article:modified_time\" content=\"2024-07-12T09:50:08+00:00\" \/>\n<meta property=\"og:image\" content=\"https:\/\/www.frankeurope.com\/wp-content\/uploads\/2016\/08\/frank_facebook_site2-1.jpg\" \/>\n\t<meta property=\"og:image:width\" content=\"1200\" \/>\n\t<meta property=\"og:image:height\" content=\"628\" \/>\n\t<meta property=\"og:image:type\" content=\"image\/jpeg\" \/>\n<meta name=\"twitter:card\" content=\"summary_large_image\" \/>\n<meta name=\"twitter:site\" content=\"@frankeurope\" \/>\n<meta name=\"twitter:label1\" content=\"Est. reading time\" \/>\n\t<meta name=\"twitter:data1\" content=\"1 minute\" \/>\n<script type=\"application\/ld+json\" class=\"yoast-schema-graph\">{\"@context\":\"https:\\\/\\\/schema.org\",\"@graph\":[{\"@type\":\"WebPage\",\"@id\":\"https:\\\/\\\/www.frankeurope.com\\\/en\\\/imprint\\\/\",\"url\":\"https:\\\/\\\/www.frankeurope.com\\\/en\\\/imprint\\\/\",\"name\":\"FRANK's Imprint - We are Museum Showcase Experts\",\"isPartOf\":{\"@id\":\"https:\\\/\\\/www.frankeurope.com\\\/#website\"},\"datePublished\":\"2015-06-11T14:03:51+00:00\",\"dateModified\":\"2024-07-12T09:50:08+00:00\",\"description\":\"Here you will find FRANK's imprint. Frank are leading international museum showcase experts. Our museum display cases are globally renowned.\",\"inLanguage\":\"en-US\",\"potentialAction\":[{\"@type\":\"ReadAction\",\"target\":[\"https:\\\/\\\/www.frankeurope.com\\\/en\\\/imprint\\\/\"]}]},{\"@type\":\"WebSite\",\"@id\":\"https:\\\/\\\/www.frankeurope.com\\\/#website\",\"url\":\"https:\\\/\\\/www.frankeurope.com\\\/\",\"name\":\"FRANK Museums Vitrinen\",\"description\":\"Precision german engineering for museum showcases\",\"publisher\":{\"@id\":\"https:\\\/\\\/www.frankeurope.com\\\/#organization\"},\"potentialAction\":[{\"@type\":\"SearchAction\",\"target\":{\"@type\":\"EntryPoint\",\"urlTemplate\":\"https:\\\/\\\/www.frankeurope.com\\\/?s={search_term_string}\"},\"query-input\":{\"@type\":\"PropertyValueSpecification\",\"valueRequired\":true,\"valueName\":\"search_term_string\"}}],\"inLanguage\":\"en-US\"},{\"@type\":\"Organization\",\"@id\":\"https:\\\/\\\/www.frankeurope.com\\\/#organization\",\"name\":\"FRANK Europe GmbH\",\"url\":\"https:\\\/\\\/www.frankeurope.com\\\/\",\"logo\":{\"@type\":\"ImageObject\",\"inLanguage\":\"en-US\",\"@id\":\"https:\\\/\\\/www.frankeurope.com\\\/#\\\/schema\\\/logo\\\/image\\\/\",\"url\":\"https:\\\/\\\/www.frankeurope.com\\\/wp-content\\\/uploads\\\/2019\\\/10\\\/frank-europe-favicon.png\",\"contentUrl\":\"https:\\\/\\\/www.frankeurope.com\\\/wp-content\\\/uploads\\\/2019\\\/10\\\/frank-europe-favicon.png\",\"width\":474,\"height\":474,\"caption\":\"FRANK Europe GmbH\"},\"image\":{\"@id\":\"https:\\\/\\\/www.frankeurope.com\\\/#\\\/schema\\\/logo\\\/image\\\/\"},\"sameAs\":[\"https:\\\/\\\/www.facebook.com\\\/frank.showcases\",\"https:\\\/\\\/x.com\\\/frankeurope\",\"https:\\\/\\\/www.instagram.com\\\/frank.museum.showcases\\\/\",\"https:\\\/\\\/www.linkedin.com\\\/company\\\/frank-europe-gmbh?trk=hb_tab_compy_id_3013411\",\"https:\\\/\\\/www.pinterest.de\\\/frankeurope\\\/\",\"https:\\\/\\\/www.youtube.com\\\/user\\\/frankeurope?feature=watch\"],\"description\":\"Die FRANK Europe GmbH ist ein weltweit f\u00fchrender Spezialist f\u00fcr hochwertige Vitrinensysteme und Pr\u00e4sentationsl\u00f6sungen, die vor allem in Museen, Galerien und im exklusiven Ladenbau zum Einsatz kommen. Das Herzst\u00fcck ist das patentierte FRANK-System, das durch eine pr\u00e4zise Verbindungstechnik von Acrylglas und Aluminiumprofilen eine schnelle, werkzeuglose Montage sowie maximale Flexibilit\u00e4t erm\u00f6glicht.\"}]}<\/script>\n<!-- \/ Yoast SEO Premium plugin. -->","yoast_head_json":{"title":"FRANK's Imprint - We are Museum Showcase Experts","description":"Here you will find FRANK's imprint. Frank are leading international museum showcase experts. Our museum display cases are globally renowned.","robots":{"index":"index","follow":"follow","max-snippet":"max-snippet:-1","max-image-preview":"max-image-preview:large","max-video-preview":"max-video-preview:-1"},"canonical":"https:\/\/www.frankeurope.com\/en\/imprint\/","og_locale":"en_US","og_type":"article","og_title":"FRANK's Imprint - We are Museum Showcase Experts","og_description":"Here you will find FRANK's imprint. Frank are leading international museum showcase experts. Our museum display cases are globally renowned.","og_url":"https:\/\/www.frankeurope.com\/en\/imprint\/","og_site_name":"FRANK Museum Display Showcases","article_publisher":"https:\/\/www.facebook.com\/frank.showcases","article_modified_time":"2024-07-12T09:50:08+00:00","og_image":[{"width":1200,"height":628,"url":"https:\/\/www.frankeurope.com\/wp-content\/uploads\/2016\/08\/frank_facebook_site2-1.jpg","type":"image\/jpeg"}],"twitter_card":"summary_large_image","twitter_site":"@frankeurope","twitter_misc":{"Est. reading time":"1 minute"},"schema":{"@context":"https:\/\/schema.org","@graph":[{"@type":"WebPage","@id":"https:\/\/www.frankeurope.com\/en\/imprint\/","url":"https:\/\/www.frankeurope.com\/en\/imprint\/","name":"FRANK's Imprint - We are Museum Showcase Experts","isPartOf":{"@id":"https:\/\/www.frankeurope.com\/#website"},"datePublished":"2015-06-11T14:03:51+00:00","dateModified":"2024-07-12T09:50:08+00:00","description":"Here you will find FRANK's imprint. Frank are leading international museum showcase experts. Our museum display cases are globally renowned.","inLanguage":"en-US","potentialAction":[{"@type":"ReadAction","target":["https:\/\/www.frankeurope.com\/en\/imprint\/"]}]},{"@type":"WebSite","@id":"https:\/\/www.frankeurope.com\/#website","url":"https:\/\/www.frankeurope.com\/","name":"FRANK Museums Vitrinen","description":"Precision german engineering for museum showcases","publisher":{"@id":"https:\/\/www.frankeurope.com\/#organization"},"potentialAction":[{"@type":"SearchAction","target":{"@type":"EntryPoint","urlTemplate":"https:\/\/www.frankeurope.com\/?s={search_term_string}"},"query-input":{"@type":"PropertyValueSpecification","valueRequired":true,"valueName":"search_term_string"}}],"inLanguage":"en-US"},{"@type":"Organization","@id":"https:\/\/www.frankeurope.com\/#organization","name":"FRANK Europe GmbH","url":"https:\/\/www.frankeurope.com\/","logo":{"@type":"ImageObject","inLanguage":"en-US","@id":"https:\/\/www.frankeurope.com\/#\/schema\/logo\/image\/","url":"https:\/\/www.frankeurope.com\/wp-content\/uploads\/2019\/10\/frank-europe-favicon.png","contentUrl":"https:\/\/www.frankeurope.com\/wp-content\/uploads\/2019\/10\/frank-europe-favicon.png","width":474,"height":474,"caption":"FRANK Europe GmbH"},"image":{"@id":"https:\/\/www.frankeurope.com\/#\/schema\/logo\/image\/"},"sameAs":["https:\/\/www.facebook.com\/frank.showcases","https:\/\/x.com\/frankeurope","https:\/\/www.instagram.com\/frank.museum.showcases\/","https:\/\/www.linkedin.com\/company\/frank-europe-gmbh?trk=hb_tab_compy_id_3013411","https:\/\/www.pinterest.de\/frankeurope\/","https:\/\/www.youtube.com\/user\/frankeurope?feature=watch"],"description":"Die FRANK Europe GmbH ist ein weltweit f\u00fchrender Spezialist f\u00fcr hochwertige Vitrinensysteme und Pr\u00e4sentationsl\u00f6sungen, die vor allem in Museen, Galerien und im exklusiven Ladenbau zum Einsatz kommen. Das Herzst\u00fcck ist das patentierte FRANK-System, das durch eine pr\u00e4zise Verbindungstechnik von Acrylglas und Aluminiumprofilen eine schnelle, werkzeuglose Montage sowie maximale Flexibilit\u00e4t erm\u00f6glicht."}]}},"_links":{"self":[{"href":"https:\/\/www.frankeurope.com\/en\/wp-json\/wp\/v2\/pages\/58515","targetHints":{"allow":["GET"]}}],"collection":[{"href":"https:\/\/www.frankeurope.com\/en\/wp-json\/wp\/v2\/pages"}],"about":[{"href":"https:\/\/www.frankeurope.com\/en\/wp-json\/wp\/v2\/types\/page"}],"author":[{"embeddable":true,"href":"https:\/\/www.frankeurope.com\/en\/wp-json\/wp\/v2\/users\/1"}],"replies":[{"embeddable":true,"href":"https:\/\/www.frankeurope.com\/en\/wp-json\/wp\/v2\/comments?post=58515"}],"version-history":[{"count":0,"href":"https:\/\/www.frankeurope.com\/en\/wp-json\/wp\/v2\/pages\/58515\/revisions"}],"wp:attachment":[{"href":"https:\/\/www.frankeurope.com\/en\/wp-json\/wp\/v2\/media?parent=58515"}],"curies":[{"name":"wp","href":"https:\/\/api.w.org\/{rel}","templated":true}]}}